{"id":712628,"date":"2025-08-27T16:57:58","date_gmt":"2025-08-27T13:57:58","guid":{"rendered":"https:\/\/roveyayinevi.com.tr\/index.php\/urun\/hakka-sigindik-isitilmedik-bir-vaka\/"},"modified":"2026-04-16T02:21:04","modified_gmt":"2026-04-15T23:21:04","slug":"hakka-sigindik-isitilmedik-bir-vaka","status":"publish","type":"product","link":"https:\/\/roveyayinevi.com.tr\/index.php\/urun\/hakka-sigindik-isitilmedik-bir-vaka\/","title":{"rendered":"Hakka S\u0131\u011f\u0131nd\u0131k &#8211; \u0130\u015fitilmedik Bir Vaka"},"content":{"rendered":"<p>H\u00fcseyin Rahmi Gu\u0308rp\u0131nar, o d\u00f6nem du\u0308nyay\u0131 kas\u0131p kavuran ve yoksullar\u0131 k\u0131r\u0131p ge\u00e7iren \u0130spanyol nezlesinden yola \u00e7\u0131karak i\u015fledi\u011fi Hakka S\u0131\u011f\u0131nd\u0131k roman\u0131nda, yoksul insanlar\u0131n k\u0131r\u0131ld\u0131\u011f\u0131 bu salg\u0131n s\u0131ras\u0131nda servetlerine servet katan Sultan Abdu\u0308lhamit devri zenginlerini ve u\u0308fu\u0308ru\u0308k\u00e7u\u0308lerden medet uman halk\u0131 bir polisin sorgulamalar\u0131 bi\u00e7iminde anlatm\u0131\u015ft\u0131r. Roman\u0131n alt ba\u015fl\u0131\u011f\u0131 \u0130\u015fitilmedik Bir Vaka\u2019d\u0131r. H\u00fcseyin Rahmi G\u00fcrp\u0131nar, Tanzimat, Servet-i F\u00fcnun, Me\u015frutiyet ve Cumhuriyet d\u00f6nemlerinde eser vermi\u015f bir yazar\u0131m\u0131zd\u0131r. G\u00fcrp\u0131nar\u2019\u0131n romanlar\u0131ndaki karakterler toplumun her kesiminden, her ya\u015f grubundan se\u00e7ilmi\u015ftir. Romanlarda bu karakterler ger\u00e7ek hayattaki gibi konu\u015fturulurlar. E\u011fitimlerine uygun s\u00f6z da\u011farc\u0131klar\u0131, a\u011f\u0131z \u00f6zellikleri, \u015fiveleri, ifade bi\u00e7imleri, kulland\u0131klar\u0131 argo s\u00f6zler yaz\u0131ya ge\u00e7irilmi\u015ftir. <\/p>\n","protected":false},"excerpt":{"rendered":"<p>H\u00fcseyin Rahmi Gu\u0308rp\u0131nar, o d\u00f6nem du\u0308nyay\u0131 kas\u0131p kavuran ve yoksullar\u0131 k\u0131r\u0131p ge\u00e7iren \u0130spanyol nezlesinden yola \u00e7\u0131karak i\u015fledi\u011fi Hakka S\u0131\u011f\u0131nd\u0131k roman\u0131nda, yoksul insanlar\u0131n k\u0131r\u0131ld\u0131\u011f\u0131 bu salg\u0131n s\u0131ras\u0131nda<span class=\"excerpt-hellip\"> [\u2026]<\/span><\/p>\n","protected":false},"featured_media":0,"template":"","meta":{"_monsterinsights_skip_tracking":false,"_monsterinsights_sitenote_active":false,"_monsterinsights_sitenote_note":"","_monsterinsights_sitenote_category":0},"product_brand":[],"product_cat":[12274,20117],"product_tag":[],"class_list":{"0":"post-712628","1":"product","2":"type-product","3":"status-publish","5":"product_cat-cocuk-ve-genclik-kitaplari","6":"product_cat-turk-klasikleri","7":"pa_cilt-ciltsiz","8":"pa_tur-kitap","9":"pa_yayinevi-ayrinti-yayinlari","10":"pa_yazar-huseyin-rahmi-gurpinar","12":"first","13":"instock","14":"sale","15":"shipping-taxable","16":"purchasable","17":"product-type-simple"},"_links":{"self":[{"href":"https:\/\/roveyayinevi.com.tr\/index.php\/wp-json\/wp\/v2\/product\/712628","targetHints":{"allow":["GET"]}}],"collection":[{"href":"https:\/\/roveyayinevi.com.tr\/index.php\/wp-json\/wp\/v2\/product"}],"about":[{"href":"https:\/\/roveyayinevi.com.tr\/index.php\/wp-json\/wp\/v2\/types\/product"}],"wp:attachment":[{"href":"https:\/\/roveyayinevi.com.tr\/index.php\/wp-json\/wp\/v2\/media?parent=712628"}],"wp:term":[{"taxonomy":"product_brand","embeddable":true,"href":"https:\/\/roveyayinevi.com.tr\/index.php\/wp-json\/wp\/v2\/product_brand?post=712628"},{"taxonomy":"product_cat","embeddable":true,"href":"https:\/\/roveyayinevi.com.tr\/index.php\/wp-json\/wp\/v2\/product_cat?post=712628"},{"taxonomy":"product_tag","embeddable":true,"href":"https:\/\/roveyayinevi.com.tr\/index.php\/wp-json\/wp\/v2\/product_tag?post=712628"}],"curies":[{"name":"wp","href":"https:\/\/api.w.org\/{rel}","templated":true}]}}