{"id":712627,"date":"2025-08-27T16:57:58","date_gmt":"2025-08-27T13:57:58","guid":{"rendered":"https:\/\/roveyayinevi.com.tr\/index.php\/urun\/tek-allah-tek-din-tek-kitap\/"},"modified":"2026-04-16T02:21:04","modified_gmt":"2026-04-15T23:21:04","slug":"tek-allah-tek-din-tek-kitap","status":"publish","type":"product","link":"https:\/\/roveyayinevi.com.tr\/index.php\/urun\/tek-allah-tek-din-tek-kitap\/","title":{"rendered":"Tek Allah Tek Din Tek Kitap"},"content":{"rendered":"<p>\u0130nsana m\u00e2nev\u00ee y\u00f6nden ula\u015fabilen, onu kucaklayan, sar\u0131p sarmalayan, g\u00f6nl\u00fcne seslenen, k\u0131saca hakikate terc\u00fcman olabilen yeni bir din diline ihtiyac\u0131m\u0131z oldu\u011fu muhakkakt\u0131r. Bu dil \u0131rk\/iklim\/renk\/s\u0131n\u0131r g\u00f6zetmeden t\u00fcm insanl\u0131\u011f\u0131 ku\u015fatacak evrensel bir karakterde\/\u00e7izgide olmal\u0131d\u0131r. Allah, \u00e2lemlerin Rabbi\u2019dir; son res\u00fbl\u00fcn\u00fc de \u00e2lemlere rahmet olarak g\u00f6ndermi\u015ftir. O zaman bu son \u00e7a\u011fr\u0131n\u0131n\/vahyin dili de \u00e2lemleri hesaba katan bir y\u00f6ntem\/metodoloji izlemelidir. \u0130deal bir d\u00fcnya, yaln\u0131z ve yaln\u0131z \u00e7ok y\u00fcksek boyutlar\u0131 olan ve insanl\u0131\u011f\u0131n \u00f6zg\u00fcr iradesiyle severek izleyece\u011fi evrensel bir din dili sayesinde kurulabilir. Bu evrensel yeni din dili; Tek Allah, Tek Din, Tek Kitap metodolojisi \u00fczerine kurulmal\u0131d\u0131r. Kur\u2019\u00e2n\u2019\u0131n insanl\u0131\u011fa ilk \u00e7a\u011fr\u0131s\u0131 \u201cortak bir kelime\u201dde bulu\u015fmakt\u0131r. Bu \u00e7a\u011fr\u0131n\u0131n a\u00e7\u0131l\u0131m\u0131; \u015firke bula\u015fmadan Tek olan Allah\u2019a imand\u0131r yani tevhiddir. Tevhid, ayn\u0131 hakikatin b\u00fct\u00fcn zamanlarda b\u00fct\u00fcn olu\u015flara h\u00e2kimiyetidir. \u0130kinci s\u0131rada, yery\u00fcz\u00fcnde g\u00f6r\u00fcnen sosyolojik bir ger\u00e7eklik\/\u00e7e\u015fitlilik olsa da dinler de\u011fil; Tek din \u00e7a\u011fr\u0131s\u0131 yer almal\u0131d\u0131r. Tek din, tek olan Allah\u2019a teslim olmak anlam\u0131nda \u0130sl\u00e2m\u2019d\u0131r. \u0130sl\u00e2m\u2019\u0131n hi\u00e7bir emir ve yasa\u011f\u0131, b\u00fct\u00fcn insanl\u0131k muhatap al\u0131nmadan dile getirilmemi\u015ftir. Yeni din dilinin sonuncu \u00e7a\u011fr\u0131s\u0131 ise; Tek Kitap\/Vahy\u00fczerinden olmal\u0131d\u0131r. Bu anlamda elimizde bulunan tek kaynak Kur\u2019\u00e2n\u2019d\u0131r. Anla\u015f\u0131l\u0131yor ki; ancak bu dilin sahipleri, insan\u0131n g\u00f6nl\u00fcne, onu hayat\u0131n kayna\u011f\u0131 ile bulu\u015fturacak bir y\u00fcr\u00fcy\u00fc\u015f a\u015fk\u0131 ve ayd\u0131nl\u0131k\/n\u00fbr ak\u0131tabilirler. \u00c7\u00fcnk\u00fc onlar; a\u00e7\u0131k y\u00fcrekli, do\u011fru s\u00f6zl\u00fc, samimi, ileri g\u00f6r\u00fc\u015fl\u00fc olup \u015fekli\/kaprisi\/pe\u015fin h\u00fckm\u00fc\/kini a\u015farak evrensel bir ki\u015filik h\u00e2line gelmi\u015flerdir. \u0130\u015fte elinizdeki kitap, bu yeni din diline dikkat \u00e7ekme endi\u015fesi ad\u0131na at\u0131lm\u0131\u015f k\u00fc\u00e7\u00fck bir ad\u0131m denemesidir. \u0130nan\u0131yoruz ki;  samimi, yetenekli ve donan\u0131ml\u0131 okuyucular\u0131m\u0131z, bu k\u00fc\u00e7\u00fck ad\u0131m\u0131 \u00e7ok daha ileri noktalara ta\u015f\u0131yacaklard\u0131r. <\/p>\n","protected":false},"excerpt":{"rendered":"<p>\u0130nsana m\u00e2nev\u00ee y\u00f6nden ula\u015fabilen, onu kucaklayan, sar\u0131p sarmalayan, g\u00f6nl\u00fcne seslenen, k\u0131saca hakikate terc\u00fcman olabilen yeni bir din diline ihtiyac\u0131m\u0131z oldu\u011fu muhakkakt\u0131r. Bu dil \u0131rk\/iklim\/renk\/s\u0131n\u0131r g\u00f6zetmeden t\u00fcm<span class=\"excerpt-hellip\"> [\u2026]<\/span><\/p>\n","protected":false},"featured_media":0,"template":"","meta":{"_monsterinsights_skip_tracking":false,"_monsterinsights_sitenote_active":false,"_monsterinsights_sitenote_note":"","_monsterinsights_sitenote_category":0},"product_brand":[],"product_cat":[12718,12719,15238],"product_tag":[],"class_list":{"0":"post-712627","1":"product","2":"type-product","3":"status-publish","5":"product_cat-din","6":"product_cat-islam","7":"product_cat-tasavvuf","8":"pa_cilt-ciltsiz","9":"pa_tur-kitap","10":"pa_yayinevi-hayykitap","11":"pa_yazar-necmettin-sahinler","13":"first","14":"instock","15":"sale","16":"shipping-taxable","17":"purchasable","18":"product-type-simple"},"_links":{"self":[{"href":"https:\/\/roveyayinevi.com.tr\/index.php\/wp-json\/wp\/v2\/product\/712627","targetHints":{"allow":["GET"]}}],"collection":[{"href":"https:\/\/roveyayinevi.com.tr\/index.php\/wp-json\/wp\/v2\/product"}],"about":[{"href":"https:\/\/roveyayinevi.com.tr\/index.php\/wp-json\/wp\/v2\/types\/product"}],"wp:attachment":[{"href":"https:\/\/roveyayinevi.com.tr\/index.php\/wp-json\/wp\/v2\/media?parent=712627"}],"wp:term":[{"taxonomy":"product_brand","embeddable":true,"href":"https:\/\/roveyayinevi.com.tr\/index.php\/wp-json\/wp\/v2\/product_brand?post=712627"},{"taxonomy":"product_cat","embeddable":true,"href":"https:\/\/roveyayinevi.com.tr\/index.php\/wp-json\/wp\/v2\/product_cat?post=712627"},{"taxonomy":"product_tag","embeddable":true,"href":"https:\/\/roveyayinevi.com.tr\/index.php\/wp-json\/wp\/v2\/product_tag?post=712627"}],"curies":[{"name":"wp","href":"https:\/\/api.w.org\/{rel}","templated":true}]}}