{"id":712626,"date":"2025-08-27T16:57:57","date_gmt":"2025-08-27T13:57:57","guid":{"rendered":"https:\/\/roveyayinevi.com.tr\/index.php\/urun\/aslinda-guclu-degilmisim-erkeklerin-ruhsal-hastalik-deneyimleri\/"},"modified":"2026-04-16T02:21:04","modified_gmt":"2026-04-15T23:21:04","slug":"aslinda-guclu-degilmisim-erkeklerin-ruhsal-hastalik-deneyimleri","status":"publish","type":"product","link":"https:\/\/roveyayinevi.com.tr\/index.php\/urun\/aslinda-guclu-degilmisim-erkeklerin-ruhsal-hastalik-deneyimleri\/","title":{"rendered":"\u2018Asl\u0131nda G\u00fc\u00e7l\u00fc De\u011filmi\u015fim\u2019: Erkeklerin Ruhsal Hastal\u0131k Deneyimleri"},"content":{"rendered":"<p>&#8220;Yani toplumun bize vermi\u015f oldu\u011fu bu \u00fcst\u00fcm\u00fcze binen y\u00fck, erkeklik y\u00fck\u00fc var ya, bu erkeklerin tamam\u0131n\u0131, bence tamam\u0131n\u0131, y\u00fczde 5&#8217;lik bir dilim var veya yok, \u00e7ok g\u00fc\u00e7l\u00fc bir psikolojisi olan insanlar vard\u0131r, bilemiyorum. Hepimizi \u00e7ok etkiliyor, ruhsal y\u00f6nden \u00e7ok \u00e7\u00f6k\u00fcnt\u00fcye u\u011frat\u0131yor, bunu da hi\u00e7bir zaman kimse dile getiremiyor&#8230;&#8221; &#8220;Di\u011fer erkekler sanki hani onlar sa\u011fl\u0131kl\u0131, onlar hayat\u0131na, g\u00fcnl\u00fck ya\u015fant\u0131s\u0131na gayet normal devam ediyor, ama ben tam anlam\u0131yla normal devam edemiyorum. Ben tam normal bir adam de\u011filmi\u015fim gibi geliyor bana, bu sorunlar var kafamda&#8230;&#8221; &#8221;Ben biliyorum psikiyatrinin ne oldu\u011funu da, \u00e7ok bunal\u0131nca geldim de, \u00f6b\u00fcr adam toz kondurur mu kendine de gelir mi? M\u00fcmk\u00fcn de\u011fil getiremezsin ya, m\u00fcmk\u00fcn de\u011fil diyom. Bak, ben 4 sene gelmemi\u015fim bu i\u015fleri bildi\u011fim halde psikiyatriye&#8230; &#8221; Ruh sa\u011fl\u0131\u011f\u0131 sorunu ya\u015fayan erkeklerin anlat\u0131m\u0131ndan. Bu \u00e7al\u0131\u015fma, ruh sa\u011fl\u0131\u011f\u0131 ve erkeklik ili\u015fkisini ele alarak ruh sa\u011fl\u0131\u011f\u0131 sorunu ya\u015fayan erkeklerin ya\u015fam deneyimlerini g\u00f6r\u00fcn\u00fcr k\u0131lmaya ve anlamaya odaklanm\u0131\u015ft\u0131r. Erkeklerin ruhsal hastal\u0131k deneyimini anlamak hem erkekler hem de erkeklerin etkile\u015fim i\u00e7inde oldu\u011fu sistemler a\u00e7\u0131s\u0131ndan \u00f6nem ta\u015f\u0131maktad\u0131r. <\/p>\n","protected":false},"excerpt":{"rendered":"<p>&#8220;Yani toplumun bize vermi\u015f oldu\u011fu bu \u00fcst\u00fcm\u00fcze binen y\u00fck, erkeklik y\u00fck\u00fc var ya, bu erkeklerin tamam\u0131n\u0131, bence tamam\u0131n\u0131, y\u00fczde 5&#8217;lik bir dilim var veya yok, \u00e7ok<span class=\"excerpt-hellip\"> [\u2026]<\/span><\/p>\n","protected":false},"featured_media":0,"template":"","meta":{"_monsterinsights_skip_tracking":false,"_monsterinsights_sitenote_active":false,"_monsterinsights_sitenote_note":"","_monsterinsights_sitenote_category":0},"product_brand":[],"product_cat":[12358,12357],"product_tag":[],"class_list":{"0":"post-712626","1":"product","2":"type-product","3":"status-publish","5":"product_cat-genel-psikoloji","6":"product_cat-psikoloji","7":"pa_cilt-ciltsiz","8":"pa_tur-kitap","9":"pa_yayinevi-nika-yayinevi","10":"pa_yazar-sinan-akcay","12":"first","13":"instock","14":"sale","15":"shipping-taxable","16":"purchasable","17":"product-type-simple"},"_links":{"self":[{"href":"https:\/\/roveyayinevi.com.tr\/index.php\/wp-json\/wp\/v2\/product\/712626","targetHints":{"allow":["GET"]}}],"collection":[{"href":"https:\/\/roveyayinevi.com.tr\/index.php\/wp-json\/wp\/v2\/product"}],"about":[{"href":"https:\/\/roveyayinevi.com.tr\/index.php\/wp-json\/wp\/v2\/types\/product"}],"wp:attachment":[{"href":"https:\/\/roveyayinevi.com.tr\/index.php\/wp-json\/wp\/v2\/media?parent=712626"}],"wp:term":[{"taxonomy":"product_brand","embeddable":true,"href":"https:\/\/roveyayinevi.com.tr\/index.php\/wp-json\/wp\/v2\/product_brand?post=712626"},{"taxonomy":"product_cat","embeddable":true,"href":"https:\/\/roveyayinevi.com.tr\/index.php\/wp-json\/wp\/v2\/product_cat?post=712626"},{"taxonomy":"product_tag","embeddable":true,"href":"https:\/\/roveyayinevi.com.tr\/index.php\/wp-json\/wp\/v2\/product_tag?post=712626"}],"curies":[{"name":"wp","href":"https:\/\/api.w.org\/{rel}","templated":true}]}}