{"id":712623,"date":"2025-08-27T16:57:56","date_gmt":"2025-08-27T13:57:56","guid":{"rendered":"https:\/\/roveyayinevi.com.tr\/index.php\/urun\/uzayda-piknik\/"},"modified":"2026-04-16T02:21:04","modified_gmt":"2026-04-15T23:21:04","slug":"uzayda-piknik","status":"publish","type":"product","link":"https:\/\/roveyayinevi.com.tr\/index.php\/urun\/uzayda-piknik\/","title":{"rendered":"Uzayda Piknik"},"content":{"rendered":"<p>\u201cHeyecan verici, canl\u0131 ve ho\u015f&#8230; Girift olaylar, yarat\u0131c\u0131 detaylar i\u00e7eren, etik ve entelekt\u00fcel a\u00e7\u0131dan sofistike bir eser.\u201d \u2013Ursula K. Le Guin \u201cM\u00fckemmel\u2026 Strugatskiler\u2019in sadakati ve h\u0131rs\u0131, dostlu\u011fu ve a\u015fk\u0131, umutsuzluk ve t\u00fckenmi\u015fli\u011fi marifetli ve yetenekli \u015fekilde ele almas\u0131 ortaya \u015fahane bir hik\u00e2ye \u00e7\u0131kar\u0131yor. Y\u0131llarca unutulmayacak bir kitap.\u201d \u2013Thedore Sturgeon Arkadi ve Boris Strugatski, entelekt\u00fcel a\u00e7\u0131dan k\u0131\u015fk\u0131rt\u0131c\u0131, inan\u0131lmaz e\u011flenceli, cesur ve ele\u015ftirel kitaplar\u0131yla \u201cSovyetler d\u00f6neminin en b\u00fcy\u00fck bilimkurgu yazarlar\u0131\u201d s\u0131fat\u0131n\u0131 hak eden yeg\u00e2ne ikili. Uzayda Piknik ise yazarlar\u0131n en \u00fcnl\u00fc ve ilham verici roman\u0131. Uzayl\u0131lar d\u00fcnyan\u0131n be\u015f b\u00f6lgesini ziyaret etmi\u015f ve giderken geriye \u201cat\u0131klar\u0131n\u0131\u201d b\u0131rakm\u0131\u015flard\u0131r.  Bu at\u0131klar, t\u00fcm d\u00fcnyada bir gizem yarat\u0131r ve end\u00fcstri ve bilim \u00e7evrelerinin de odak noktas\u0131 haline gelir. At\u0131klar\u0131n bulundu\u011fu yerler \u201cb\u00f6lge\u201d olarak adland\u0131r\u0131larak karantina alt\u0131na al\u0131n\u0131r ve bu b\u00f6lgeler \u00e7evrelerindeki \u015fehirleri ekonomik ve sosyal a\u00e7\u0131dan etkilemeye ba\u015flar. Redrick Schuhart, b\u00f6lgeden uzayl\u0131 at\u0131klar\u0131n\u0131 ka\u00e7\u0131r\u0131p satan bir \u201cstalker\u201d yani bir iz s\u00fcr\u00fcc\u00fcd\u00fcr. \u00c7o\u011fu insan gibi, hayat\u0131 yasak \u201cb\u00f6lge\u201d taraf\u0131ndan \u015fekillendirilen Red ve bilim insan\u0131 arkada\u015f\u0131 Kiril\u2019in bir \u201czamazingo\u201d elde etmek amac\u0131yla buraya yapt\u0131klar\u0131 yolculuk ise beklenmedik olaylara sebep olur\u2026 Tarkovski\u2019nin Stalker ismiyle beyaz perdeye uyarlad\u0131\u011f\u0131 felsefi hik\u00e2ye de i\u015fte burada ba\u015flar. Uzayl\u0131lar\u0131n d\u00fcnyaya yapt\u0131\u011f\u0131 bu ziyaret bir piknikten mi ibarettir? Yoksa arkas\u0131nda insan akl\u0131n\u0131n alamayaca\u011f\u0131 bir gizem mi yatmaktad\u0131r? <\/p>\n","protected":false},"excerpt":{"rendered":"<p>\u201cHeyecan verici, canl\u0131 ve ho\u015f&#8230; Girift olaylar, yarat\u0131c\u0131 detaylar i\u00e7eren, etik ve entelekt\u00fcel a\u00e7\u0131dan sofistike bir eser.\u201d \u2013Ursula K. Le Guin \u201cM\u00fckemmel\u2026 Strugatskiler\u2019in sadakati ve h\u0131rs\u0131,<span class=\"excerpt-hellip\"> [\u2026]<\/span><\/p>\n","protected":false},"featured_media":0,"template":"","meta":{"_monsterinsights_skip_tracking":false,"_monsterinsights_sitenote_active":false,"_monsterinsights_sitenote_note":"","_monsterinsights_sitenote_category":0},"product_brand":[],"product_cat":[12540,12291],"product_tag":[],"class_list":{"0":"post-712623","1":"product","2":"type-product","3":"status-publish","5":"product_cat-bilim-kurgu","6":"product_cat-edebiyat","7":"pa_cilt-ciltsiz","8":"pa_tur-kitap","9":"pa_yayinevi-ithaki-yayinlari","10":"pa_yazar-arkadi-strugatski-boris-strugatski","12":"first","13":"instock","14":"sale","15":"shipping-taxable","16":"purchasable","17":"product-type-simple"},"_links":{"self":[{"href":"https:\/\/roveyayinevi.com.tr\/index.php\/wp-json\/wp\/v2\/product\/712623","targetHints":{"allow":["GET"]}}],"collection":[{"href":"https:\/\/roveyayinevi.com.tr\/index.php\/wp-json\/wp\/v2\/product"}],"about":[{"href":"https:\/\/roveyayinevi.com.tr\/index.php\/wp-json\/wp\/v2\/types\/product"}],"wp:attachment":[{"href":"https:\/\/roveyayinevi.com.tr\/index.php\/wp-json\/wp\/v2\/media?parent=712623"}],"wp:term":[{"taxonomy":"product_brand","embeddable":true,"href":"https:\/\/roveyayinevi.com.tr\/index.php\/wp-json\/wp\/v2\/product_brand?post=712623"},{"taxonomy":"product_cat","embeddable":true,"href":"https:\/\/roveyayinevi.com.tr\/index.php\/wp-json\/wp\/v2\/product_cat?post=712623"},{"taxonomy":"product_tag","embeddable":true,"href":"https:\/\/roveyayinevi.com.tr\/index.php\/wp-json\/wp\/v2\/product_tag?post=712623"}],"curies":[{"name":"wp","href":"https:\/\/api.w.org\/{rel}","templated":true}]}}