{"id":712621,"date":"2025-08-27T16:57:55","date_gmt":"2025-08-27T13:57:55","guid":{"rendered":"https:\/\/roveyayinevi.com.tr\/index.php\/urun\/buyu-ve-nazardan-korunma\/"},"modified":"2026-04-16T02:21:04","modified_gmt":"2026-04-15T23:21:04","slug":"buyu-ve-nazardan-korunma","status":"publish","type":"product","link":"https:\/\/roveyayinevi.com.tr\/index.php\/urun\/buyu-ve-nazardan-korunma\/","title":{"rendered":"B\u00fcy\u00fc Ve Nazardan Korunma"},"content":{"rendered":"<p>\u201cMenfi Etkilerden, Depresif Hallerden,  Negatif Enerjilerden, Olumsuz Duygulardan ve  \u015eartlanm\u0131\u015fl\u0131klardan Kurtulun!\u201d B\u00fcy\u00fc, insano\u011flu tarihinin b\u00fcy\u00fck sayfalar\u0131n\u0131 kaplamaktad\u0131r. En sade insandan, krallar ve y\u00f6neticilere kadar bir\u00e7oklar\u0131 taraf\u0131ndan ilgi g\u00f6rm\u00fc\u015ft\u00fcr. \u00dclkeler b\u00fcy\u00fc ile y\u00f6netilmek istenmi\u015f, sava\u015f kararlar\u0131 b\u00fcy\u00fcc\u00fc ve falc\u0131lara dan\u0131\u015f\u0131larak al\u0131nm\u0131\u015ft\u0131r. \u0130nsano\u011flunun gizem merak\u0131 ve gelece\u011fi bilme iste\u011fi felaketleri beraberinde getirerek zelil bir son ya\u015famalar\u0131na sebep olmu\u015ftur. Hi\u00e7bir d\u00f6nemde b\u00fcy\u00fcc\u00fc ve falc\u0131lar h\u00fck\u00fcm sahibi olamam\u0131\u015f veya n\u00fcfuzlar\u0131 geni\u015f olmam\u0131\u015ft\u0131r. Tarihte hi\u00e7 b\u00f6yle bir \u00f6rnek yoktur. Aksine Allah\u2019\u0131n gazab\u0131n\u0131n alt\u0131nda ezilerek zelil ve rezil bir hayat s\u00fcrm\u00fc\u015flerdir. Hep filmlerde, masallarda, hik\u00e2yelerde \u00e7izilen b\u00fcy\u00fcc\u00fc ve falc\u0131 tiplemelerinin \u00e7irkin, \u00fcrk\u00fct\u00fcc\u00fc yani fiziksel olarak insanlar\u0131n bakmaya \u00e7ekinecekleri bir g\u00f6r\u00fcn\u00fc\u015fte olmalar\u0131 bu bili\u015fsel bilin\u00e7alt\u0131ndan kaynaklanmaktad\u0131r. Ge\u00e7mi\u015ften g\u00fcn\u00fcm\u00fcze gelen bilin\u00e7 bize; b\u00fcy\u00fcc\u00fcn\u00fcn fiziksel g\u00f6r\u00fcn\u00fc\u015f\u00fc gibi b\u00fcy\u00fc ve fal i\u015flerinin \u00e7irkinli\u011fini g\u00f6stermektedir. T\u00fcm bunlara ra\u011fmen gizli k\u00f6\u015felerde, kuytularda bu k\u00fclt\u00fcr devam edegelmi\u015ftir. \u015eeytan\u0131n bir oyunu olan b\u00fcy\u00fc, insanlar taraf\u0131ndan ra\u011fbet g\u00f6rmeye devam etmektedir. Bu ki\u015filer rahmetten gazaba do\u011fru seve seve ko\u015fmaya devam ediyorlar\u2026 Bu kitap sadece Allah Kelam\u0131 ile bize \u00f6\u011fretilen ayetler \u0131\u015f\u0131\u011f\u0131nda b\u00fcy\u00fc illetinden kurtulmak ve korunmak isteyenler i\u00e7in b\u00fcy\u00fc bozucu, cinci, b\u00fcy\u00fcc\u00fc ve \u00fcf\u00fcr\u00fck\u00e7\u00fclerin ellerinde bi\u00e7are olmamalar\u0131 maksad\u0131yla kaleme al\u0131nm\u0131\u015ft\u0131r. <\/p>\n","protected":false},"excerpt":{"rendered":"<p>\u201cMenfi Etkilerden, Depresif Hallerden, Negatif Enerjilerden, Olumsuz Duygulardan ve \u015eartlanm\u0131\u015fl\u0131klardan Kurtulun!\u201d B\u00fcy\u00fc, insano\u011flu tarihinin b\u00fcy\u00fck sayfalar\u0131n\u0131 kaplamaktad\u0131r. En sade insandan, krallar ve y\u00f6neticilere kadar bir\u00e7oklar\u0131 taraf\u0131ndan<span class=\"excerpt-hellip\"> [\u2026]<\/span><\/p>\n","protected":false},"featured_media":0,"template":"","meta":{"_monsterinsights_skip_tracking":false,"_monsterinsights_sitenote_active":false,"_monsterinsights_sitenote_note":"","_monsterinsights_sitenote_category":0},"product_brand":[],"product_cat":[36242,12566,13611],"product_tag":[],"class_list":{"0":"post-712621","1":"product","2":"type-product","3":"status-publish","5":"product_cat-diger-sozlukler-ve-konusma-kilavuzlari","6":"product_cat-egitim","7":"product_cat-sozlukler-ve-konusma-kilavuzlari","8":"pa_cilt-ciltsiz","9":"pa_tur-kitap","10":"pa_yayinevi-hayat-yayinlari","11":"pa_yazar-ali-selman-demirbag","13":"first","14":"instock","15":"sale","16":"shipping-taxable","17":"purchasable","18":"product-type-simple"},"_links":{"self":[{"href":"https:\/\/roveyayinevi.com.tr\/index.php\/wp-json\/wp\/v2\/product\/712621","targetHints":{"allow":["GET"]}}],"collection":[{"href":"https:\/\/roveyayinevi.com.tr\/index.php\/wp-json\/wp\/v2\/product"}],"about":[{"href":"https:\/\/roveyayinevi.com.tr\/index.php\/wp-json\/wp\/v2\/types\/product"}],"wp:attachment":[{"href":"https:\/\/roveyayinevi.com.tr\/index.php\/wp-json\/wp\/v2\/media?parent=712621"}],"wp:term":[{"taxonomy":"product_brand","embeddable":true,"href":"https:\/\/roveyayinevi.com.tr\/index.php\/wp-json\/wp\/v2\/product_brand?post=712621"},{"taxonomy":"product_cat","embeddable":true,"href":"https:\/\/roveyayinevi.com.tr\/index.php\/wp-json\/wp\/v2\/product_cat?post=712621"},{"taxonomy":"product_tag","embeddable":true,"href":"https:\/\/roveyayinevi.com.tr\/index.php\/wp-json\/wp\/v2\/product_tag?post=712621"}],"curies":[{"name":"wp","href":"https:\/\/api.w.org\/{rel}","templated":true}]}}