{"id":712620,"date":"2025-08-27T16:57:54","date_gmt":"2025-08-27T13:57:54","guid":{"rendered":"https:\/\/roveyayinevi.com.tr\/index.php\/urun\/genc-houdini-set-3-kitap\/"},"modified":"2026-04-16T02:21:03","modified_gmt":"2026-04-15T23:21:03","slug":"genc-houdini-set-3-kitap","status":"publish","type":"product","link":"https:\/\/roveyayinevi.com.tr\/index.php\/urun\/genc-houdini-set-3-kitap\/","title":{"rendered":"Gen\u00e7 Houdini Set (3 Kitap)"},"content":{"rendered":"<p>Harry Houdini, e\u015fsiz bir ill\u00fczyon sanat\u00e7\u0131s\u0131yd\u0131. \u00dczerinden bir y\u00fczy\u0131ldan fazla zaman ge\u00e7mesine ra\u011fmen oyunlar\u0131ndaki baz\u0131 s\u0131rlar\u0131 \u00e7\u00f6zebilen olmad\u0131.    Daha \u00f6nce hi\u00e7 g\u00f6r\u00fclmemi\u015f, korkun\u00e7 aksilikler ya\u015fayarak d\u00fcnyay\u0131 dola\u015ft\u0131. Buzlu g\u00f6llerin dibine batm\u0131\u015f \u00e7ivili sand\u0131klardan \u00e7\u0131kmay\u0131 ba\u015fard\u0131. Yetmi\u015f metre y\u00fckseklikte bir k\u00f6pr\u00fcde, kollar\u0131 arkadan ba\u011fl\u0131 as\u0131l\u0131 kald\u0131. Elini kolunu sallayarak herkesle alay edercesine oradan kurtuldu. Hi\u00e7bir zorlu\u011fa yenilmedi.                                              Gen\u00e7 Harry&#8217;nin, \u00fcnl\u00fc ve yenilmez Harry Houdini&#8217;ye d\u00f6n\u00fc\u015fme maceras\u0131n\u0131 merak edenlere!\u0130lk macerada, gen\u00e7 Harry ve sad\u0131k arkada\u015flar\u0131 Arthur ile Billie, Harry&#8217;nin hocas\u0131 Herbie Lemster&#8217;\u0131n gizemli kaybolu\u015funu ara\u015ft\u0131r\u0131yor. Ellerindeki ipu\u00e7lar\u0131; mor bir duman, g\u00fcm\u00fc\u015f y\u0131lan bir bro\u015f&#8230;Beyaz Karga Birli\u011fi&#8217;nde Harry ve arkada\u015flar\u0131 Mississippi Nehri&#8217;nin derin, karanl\u0131k kalbine yolculuk ediyorlar&#8230;Serinin \u00fc\u00e7\u00fcnc\u00fc kitab\u0131 Sessiz Suikast\u00e7\u0131&#8217;da, hay\u0131rsever bir kad\u0131n\u0131n suikast\u00e7\u0131s\u0131n\u0131 bulmaya ve silahl\u0131 adam\u0131 durdurmaya \u00e7al\u0131\u015f\u0131rlar! Harry, inan\u0131lmaz bir ka\u00e7\u0131s sanat\u00e7\u0131s\u0131, ancak suikast\u00e7\u0131 onu hedef ald\u0131\u011f\u0131nda nas\u0131l hayatta kalacak? <\/p>\n","protected":false},"excerpt":{"rendered":"<p>Harry Houdini, e\u015fsiz bir ill\u00fczyon sanat\u00e7\u0131s\u0131yd\u0131. \u00dczerinden bir y\u00fczy\u0131ldan fazla zaman ge\u00e7mesine ra\u011fmen oyunlar\u0131ndaki baz\u0131 s\u0131rlar\u0131 \u00e7\u00f6zebilen olmad\u0131. Daha \u00f6nce hi\u00e7 g\u00f6r\u00fclmemi\u015f, korkun\u00e7 aksilikler ya\u015fayarak d\u00fcnyay\u0131<span class=\"excerpt-hellip\"> [\u2026]<\/span><\/p>\n","protected":false},"featured_media":0,"template":"","meta":{"_monsterinsights_skip_tracking":false,"_monsterinsights_sitenote_active":false,"_monsterinsights_sitenote_note":"","_monsterinsights_sitenote_category":0},"product_brand":[],"product_cat":[12291,14777],"product_tag":[],"class_list":{"0":"post-712620","1":"product","2":"type-product","3":"status-publish","5":"product_cat-edebiyat","6":"product_cat-fantastik","7":"pa_cilt-set","8":"pa_tur-kitap","9":"pa_yayinevi-genc-timas","10":"pa_yazar-simon-nicholson","12":"first","13":"instock","14":"sale","15":"shipping-taxable","16":"purchasable","17":"product-type-simple"},"_links":{"self":[{"href":"https:\/\/roveyayinevi.com.tr\/index.php\/wp-json\/wp\/v2\/product\/712620","targetHints":{"allow":["GET"]}}],"collection":[{"href":"https:\/\/roveyayinevi.com.tr\/index.php\/wp-json\/wp\/v2\/product"}],"about":[{"href":"https:\/\/roveyayinevi.com.tr\/index.php\/wp-json\/wp\/v2\/types\/product"}],"wp:attachment":[{"href":"https:\/\/roveyayinevi.com.tr\/index.php\/wp-json\/wp\/v2\/media?parent=712620"}],"wp:term":[{"taxonomy":"product_brand","embeddable":true,"href":"https:\/\/roveyayinevi.com.tr\/index.php\/wp-json\/wp\/v2\/product_brand?post=712620"},{"taxonomy":"product_cat","embeddable":true,"href":"https:\/\/roveyayinevi.com.tr\/index.php\/wp-json\/wp\/v2\/product_cat?post=712620"},{"taxonomy":"product_tag","embeddable":true,"href":"https:\/\/roveyayinevi.com.tr\/index.php\/wp-json\/wp\/v2\/product_tag?post=712620"}],"curies":[{"name":"wp","href":"https:\/\/api.w.org\/{rel}","templated":true}]}}