{"id":712618,"date":"2025-08-27T16:57:53","date_gmt":"2025-08-27T13:57:53","guid":{"rendered":"https:\/\/roveyayinevi.com.tr\/index.php\/urun\/turk-romaninda-karnaval\/"},"modified":"2026-04-16T02:21:03","modified_gmt":"2026-04-15T23:21:03","slug":"turk-romaninda-karnaval","status":"publish","type":"product","link":"https:\/\/roveyayinevi.com.tr\/index.php\/urun\/turk-romaninda-karnaval\/","title":{"rendered":"T\u00fcrk Roman\u0131nda Karnaval"},"content":{"rendered":"<p>K\u00fclt\u00fcr\u00fcn kaynaklar\u0131na y\u00f6nelmi\u015f bir \u00e7al\u0131\u015fma, d\u0131\u015far\u0131dan, \u201ciktidar egemenlikleri i\u00e7in\u201d  \u00fcretilmi\u015f yap\u0131lara kar\u015f\u0131 \u201ckendisi olan\u201d yap\u0131lar\u0131 ortaya koyma \u00e7abas\u0131d\u0131r. Alt ve \u00fcst k\u00fclt\u00fcr ayr\u0131\u015ft\u0131rmalar\u0131, \u201c\u00fcst\u00fcn, insanc\u0131l, ayd\u0131nlat\u0131c\u0131, kurtar\u0131c\u0131\u201d ile \u201cyaban, sald\u0131rgan, \u00f6l\u00fcmc\u00fcl\u201d aras\u0131nda kurulmu\u015f \u201cben \u2013 \u00f6teki\u201d geriliminden beslenen \u201cBat\u0131l\u0131-\u015earkiyat\u00e7\u0131\u201d, s\u00f6m\u00fcrgeci d\u00fc\u015f\u00fcnceye ve bu d\u00fc\u015f\u00fcncenin dolayl\u0131 olarak \u00fcretti\u011fi, Do\u011fulu tepkici sald\u0131rganl\u0131\u011fa kar\u015f\u0131 sava\u015f\u0131m\u0131n yolu ancak b\u00f6yle bir bak\u0131\u015f a\u00e7\u0131s\u0131yla bulunabilir. Bat\u0131 roman\u0131na Sokrat\u2019\u0131n deyimiyle \u201chakikat ebeli\u011fi\u201d yapm\u0131\u015f karnavalc\u0131 ya\u015fam ve yaz\u0131n t\u00fcrlerinin kar\u015f\u0131s\u0131nda Bat\u0131 toplumu taraf\u0131ndan \u201c\u015eark\u201d say\u0131lan T\u00fcrk\u00e7e yaz\u0131nda ya\u015fam bulmu\u015f \u00f6zg\u00fcn \u015fenlik\u00e7i ya\u015fam \u00f6\u011felerini kolayca bulabiliriz. Mevsimlik bayramlar\u0131m\u0131zla, ya\u011fmur t\u00f6renlerimizle, halk hik\u00e2yelerimizle, iktidar ya\u011fdanl\u0131\u011f\u0131 \u201cvar\u0131p sahibine haber vereyim\u201d tela\u015f\u0131ndaki taklit\u00e7i, z\u00fcppe Hacivat kar\u015f\u0131s\u0131nda t\u00fcm iktidar s\u00f6ylemlerini tepe taklak etmeye can atan Karag\u00f6z dobral\u0131\u011f\u0131m\u0131zla, Kelo\u011flan, Nasreddin Hoca g\u00fclmecelerimizle, Bekta\u015fi ho\u015fg\u00f6r\u00fcm\u00fczle Bahtinci bir bak\u0131\u015f a\u00e7\u0131s\u0131n\u0131n yard\u0131m\u0131yla y\u00fczle\u015febildi\u011fimizde, Gothe\u2019nin 150 y\u0131l \u00f6nce ortaya att\u0131\u011f\u0131 Welt Literature  (D\u00fcnya Edebiyat\u0131) kavram\u0131n\u0131n anlam boyutunu da g\u00f6rm\u00fc\u015f olaca\u011f\u0131z. <\/p>\n","protected":false},"excerpt":{"rendered":"<p>K\u00fclt\u00fcr\u00fcn kaynaklar\u0131na y\u00f6nelmi\u015f bir \u00e7al\u0131\u015fma, d\u0131\u015far\u0131dan, \u201ciktidar egemenlikleri i\u00e7in\u201d \u00fcretilmi\u015f yap\u0131lara kar\u015f\u0131 \u201ckendisi olan\u201d yap\u0131lar\u0131 ortaya koyma \u00e7abas\u0131d\u0131r. Alt ve \u00fcst k\u00fclt\u00fcr ayr\u0131\u015ft\u0131rmalar\u0131, \u201c\u00fcst\u00fcn, insanc\u0131l, ayd\u0131nlat\u0131c\u0131,<span class=\"excerpt-hellip\"> [\u2026]<\/span><\/p>\n","protected":false},"featured_media":0,"template":"","meta":{"_monsterinsights_skip_tracking":false,"_monsterinsights_sitenote_active":false,"_monsterinsights_sitenote_note":"","_monsterinsights_sitenote_category":0},"product_brand":[],"product_cat":[13072,12291],"product_tag":[],"class_list":{"0":"post-712618","1":"product","2":"type-product","3":"status-publish","5":"product_cat-arastirma-inceleme-referans","6":"product_cat-edebiyat","7":"pa_cilt-ciltsiz","8":"pa_tur-kitap","9":"pa_yayinevi-abis-yayincilik","10":"pa_yazar-alper-akcam","12":"first","13":"instock","14":"sale","15":"shipping-taxable","16":"purchasable","17":"product-type-simple"},"_links":{"self":[{"href":"https:\/\/roveyayinevi.com.tr\/index.php\/wp-json\/wp\/v2\/product\/712618","targetHints":{"allow":["GET"]}}],"collection":[{"href":"https:\/\/roveyayinevi.com.tr\/index.php\/wp-json\/wp\/v2\/product"}],"about":[{"href":"https:\/\/roveyayinevi.com.tr\/index.php\/wp-json\/wp\/v2\/types\/product"}],"wp:attachment":[{"href":"https:\/\/roveyayinevi.com.tr\/index.php\/wp-json\/wp\/v2\/media?parent=712618"}],"wp:term":[{"taxonomy":"product_brand","embeddable":true,"href":"https:\/\/roveyayinevi.com.tr\/index.php\/wp-json\/wp\/v2\/product_brand?post=712618"},{"taxonomy":"product_cat","embeddable":true,"href":"https:\/\/roveyayinevi.com.tr\/index.php\/wp-json\/wp\/v2\/product_cat?post=712618"},{"taxonomy":"product_tag","embeddable":true,"href":"https:\/\/roveyayinevi.com.tr\/index.php\/wp-json\/wp\/v2\/product_tag?post=712618"}],"curies":[{"name":"wp","href":"https:\/\/api.w.org\/{rel}","templated":true}]}}