{"id":712617,"date":"2025-08-27T16:57:52","date_gmt":"2025-08-27T13:57:52","guid":{"rendered":"https:\/\/roveyayinevi.com.tr\/index.php\/urun\/kuyruk-bilimi\/"},"modified":"2026-04-16T02:21:03","modified_gmt":"2026-04-15T23:21:03","slug":"kuyruk-bilimi","status":"publish","type":"product","link":"https:\/\/roveyayinevi.com.tr\/index.php\/urun\/kuyruk-bilimi\/","title":{"rendered":"Kuyruk Bilimi"},"content":{"rendered":"<p>Bilim ve sanat\u0131n yarat\u0131c\u0131l\u0131\u011f\u0131 gizlenmi\u015ftir bu kitapta. Okuyarak, g\u00f6rerek ve tebess\u00fcm ederek anlayacaks\u0131n\u0131z ya\u015fam a\u011fac\u0131n\u0131n s\u0131rlar\u0131n\u0131 ve ba\u015fkalar\u0131na anlatacaks\u0131n\u0131z. Ya\u015fam a\u011fac\u0131n\u0131n k\u00f6kten temiz suyla beslenme \u015fart\u0131n\u0131, insanlar\u0131n ni\u00e7in birbirlerine \u201cKuyru\u011funu dik tut\u201d diye tavsiyede bulundu\u011funu, \u00f6len bir vatanda\u015f i\u00e7in ni\u00e7in \u201cKuyru\u011fu titretti\u201d dendi\u011fini, kuyruk ac\u0131s\u0131n\u0131n, kuyruk sallaman\u0131n asl\u0131nda ne oldu\u011funu anlayacak ve anlatacaks\u0131n\u0131z. Ruh sand\u0131\u011f\u0131m\u0131z u\u00e7ucu kavram\u0131n kuyruktan gelen karma\u015f\u0131k enerjilerin terc\u00fcme hatas\u0131 oldu\u011funu, ruhun kuyruk oldu\u011funu \u015fa\u015fk\u0131nl\u0131kla anlayacaks\u0131n\u0131z&#8230; <\/p>\n","protected":false},"excerpt":{"rendered":"<p>Bilim ve sanat\u0131n yarat\u0131c\u0131l\u0131\u011f\u0131 gizlenmi\u015ftir bu kitapta. Okuyarak, g\u00f6rerek ve tebess\u00fcm ederek anlayacaks\u0131n\u0131z ya\u015fam a\u011fac\u0131n\u0131n s\u0131rlar\u0131n\u0131 ve ba\u015fkalar\u0131na anlatacaks\u0131n\u0131z. Ya\u015fam a\u011fac\u0131n\u0131n k\u00f6kten temiz suyla beslenme \u015fart\u0131n\u0131,<span class=\"excerpt-hellip\"> [\u2026]<\/span><\/p>\n","protected":false},"featured_media":0,"template":"","meta":{"_monsterinsights_skip_tracking":false,"_monsterinsights_sitenote_active":false,"_monsterinsights_sitenote_note":"","_monsterinsights_sitenote_category":0},"product_brand":[],"product_cat":[12358,12357],"product_tag":[],"class_list":{"0":"post-712617","1":"product","2":"type-product","3":"status-publish","5":"product_cat-genel-psikoloji","6":"product_cat-psikoloji","7":"pa_cilt-ciltsiz","8":"pa_tur-kitap","9":"pa_yayinevi-abis-yayincilik","10":"pa_yazar-nusret-kaya-ugur-durak","12":"first","13":"instock","14":"sale","15":"shipping-taxable","16":"purchasable","17":"product-type-simple"},"_links":{"self":[{"href":"https:\/\/roveyayinevi.com.tr\/index.php\/wp-json\/wp\/v2\/product\/712617","targetHints":{"allow":["GET"]}}],"collection":[{"href":"https:\/\/roveyayinevi.com.tr\/index.php\/wp-json\/wp\/v2\/product"}],"about":[{"href":"https:\/\/roveyayinevi.com.tr\/index.php\/wp-json\/wp\/v2\/types\/product"}],"wp:attachment":[{"href":"https:\/\/roveyayinevi.com.tr\/index.php\/wp-json\/wp\/v2\/media?parent=712617"}],"wp:term":[{"taxonomy":"product_brand","embeddable":true,"href":"https:\/\/roveyayinevi.com.tr\/index.php\/wp-json\/wp\/v2\/product_brand?post=712617"},{"taxonomy":"product_cat","embeddable":true,"href":"https:\/\/roveyayinevi.com.tr\/index.php\/wp-json\/wp\/v2\/product_cat?post=712617"},{"taxonomy":"product_tag","embeddable":true,"href":"https:\/\/roveyayinevi.com.tr\/index.php\/wp-json\/wp\/v2\/product_tag?post=712617"}],"curies":[{"name":"wp","href":"https:\/\/api.w.org\/{rel}","templated":true}]}}