{"id":712614,"date":"2025-08-27T16:57:51","date_gmt":"2025-08-27T13:57:51","guid":{"rendered":"https:\/\/roveyayinevi.com.tr\/index.php\/urun\/ben-zeus-ve-olimpos-cetesi-tanrilar-ve-kahramanlarin-agzindan-yunan-efsaneleri\/"},"modified":"2026-04-16T02:21:03","modified_gmt":"2026-04-15T23:21:03","slug":"ben-zeus-ve-olimpos-cetesi-tanrilar-ve-kahramanlarin-agzindan-yunan-efsaneleri","status":"publish","type":"product","link":"https:\/\/roveyayinevi.com.tr\/index.php\/urun\/ben-zeus-ve-olimpos-cetesi-tanrilar-ve-kahramanlarin-agzindan-yunan-efsaneleri\/","title":{"rendered":"Ben, Zeus Ve Olimpos \u00c7etesi Tanr\u0131lar ve Kahramanlar\u0131n A\u011fz\u0131ndan Yunan Efsaneleri"},"content":{"rendered":"<p>Tanr\u0131lar ve Kahramanlar\u0131n A\u011fz\u0131ndan Yunan Efsaneleri Kahraman A\u015fil \u00f6l\u00fcms\u00fczd\u00fc, peki topu\u011fundan okla vuruldu\u011funda neden \u00f6ld\u00fc? Truva Sava\u015f\u0131\u2019n\u0131 asl\u0131nda G\u00fczellik Tanr\u0131\u00e7as\u0131 Afrodit mi ba\u015flatt\u0131? Zeus, b\u00fct\u00fcn d\u00fcnyaya h\u00fckmetmeyi nas\u0131l ba\u015fard\u0131? Peki ya Yeralt\u0131 Tanr\u0131s\u0131 Hades, Do\u011fa Tanr\u0131\u00e7as\u0131 Demeter\u2019in k\u0131z\u0131n\u0131 neden ka\u00e7\u0131rd\u0131? B\u00fct\u00fcn bu sorular\u0131n yan\u0131tlar\u0131 ve Yunan mitolojisiyle ilgili merak etti\u011finiz her \u015fey bu kitapta! <\/p>\n","protected":false},"excerpt":{"rendered":"<p>Tanr\u0131lar ve Kahramanlar\u0131n A\u011fz\u0131ndan Yunan Efsaneleri Kahraman A\u015fil \u00f6l\u00fcms\u00fczd\u00fc, peki topu\u011fundan okla vuruldu\u011funda neden \u00f6ld\u00fc? Truva Sava\u015f\u0131\u2019n\u0131 asl\u0131nda G\u00fczellik Tanr\u0131\u00e7as\u0131 Afrodit mi ba\u015flatt\u0131? Zeus, b\u00fct\u00fcn d\u00fcnyaya<span class=\"excerpt-hellip\"> [\u2026]<\/span><\/p>\n","protected":false},"featured_media":0,"template":"","meta":{"_monsterinsights_skip_tracking":false,"_monsterinsights_sitenote_active":false,"_monsterinsights_sitenote_note":"","_monsterinsights_sitenote_category":0},"product_brand":[],"product_cat":[12274,12284],"product_tag":[],"class_list":{"0":"post-712614","1":"product","2":"type-product","3":"status-publish","5":"product_cat-cocuk-ve-genclik-kitaplari","6":"product_cat-hikayeler","7":"pa_cilt-ciltli","8":"pa_tur-kitap","9":"pa_yayinevi-kirmizi-kedi-yayinevi","10":"pa_yazar-frank-schwieger","12":"first","13":"instock","14":"sale","15":"shipping-taxable","16":"purchasable","17":"product-type-simple"},"_links":{"self":[{"href":"https:\/\/roveyayinevi.com.tr\/index.php\/wp-json\/wp\/v2\/product\/712614","targetHints":{"allow":["GET"]}}],"collection":[{"href":"https:\/\/roveyayinevi.com.tr\/index.php\/wp-json\/wp\/v2\/product"}],"about":[{"href":"https:\/\/roveyayinevi.com.tr\/index.php\/wp-json\/wp\/v2\/types\/product"}],"wp:attachment":[{"href":"https:\/\/roveyayinevi.com.tr\/index.php\/wp-json\/wp\/v2\/media?parent=712614"}],"wp:term":[{"taxonomy":"product_brand","embeddable":true,"href":"https:\/\/roveyayinevi.com.tr\/index.php\/wp-json\/wp\/v2\/product_brand?post=712614"},{"taxonomy":"product_cat","embeddable":true,"href":"https:\/\/roveyayinevi.com.tr\/index.php\/wp-json\/wp\/v2\/product_cat?post=712614"},{"taxonomy":"product_tag","embeddable":true,"href":"https:\/\/roveyayinevi.com.tr\/index.php\/wp-json\/wp\/v2\/product_tag?post=712614"}],"curies":[{"name":"wp","href":"https:\/\/api.w.org\/{rel}","templated":true}]}}