{"id":712611,"date":"2025-08-27T16:57:49","date_gmt":"2025-08-27T13:57:49","guid":{"rendered":"https:\/\/roveyayinevi.com.tr\/index.php\/urun\/23-lider-bir-sahsiyetin-insasi\/"},"modified":"2026-04-16T02:21:03","modified_gmt":"2026-04-15T23:21:03","slug":"23-lider-bir-sahsiyetin-insasi","status":"publish","type":"product","link":"https:\/\/roveyayinevi.com.tr\/index.php\/urun\/23-lider-bir-sahsiyetin-insasi\/","title":{"rendered":"23 Lider Bir \u015eahsiyetin \u0130n\u015fas\u0131"},"content":{"rendered":"<p>Siyaset Bilimci Ozan Erdem taraf\u0131ndan liderlik \u00f6zellikleri ile donanm\u0131\u015f \u015fahsiyetlerin yeti\u015fmesine katk\u0131da bulunmak amac\u0131yla haz\u0131rlanan bu eserde \u2018Lider Bir \u015eahsiyetin \u0130n\u015fas\u0131\u2019 konusu, kendi kadim medeniyetimizin k\u00f6klerinden beslenilerek 23 ba\u015fl\u0131kta okuyucuya sunulmu\u015ftur. Toplum i\u00e7inde ya\u015fayan ve sosyal bir varl\u0131k olan insan; evde, i\u015fte, sosyal ve siyasal ortamda, hayat\u0131n her alan\u0131nda, bazen y\u00f6neten bazen ise y\u00f6netilen olarak y\u00f6netim s\u00fcrecinin i\u00e7erisindedir. \u0130nsan, t\u00fcm bu alanlarda liderlik \u00f6zellikleri ile donanmak zorundad\u0131r. Bu eserde, lider \u015fahsiyetin nas\u0131l olmas\u0131, neden ve nas\u0131l liderlik yapmas\u0131n\u0131 gerekti\u011fini, sahip olmas\u0131 gereken \u00f6zellikleriyle birlikte ortaya konmu\u015ftur. <\/p>\n","protected":false},"excerpt":{"rendered":"<p>Siyaset Bilimci Ozan Erdem taraf\u0131ndan liderlik \u00f6zellikleri ile donanm\u0131\u015f \u015fahsiyetlerin yeti\u015fmesine katk\u0131da bulunmak amac\u0131yla haz\u0131rlanan bu eserde \u2018Lider Bir \u015eahsiyetin \u0130n\u015fas\u0131\u2019 konusu, kendi kadim medeniyetimizin k\u00f6klerinden<span class=\"excerpt-hellip\"> [\u2026]<\/span><\/p>\n","protected":false},"featured_media":0,"template":"","meta":{"_monsterinsights_skip_tracking":false,"_monsterinsights_sitenote_active":false,"_monsterinsights_sitenote_note":"","_monsterinsights_sitenote_category":0},"product_brand":[],"product_cat":[12337],"product_tag":[],"class_list":{"0":"post-712611","1":"product","2":"type-product","3":"status-publish","5":"product_cat-politika-siyaset","6":"pa_cilt-ciltsiz","7":"pa_tur-kitap","8":"pa_yayinevi-altinordu-yayinlari","9":"pa_yazar-ozan-erdem","11":"first","12":"instock","13":"sale","14":"shipping-taxable","15":"purchasable","16":"product-type-simple"},"_links":{"self":[{"href":"https:\/\/roveyayinevi.com.tr\/index.php\/wp-json\/wp\/v2\/product\/712611","targetHints":{"allow":["GET"]}}],"collection":[{"href":"https:\/\/roveyayinevi.com.tr\/index.php\/wp-json\/wp\/v2\/product"}],"about":[{"href":"https:\/\/roveyayinevi.com.tr\/index.php\/wp-json\/wp\/v2\/types\/product"}],"wp:attachment":[{"href":"https:\/\/roveyayinevi.com.tr\/index.php\/wp-json\/wp\/v2\/media?parent=712611"}],"wp:term":[{"taxonomy":"product_brand","embeddable":true,"href":"https:\/\/roveyayinevi.com.tr\/index.php\/wp-json\/wp\/v2\/product_brand?post=712611"},{"taxonomy":"product_cat","embeddable":true,"href":"https:\/\/roveyayinevi.com.tr\/index.php\/wp-json\/wp\/v2\/product_cat?post=712611"},{"taxonomy":"product_tag","embeddable":true,"href":"https:\/\/roveyayinevi.com.tr\/index.php\/wp-json\/wp\/v2\/product_tag?post=712611"}],"curies":[{"name":"wp","href":"https:\/\/api.w.org\/{rel}","templated":true}]}}