{"id":712609,"date":"2025-08-27T16:57:48","date_gmt":"2025-08-27T13:57:48","guid":{"rendered":"https:\/\/roveyayinevi.com.tr\/index.php\/urun\/1980-sonrasi-turk-sinemasinda-akla-zarar-filmler\/"},"modified":"2026-04-16T02:21:03","modified_gmt":"2026-04-15T23:21:03","slug":"1980-sonrasi-turk-sinemasinda-akla-zarar-filmler","status":"publish","type":"product","link":"https:\/\/roveyayinevi.com.tr\/index.php\/urun\/1980-sonrasi-turk-sinemasinda-akla-zarar-filmler\/","title":{"rendered":"1980 Sonras\u0131 T\u00fcrk Sinemas\u0131&#8217;nda Akla Zarar Filmler"},"content":{"rendered":"<p>Bay E&#8217;den Dans\u00f6z&#8217;e, Asans\u00f6r&#8217;den Sar\u0131 Tebess\u00fcm&#8217;e, K\u0131z Kulesi A\u015f\u0131klar\u0131&#8217;ndan Harem Suare&#8217;ye, Balans ve Manevra&#8217;dan Recep \u0130vedik&#8217;e a\u00e7\u0131lan yelpazede yeralan, 35 film&#8230;Sinan \u00c7etin&#8217;den Yavuz \u00d6zkan&#8217;a, Ersin Pertan&#8217;dan Se\u00e7kin Yasar&#8217;a, irfan T\u00f6z\u00fcm&#8217;den Mustafa Alt\u0131oklar&#8217;a uzanan \u00e7izgide, 30 y\u00f6netmen&#8230; T\u00fcrkiye&#8217;de yaz\u0131lm\u0131\u015f en ayr\u0131ks\u0131, en sert ve e\u011flenceli sinema kitab\u0131 olan Akla Zarar Filmler, 1980 sonras\u0131nda \u00fclkemizde \u00e7ekilen; ne yaz\u0131k ki sinema sanat\u0131na sayg\u0131da kusur eden, yedinci sanat\u0131n temel gereklerini yerine getirmeyen, \u00e7o\u011fu sinemasevere &#8220;akl\u0131ma \u015fa\u015fay\u0131m&#8221; dedirten filmler \u00fczerine, a\u00e7\u0131k s\u00f6zl\u00fc bir inceleme. G\u00f6sterime b\u00fcy\u00fck iddialarla giren ama b\u00fcy\u00fck hayal k\u0131r\u0131kl\u0131\u011f\u0131 yaratan, kof \u00e7\u0131kan, fiyaskoya yol a\u00e7an, ak\u0131llara zarar ve g\u00f6rmelere seza filmler, y\u00f6netmenler, senaryolar, oyuncular, isteyenin &#8220;Ele\u015ftirmenin intikam\u0131&#8221; diyerek de okuyabilece\u011fi bu kitapta bulu\u015fuyorlar. Siz de &#8220;K\u00f6t\u00fc filmden iyi anlar\u0131m!&#8221; diyorsan\u0131z&#8230; <\/p>\n","protected":false},"excerpt":{"rendered":"<p>Bay E&#8217;den Dans\u00f6z&#8217;e, Asans\u00f6r&#8217;den Sar\u0131 Tebess\u00fcm&#8217;e, K\u0131z Kulesi A\u015f\u0131klar\u0131&#8217;ndan Harem Suare&#8217;ye, Balans ve Manevra&#8217;dan Recep \u0130vedik&#8217;e a\u00e7\u0131lan yelpazede yeralan, 35 film&#8230;Sinan \u00c7etin&#8217;den Yavuz \u00d6zkan&#8217;a, Ersin Pertan&#8217;dan<span class=\"excerpt-hellip\"> [\u2026]<\/span><\/p>\n","protected":false},"featured_media":0,"template":"","meta":{"_monsterinsights_skip_tracking":false,"_monsterinsights_sitenote_active":false,"_monsterinsights_sitenote_note":"","_monsterinsights_sitenote_category":0},"product_brand":[],"product_cat":[12409,12408],"product_tag":[],"class_list":{"0":"post-712609","1":"product","2":"type-product","3":"status-publish","5":"product_cat-fotograf-sinema-tiyatro","6":"product_cat-sanat","7":"pa_cilt-ciltsiz","8":"pa_tur-kitap","9":"pa_yayinevi-kirmizi-kedi-yayinevi","10":"pa_yazar-tunca-arslan","12":"first","13":"instock","14":"sale","15":"shipping-taxable","16":"purchasable","17":"product-type-simple"},"_links":{"self":[{"href":"https:\/\/roveyayinevi.com.tr\/index.php\/wp-json\/wp\/v2\/product\/712609","targetHints":{"allow":["GET"]}}],"collection":[{"href":"https:\/\/roveyayinevi.com.tr\/index.php\/wp-json\/wp\/v2\/product"}],"about":[{"href":"https:\/\/roveyayinevi.com.tr\/index.php\/wp-json\/wp\/v2\/types\/product"}],"wp:attachment":[{"href":"https:\/\/roveyayinevi.com.tr\/index.php\/wp-json\/wp\/v2\/media?parent=712609"}],"wp:term":[{"taxonomy":"product_brand","embeddable":true,"href":"https:\/\/roveyayinevi.com.tr\/index.php\/wp-json\/wp\/v2\/product_brand?post=712609"},{"taxonomy":"product_cat","embeddable":true,"href":"https:\/\/roveyayinevi.com.tr\/index.php\/wp-json\/wp\/v2\/product_cat?post=712609"},{"taxonomy":"product_tag","embeddable":true,"href":"https:\/\/roveyayinevi.com.tr\/index.php\/wp-json\/wp\/v2\/product_tag?post=712609"}],"curies":[{"name":"wp","href":"https:\/\/api.w.org\/{rel}","templated":true}]}}