{"id":712607,"date":"2025-08-27T16:57:47","date_gmt":"2025-08-27T13:57:47","guid":{"rendered":"https:\/\/roveyayinevi.com.tr\/index.php\/urun\/gundelik-hayat-sosyolojisi-temalar-sorunsallar-ve-guzergahlar\/"},"modified":"2026-04-16T02:21:03","modified_gmt":"2026-04-15T23:21:03","slug":"gundelik-hayat-sosyolojisi-temalar-sorunsallar-ve-guzergahlar","status":"publish","type":"product","link":"https:\/\/roveyayinevi.com.tr\/index.php\/urun\/gundelik-hayat-sosyolojisi-temalar-sorunsallar-ve-guzergahlar\/","title":{"rendered":"G\u00fcndelik Hayat Sosyolojisi Temalar, Sorunsallar ve G\u00fczergahlar"},"content":{"rendered":"<p>G\u00fcndelik hayat\u0131 t\u00fcm karma\u015f\u0131kl\u0131\u011f\u0131 ve cesametiyle kendine nesne edinmeyen herhangi bir sosyolojik yakla\u015f\u0131mdan bahsetmek m\u00fcmk\u00fcn de\u011fil! Ne var ki sosyoloji disiplini uzun bir kulu\u00e7ka d\u00f6neminin ard\u0131ndan bir yandan felsefi tart\u0131\u015fmalar\u0131n besledi\u011fi problematikler arac\u0131l\u0131\u011f\u0131yla bir yandan da be\u015feri bilimlerin s\u00fcre\u011fen taarruzlar\u0131yla sosyal ger\u00e7ekli\u011fin k\u0131lcal damarlar\u0131na temas eden bir duyarl\u0131l\u0131k geli\u015ftirmek zorunda kald\u0131. Bat\u0131\u2019da bu geli\u015fme multidisipliner bir ve\u00e7heyle epeyce mesafe kat ederken T\u00fcrkiye\u2019deki sosyoloji sahas\u0131 g\u00fcndelik hayat sosyolojisine kimi zaman metodolojik zafiyetlerinden kimileyin de kurumsal barikatlar\u0131n al\u0131koymas\u0131 hasebiyle gereken dikkati g\u00f6steremedi. Elinizdeki derleme, \u00f6zellikle T\u00fcrkiye\u2019deki bu eksikli\u011fe dikkat \u00e7ekme ve konu hakk\u0131nda belirli bir duyarl\u0131l\u0131\u011f\u0131n geli\u015fimine vesile olma derdiyle \u015fekillendi. Kitap kurucu babalar\u0131n mezk\u00fbr konudaki i\u00e7g\u00f6r\u00fc ve perspektiflerinden ba\u015flay\u0131p, 1960 sonras\u0131n\u0131n ustalar\u0131na de\u011fin, g\u00fcndelik hayat\u0131 ara\u015ft\u0131rma alanlar\u0131n\u0131n geni\u015f yelpazesini de i\u00e7eren bir hattan inceliyor. Goffman, De Certeau, Bourdieu, Giddens, Lefebvre, Collins, Schutz gibi farkl\u0131 patikalar\u0131n temsilcilerinin -kendi entelekt\u00fcel ser\u00fcvenleri i\u00e7inde- g\u00fcndelik hayat\u0131 nas\u0131l \u201cnesne\u201d k\u0131ld\u0131klar\u0131 ve ne t\u00fcrden kavramsall\u0131klar geli\u015ftirdikleri \u00e7al\u0131\u015fman\u0131n omurgas\u0131n\u0131 te\u015fkil ediyor. Hem teoriperverler hem de \u00f6\u011frenciler i\u00e7in ka\u00e7\u0131n\u0131lmaz olarak temel bir ba\u015fvuru kayna\u011f\u0131. \ufffcTan\u0131t\u0131m Metni<\/p>\n","protected":false},"excerpt":{"rendered":"<p>G\u00fcndelik hayat\u0131 t\u00fcm karma\u015f\u0131kl\u0131\u011f\u0131 ve cesametiyle kendine nesne edinmeyen herhangi bir sosyolojik yakla\u015f\u0131mdan bahsetmek m\u00fcmk\u00fcn de\u011fil! Ne var ki sosyoloji disiplini uzun bir kulu\u00e7ka d\u00f6neminin ard\u0131ndan<span class=\"excerpt-hellip\"> [\u2026]<\/span><\/p>\n","protected":false},"featured_media":0,"template":"","meta":{"_monsterinsights_skip_tracking":false,"_monsterinsights_sitenote_active":false,"_monsterinsights_sitenote_note":"","_monsterinsights_sitenote_category":0},"product_brand":[],"product_cat":[12835,12324],"product_tag":[],"class_list":{"0":"post-712607","1":"product","2":"type-product","3":"status-publish","5":"product_cat-genel-sosyoloji","6":"product_cat-sosyoloji","7":"pa_cilt-ciltsiz","8":"pa_tur-kitap","9":"pa_yayinevi-phoenix-yayinevi","10":"pa_yazar-ali-esgin-guney-cegin","12":"first","13":"instock","14":"sale","15":"shipping-taxable","16":"purchasable","17":"product-type-simple"},"_links":{"self":[{"href":"https:\/\/roveyayinevi.com.tr\/index.php\/wp-json\/wp\/v2\/product\/712607","targetHints":{"allow":["GET"]}}],"collection":[{"href":"https:\/\/roveyayinevi.com.tr\/index.php\/wp-json\/wp\/v2\/product"}],"about":[{"href":"https:\/\/roveyayinevi.com.tr\/index.php\/wp-json\/wp\/v2\/types\/product"}],"wp:attachment":[{"href":"https:\/\/roveyayinevi.com.tr\/index.php\/wp-json\/wp\/v2\/media?parent=712607"}],"wp:term":[{"taxonomy":"product_brand","embeddable":true,"href":"https:\/\/roveyayinevi.com.tr\/index.php\/wp-json\/wp\/v2\/product_brand?post=712607"},{"taxonomy":"product_cat","embeddable":true,"href":"https:\/\/roveyayinevi.com.tr\/index.php\/wp-json\/wp\/v2\/product_cat?post=712607"},{"taxonomy":"product_tag","embeddable":true,"href":"https:\/\/roveyayinevi.com.tr\/index.php\/wp-json\/wp\/v2\/product_tag?post=712607"}],"curies":[{"name":"wp","href":"https:\/\/api.w.org\/{rel}","templated":true}]}}