{"id":712604,"date":"2025-08-27T16:57:46","date_gmt":"2025-08-27T13:57:46","guid":{"rendered":"https:\/\/roveyayinevi.com.tr\/index.php\/urun\/hep-boyle-kal-ciltli\/"},"modified":"2026-04-16T02:21:03","modified_gmt":"2026-04-15T23:21:03","slug":"hep-boyle-kal-ciltli","status":"publish","type":"product","link":"https:\/\/roveyayinevi.com.tr\/index.php\/urun\/hep-boyle-kal-ciltli\/","title":{"rendered":"Hep B\u00f6yle Kal (Ciltli)"},"content":{"rendered":"<p>\u201cHep B\u00f6yle Kal birbirinden ilgin\u00e7 karakterlerle ve ger\u00e7ek\u00e7i tasvirlerle dolu bir ilk roman.\u201d \u2013 Kristin Hannah \u201cKristina Mcmorris sadece tutkuyu, a\u015fk\u0131 ve romantizmi anlatmakla kalm\u0131yor, ayn\u0131 zamanda muhte\u015fem bir \u0130kinci D\u00fcnya Sava\u015f\u0131 panoramas\u0131 da sunuyor.\u201d \u2013Lois Battle \u201cMcmorris roman\u0131n sonuna kadar tempoyu hi\u00e7 d\u00fc\u015f\u00fcrm\u00fcyor.  A\u015fk, aldatma ve insani duygular\u0131n karma\u015fas\u0131na dair harikulade bir anlat\u0131.\u201d \u2013James Micheal Pratt Liz, arkada\u015flar\u0131 Betty ve Julia ile birlikte, askerlerin moral depolamas\u0131 i\u00e7in d\u00fczenlenen bir partiye istemeyerek de olsa kat\u0131l\u0131r. \u00c7\u00fcnk\u00fc gen\u00e7 k\u0131z, \u00e7ocukluk a\u015fk\u0131 Dalton\u2019la evlenmek \u00fczeredir ve  askerlerle fl\u00f6rt etmek gibi bir niyeti yoktur. Fakat Liz bu partide bir askerle tan\u0131\u015f\u0131r ve bu tan\u0131\u015fma umulmad\u0131k olaylar\u0131n ya\u015fanmas\u0131na sebep olur. Hep B\u00f6yle Kal zor kararlar, ac\u0131 kay\u0131plar kadar tatl\u0131 heyecanlar\u0131n ve yeni ba\u015flang\u0131\u00e7lar\u0131n da hik\u00e2yesi.  \u0130kinci D\u00fcnya Sava\u015f\u0131\u2019n\u0131n g\u00f6lgesinde filizlenen bir a\u015fk\u0131n, tutkunun ve fedak\u00e2rl\u0131\u011f\u0131n anlat\u0131ld\u0131\u011f\u0131 \u00f6d\u00fcll\u00fc bir ilk roman. <\/p>\n","protected":false},"excerpt":{"rendered":"<p>\u201cHep B\u00f6yle Kal birbirinden ilgin\u00e7 karakterlerle ve ger\u00e7ek\u00e7i tasvirlerle dolu bir ilk roman.\u201d \u2013 Kristin Hannah \u201cKristina Mcmorris sadece tutkuyu, a\u015fk\u0131 ve romantizmi anlatmakla kalm\u0131yor, ayn\u0131<span class=\"excerpt-hellip\"> [\u2026]<\/span><\/p>\n","protected":false},"featured_media":0,"template":"","meta":{"_monsterinsights_skip_tracking":false,"_monsterinsights_sitenote_active":false,"_monsterinsights_sitenote_note":"","_monsterinsights_sitenote_category":0},"product_brand":[],"product_cat":[14643,12291],"product_tag":[],"class_list":{"0":"post-712604","1":"product","2":"type-product","3":"status-publish","5":"product_cat-ask","6":"product_cat-edebiyat","7":"pa_cilt-ciltli","8":"pa_tur-kitap","9":"pa_yayinevi-ephesus-yayinlari","10":"pa_yazar-kristina-mcmorris","12":"first","13":"instock","14":"sale","15":"shipping-taxable","16":"purchasable","17":"product-type-simple"},"_links":{"self":[{"href":"https:\/\/roveyayinevi.com.tr\/index.php\/wp-json\/wp\/v2\/product\/712604","targetHints":{"allow":["GET"]}}],"collection":[{"href":"https:\/\/roveyayinevi.com.tr\/index.php\/wp-json\/wp\/v2\/product"}],"about":[{"href":"https:\/\/roveyayinevi.com.tr\/index.php\/wp-json\/wp\/v2\/types\/product"}],"wp:attachment":[{"href":"https:\/\/roveyayinevi.com.tr\/index.php\/wp-json\/wp\/v2\/media?parent=712604"}],"wp:term":[{"taxonomy":"product_brand","embeddable":true,"href":"https:\/\/roveyayinevi.com.tr\/index.php\/wp-json\/wp\/v2\/product_brand?post=712604"},{"taxonomy":"product_cat","embeddable":true,"href":"https:\/\/roveyayinevi.com.tr\/index.php\/wp-json\/wp\/v2\/product_cat?post=712604"},{"taxonomy":"product_tag","embeddable":true,"href":"https:\/\/roveyayinevi.com.tr\/index.php\/wp-json\/wp\/v2\/product_tag?post=712604"}],"curies":[{"name":"wp","href":"https:\/\/api.w.org\/{rel}","templated":true}]}}