{"id":712603,"date":"2025-08-27T16:57:45","date_gmt":"2025-08-27T13:57:45","guid":{"rendered":"https:\/\/roveyayinevi.com.tr\/index.php\/urun\/gen\/"},"modified":"2026-04-16T02:21:03","modified_gmt":"2026-04-15T23:21:03","slug":"gen","status":"publish","type":"product","link":"https:\/\/roveyayinevi.com.tr\/index.php\/urun\/gen\/","title":{"rendered":"Gen"},"content":{"rendered":"<p>\u201cGelece\u011fimizin y\u0131ld\u0131zlarda oldu\u011funu d\u00fc\u015f\u00fcn\u00fcrd\u00fck. Art\u0131k genlerimizde oldu\u011funu biliyoruz.\u201d James Watson, DNA\u2019n\u0131n Nobel \u00f6d\u00fcll\u00fc ka\u015fiflerinden Gen. \u0130nsano\u011flunu in\u015fa eden, onu tan\u0131mlayan kaynak kod. Sahip oldu\u011fumuz en insani \u015fey. Ve onu anlamaktan ona y\u00f6n verebilmeye ge\u00e7ti\u011fimiz bug\u00fcnlerde, t\u00fcr\u00fcm\u00fcz\u00fcn belki de verip verece\u011fi en b\u00fcy\u00fck bilgelik s\u0131nav\u0131n\u0131n konusu. T\u00fcm Hastal\u0131klar\u0131n \u015eah\u0131\u2019yla Pulitzer kazanan SiddharthaMukherjee, kendi ailesindeki \u015fizofreni ge\u00e7mi\u015finden yola \u00e7\u0131karak bizleri bilim tarihinin en g\u00fc\u00e7l\u00fc ve tehlikeli fikirlerden birinin do\u011fu\u015fu, geli\u015fimi ve gelece\u011fi \u00fcst\u00fcne muazzam bir yolculu\u011fa \u00e7\u0131kar\u0131yor. Mendel\u2019in bezelyeleri ile filizlenen bir fikrin Darwin\u2019le birlikte ye\u015fermesi, Nazilerin elinde tehlikeli bir silaha d\u00f6n\u00fc\u015f\u00fcp \u0131rk ve kimlik tart\u0131\u015fmalar\u0131n\u0131n ba\u015fk\u00f6\u015fesine yerle\u015fmesi, ard\u0131ndan modern genetik, insan genomu haritas\u0131 ve o b\u00fcy\u00fck soru: E\u011fer genetikle oynamak, \u00e7ocuklar\u0131m\u0131z\u0131n yazg\u0131lar\u0131n\u0131 ve kimliklerini belirlemek m\u00fcmk\u00fcnse insan olmak ne anlama gelir? Genetik bilimin ahlaki labirentinde yolumuzu nas\u0131l \u00e7izece\u011fiz? GEN Hayli Ki\u015fisel Bir Hikaye, geneti\u011fin sadece bir laboratuvar bilimi de\u011fil, yar\u0131n\u0131m\u0131z\u0131n ka\u00e7\u0131n\u0131lmaz bir par\u00e7as\u0131 oldu\u011funu su g\u00f6t\u00fcrmez bi\u00e7imde ortaya koyan, ola\u011fan\u00fcst\u00fc bir kitap. Bu belki de bug\u00fcne kadar anlat\u0131lm\u0131\u015f en muhte\u015fem dedektiflik hikayesi. Aristo\u2019dan Francis Collins\u2019e kadar binlerce ara\u015ft\u0131rmac\u0131, her h\u00fccrenin merkezinde yer alan soru i\u015faretlerini bin y\u0131l boyunca \u00e7\u00f6zmeye \u00e7al\u0131\u015f\u0131yorlar. Gen de t\u0131pk\u0131 T\u00fcm Hastal\u0131klar\u0131n \u015eah\u0131 gibi, dahiyane, s\u00fcr\u00fckleyici, co\u015fkulu bir kitap. \u201c\u0130nsan olmak ne demektir?\u201d sorusunun cevab\u0131n\u0131 merak ediyorsan\u0131z, bu kitab\u0131 okumak zorundas\u0131n\u0131z. <\/p>\n","protected":false},"excerpt":{"rendered":"<p>\u201cGelece\u011fimizin y\u0131ld\u0131zlarda oldu\u011funu d\u00fc\u015f\u00fcn\u00fcrd\u00fck. Art\u0131k genlerimizde oldu\u011funu biliyoruz.\u201d James Watson, DNA\u2019n\u0131n Nobel \u00f6d\u00fcll\u00fc ka\u015fiflerinden Gen. \u0130nsano\u011flunu in\u015fa eden, onu tan\u0131mlayan kaynak kod. Sahip oldu\u011fumuz en insani<span class=\"excerpt-hellip\"> [\u2026]<\/span><\/p>\n","protected":false},"featured_media":0,"template":"","meta":{"_monsterinsights_skip_tracking":false,"_monsterinsights_sitenote_active":false,"_monsterinsights_sitenote_note":"","_monsterinsights_sitenote_category":0},"product_brand":[],"product_cat":[13005,13006],"product_tag":[],"class_list":{"0":"post-712603","1":"product","2":"type-product","3":"status-publish","5":"product_cat-bilim-muhendislik","6":"product_cat-populer-bilim","7":"pa_cilt-ciltsiz","8":"pa_tur-kitap","9":"pa_yayinevi-domingo-yayinevi","10":"pa_yazar-siddhartha-mukherjee","12":"first","13":"instock","14":"sale","15":"shipping-taxable","16":"purchasable","17":"product-type-simple"},"_links":{"self":[{"href":"https:\/\/roveyayinevi.com.tr\/index.php\/wp-json\/wp\/v2\/product\/712603","targetHints":{"allow":["GET"]}}],"collection":[{"href":"https:\/\/roveyayinevi.com.tr\/index.php\/wp-json\/wp\/v2\/product"}],"about":[{"href":"https:\/\/roveyayinevi.com.tr\/index.php\/wp-json\/wp\/v2\/types\/product"}],"wp:attachment":[{"href":"https:\/\/roveyayinevi.com.tr\/index.php\/wp-json\/wp\/v2\/media?parent=712603"}],"wp:term":[{"taxonomy":"product_brand","embeddable":true,"href":"https:\/\/roveyayinevi.com.tr\/index.php\/wp-json\/wp\/v2\/product_brand?post=712603"},{"taxonomy":"product_cat","embeddable":true,"href":"https:\/\/roveyayinevi.com.tr\/index.php\/wp-json\/wp\/v2\/product_cat?post=712603"},{"taxonomy":"product_tag","embeddable":true,"href":"https:\/\/roveyayinevi.com.tr\/index.php\/wp-json\/wp\/v2\/product_tag?post=712603"}],"curies":[{"name":"wp","href":"https:\/\/api.w.org\/{rel}","templated":true}]}}