{"id":712602,"date":"2025-08-27T16:57:45","date_gmt":"2025-08-27T13:57:45","guid":{"rendered":"https:\/\/roveyayinevi.com.tr\/index.php\/urun\/sessizlik-3\/"},"modified":"2026-04-16T02:21:03","modified_gmt":"2026-04-15T23:21:03","slug":"sessizlik-3","status":"publish","type":"product","link":"https:\/\/roveyayinevi.com.tr\/index.php\/urun\/sessizlik-3\/","title":{"rendered":"Sessizlik"},"content":{"rendered":"<p>Okuyan Koala, \u00e7ocuk kitaplar\u0131na yepyeni bir standart getiriyor! \u00c7ocuklar i\u00e7in ki\u015fisel geli\u015fim, anne babalar\u0131 i\u00e7in hayat kolayla\u015ft\u0131r\u0131c\u0131, d\u00fcnyan\u0131n en b\u00fcy\u00fck bilimsel ve profesyonel psikoloji toplulu\u011fu Amerikan Psikoloji Derne\u011fi  APA Psikolojik Hikayeler Serisi, Okuyan Koala ile T\u00fcrk\u00e7ede Yeti\u015fkinlerin oldu\u011fu kadar \u00e7ocuklar\u0131n da ya\u015famlar\u0131nda bir a\u011faca dokunup onu hissetmeye, bir \u00e7ile\u011fin tad\u0131na karma\u015faya d\u00fc\u015fmeden huzurluca varmaya ya da bazen g\u00fcn\u00fcn belli zamanlar\u0131nda sessizli\u011fi dinleyerek \u00e7evresini fark etmeye, bedeninde olanlara ve hislerine odaklanmaya ihtiya\u00e7lar\u0131 vard\u0131r. Mindfulness (bilin\u00e7li fark\u0131ndal\u0131k) \u00e7al\u0131\u015fmalar\u0131 da t\u00fcm bu ihtiya\u00e7lar\u0131 kar\u015f\u0131lamaya y\u00f6nelik egzersizleri i\u00e7ermektedir. \u00c7ocuklar\u0131n duygusal fark\u0131ndal\u0131k d\u00fczeylerini geli\u015ftirmek, kendisine ve \u00e7evresine kar\u015f\u0131 merak duygusunu g\u00fc\u00e7lendirmek, yarat\u0131c\u0131l\u0131klar\u0131n\u0131 ve dikkat d\u00fczeylerini artt\u0131rmak i\u00e7in gereken \u015fey asl\u0131nda \u00e7ok basit: Sessizli\u011fin sesine var\u0131labilecek birka\u00e7 dakika. Bu kitap \u00e7ocuklar\u0131 sessizli\u011fi dinlemeye davet ediyor. APA * Amerikan Psikoloji Derne\u011fi Kuruldu\u011fu 1892 y\u0131l\u0131ndan bug\u00fcne 134 binden fazla psikiyatrist, psikolog, ara\u015ft\u0131rmac\u0131, e\u011fitimci, dan\u0131\u015fman ve \u00f6\u011frenci \u00fcyesiyle, d\u00fcnyan\u0131n en b\u00fcy\u00fck bilimsel ve profesyonel psikoloji toplulu\u011fudur. APA, b\u00fcnyesine katt\u0131\u011f\u0131 Magination Press yoluyla, \u00e7ocuk ruh sa\u011fl\u0131\u011f\u0131 alan\u0131nda uzmanla\u015fm\u0131\u015f profesyoneller taraf\u0131ndan yaz\u0131lm\u0131\u015f kitaplar yay\u0131mlamaktad\u0131r. <\/p>\n","protected":false},"excerpt":{"rendered":"<p>Okuyan Koala, \u00e7ocuk kitaplar\u0131na yepyeni bir standart getiriyor! \u00c7ocuklar i\u00e7in ki\u015fisel geli\u015fim, anne babalar\u0131 i\u00e7in hayat kolayla\u015ft\u0131r\u0131c\u0131, d\u00fcnyan\u0131n en b\u00fcy\u00fck bilimsel ve profesyonel psikoloji toplulu\u011fu Amerikan<span class=\"excerpt-hellip\"> [\u2026]<\/span><\/p>\n","protected":false},"featured_media":0,"template":"","meta":{"_monsterinsights_skip_tracking":false,"_monsterinsights_sitenote_active":false,"_monsterinsights_sitenote_note":"","_monsterinsights_sitenote_category":0},"product_brand":[],"product_cat":[12913,12274],"product_tag":[],"class_list":{"0":"post-712602","1":"product","2":"type-product","3":"status-publish","5":"product_cat-3-6-yas-kitaplari","6":"product_cat-cocuk-ve-genclik-kitaplari","7":"pa_cilt-ciltsiz","8":"pa_tur-kitap","9":"pa_yayinevi-okuyan-koala","10":"pa_yazar-lemniscates","12":"first","13":"instock","14":"sale","15":"shipping-taxable","16":"purchasable","17":"product-type-simple"},"_links":{"self":[{"href":"https:\/\/roveyayinevi.com.tr\/index.php\/wp-json\/wp\/v2\/product\/712602","targetHints":{"allow":["GET"]}}],"collection":[{"href":"https:\/\/roveyayinevi.com.tr\/index.php\/wp-json\/wp\/v2\/product"}],"about":[{"href":"https:\/\/roveyayinevi.com.tr\/index.php\/wp-json\/wp\/v2\/types\/product"}],"wp:attachment":[{"href":"https:\/\/roveyayinevi.com.tr\/index.php\/wp-json\/wp\/v2\/media?parent=712602"}],"wp:term":[{"taxonomy":"product_brand","embeddable":true,"href":"https:\/\/roveyayinevi.com.tr\/index.php\/wp-json\/wp\/v2\/product_brand?post=712602"},{"taxonomy":"product_cat","embeddable":true,"href":"https:\/\/roveyayinevi.com.tr\/index.php\/wp-json\/wp\/v2\/product_cat?post=712602"},{"taxonomy":"product_tag","embeddable":true,"href":"https:\/\/roveyayinevi.com.tr\/index.php\/wp-json\/wp\/v2\/product_tag?post=712602"}],"curies":[{"name":"wp","href":"https:\/\/api.w.org\/{rel}","templated":true}]}}