{"id":712601,"date":"2025-08-27T16:57:44","date_gmt":"2025-08-27T13:57:44","guid":{"rendered":"https:\/\/roveyayinevi.com.tr\/index.php\/urun\/mathias-sandorf-olaganustu-yolculuklar-14\/"},"modified":"2026-04-16T02:21:03","modified_gmt":"2026-04-15T23:21:03","slug":"mathias-sandorf-olaganustu-yolculuklar-14","status":"publish","type":"product","link":"https:\/\/roveyayinevi.com.tr\/index.php\/urun\/mathias-sandorf-olaganustu-yolculuklar-14\/","title":{"rendered":"Mathias Sandorf Ola\u011fan\u00fcst\u00fc Yolculuklar 14"},"content":{"rendered":"<p>Pazin Kalesinden ka\u00e7mak, y\u00fcksek duvarlar\u0131n\u0131n dibindeki u\u00e7urum nedeniyle neredeyse imk\u00e2ns\u0131zd\u0131r. Fakat Avusturyal\u0131lar taraf\u0131ndan \u00f6l\u00fcme mahkum edilen Macar yurtsever Mathias Sandorf\u2019un ba\u015fka \u015fans\u0131 yoktur. H\u00fccre arkada\u015f\u0131yla birlikte parmakl\u0131klar\u0131 zay\u0131flatmay\u0131 ba\u015faran Mathias Sandorf, paratoner kablosunun yard\u0131m\u0131yla a\u015fa\u011f\u0131 inmeye niyetlenir. Fakat tam o s\u0131rada patlak veren f\u0131rt\u0131na ve d\u00fc\u015fen y\u0131ld\u0131r\u0131mlar bu durumu hi\u00e7 de kolayla\u015ft\u0131rmayacakt\u0131r, a\u015fa\u011f\u0131da bekleyen azg\u0131n sel ise onlar\u0131 bir me\u00e7hule s\u00fcr\u00fckleyecektir. Jules Verne, Alexandre Dumas\u2019n\u0131n an\u0131s\u0131na adad\u0131\u011f\u0131 Mathias Sandorf\u2019u, Ola\u011fan\u00fcst\u00fc Yolculuklar\u0131n  Monte-Cristo\u2019su yapmaya \u00e7al\u0131\u015fm\u0131\u015ft\u0131r. <\/p>\n","protected":false},"excerpt":{"rendered":"<p>Pazin Kalesinden ka\u00e7mak, y\u00fcksek duvarlar\u0131n\u0131n dibindeki u\u00e7urum nedeniyle neredeyse imk\u00e2ns\u0131zd\u0131r. Fakat Avusturyal\u0131lar taraf\u0131ndan \u00f6l\u00fcme mahkum edilen Macar yurtsever Mathias Sandorf\u2019un ba\u015fka \u015fans\u0131 yoktur. H\u00fccre arkada\u015f\u0131yla birlikte<span class=\"excerpt-hellip\"> [\u2026]<\/span><\/p>\n","protected":false},"featured_media":0,"template":"","meta":{"_monsterinsights_skip_tracking":false,"_monsterinsights_sitenote_active":false,"_monsterinsights_sitenote_note":"","_monsterinsights_sitenote_category":0},"product_brand":[],"product_cat":[12291,12711],"product_tag":[],"class_list":{"0":"post-712601","1":"product","2":"type-product","3":"status-publish","5":"product_cat-edebiyat","6":"product_cat-roman-oyku","7":"pa_cilt-ciltsiz","8":"pa_tur-kitap","9":"pa_yayinevi-alfa-yayinlari","10":"pa_yazar-jules-verne","12":"first","13":"instock","14":"sale","15":"shipping-taxable","16":"purchasable","17":"product-type-simple"},"_links":{"self":[{"href":"https:\/\/roveyayinevi.com.tr\/index.php\/wp-json\/wp\/v2\/product\/712601","targetHints":{"allow":["GET"]}}],"collection":[{"href":"https:\/\/roveyayinevi.com.tr\/index.php\/wp-json\/wp\/v2\/product"}],"about":[{"href":"https:\/\/roveyayinevi.com.tr\/index.php\/wp-json\/wp\/v2\/types\/product"}],"wp:attachment":[{"href":"https:\/\/roveyayinevi.com.tr\/index.php\/wp-json\/wp\/v2\/media?parent=712601"}],"wp:term":[{"taxonomy":"product_brand","embeddable":true,"href":"https:\/\/roveyayinevi.com.tr\/index.php\/wp-json\/wp\/v2\/product_brand?post=712601"},{"taxonomy":"product_cat","embeddable":true,"href":"https:\/\/roveyayinevi.com.tr\/index.php\/wp-json\/wp\/v2\/product_cat?post=712601"},{"taxonomy":"product_tag","embeddable":true,"href":"https:\/\/roveyayinevi.com.tr\/index.php\/wp-json\/wp\/v2\/product_tag?post=712601"}],"curies":[{"name":"wp","href":"https:\/\/api.w.org\/{rel}","templated":true}]}}