{"id":712599,"date":"2025-08-27T16:57:43","date_gmt":"2025-08-27T13:57:43","guid":{"rendered":"https:\/\/roveyayinevi.com.tr\/index.php\/urun\/bu-kitabi-yalama\/"},"modified":"2026-04-16T02:21:03","modified_gmt":"2026-04-15T23:21:03","slug":"bu-kitabi-yalama","status":"publish","type":"product","link":"https:\/\/roveyayinevi.com.tr\/index.php\/urun\/bu-kitabi-yalama\/","title":{"rendered":"Bu Kitab\u0131 Yalama"},"content":{"rendered":"<p>Mikroplara \u00c7OK YAKINDAN bakmaya ne dersiniz? Idan Ben-Barak ve Julian Frost imzal\u0131 Bu Kitab\u0131 Yalama, sa\u011fl\u0131\u011f\u0131m\u0131z\u0131 olumsuz etkileyen mikroplar\u0131n nerelerde ve nas\u0131l bar\u0131nd\u0131klar\u0131n\u0131 \u00e7ocuklara \u00e7arp\u0131c\u0131 bir \u015fekilde anlatan e\u011flenceli bir \u00f6yk\u00fc. \u00c7ocuklar i\u00e7in bir grafik roman olarak da ele al\u0131nabilecek bu resimli kitap, 5 ya\u015f ve \u00fczeri okurlar\u0131n\u0131, ti\u015f\u00f6rt, di\u015f, kitap ve deri gibi farkl\u0131 y\u00fczeyler \u00fcst\u00fcnde bulunan mikroplar aras\u0131nda bir gezintiye \u00e7\u0131kar\u0131yor. Komik \u00f6yk\u00fcs\u00fc ve matrak \u00e7izimleriyle dikkat \u00e7eken Bu Kitab\u0131 Yalama, y\u00fczeyleri \u00e7ok yak\u0131ndan g\u00f6rme imk\u00e2n\u0131 sa\u011flayan elektron mikroskobuyla \u00e7ekilen foto\u011fraflarla \u00e7ocuk-yeti\u015fkin herkesin ilgisini \u00e7ekmeyi ba\u015far\u0131yor. Mikroplar her yerde. Bazen bir denizin dibinde, bazen Everest Da\u011f\u0131&#8217;n\u0131n zirvesinde. Hatta kimi zaman, bir kitab\u0131n i\u00e7inde! \u00dcstelik \u00e7ok da k\u00fc\u00e7\u00fckler. O kadar k\u00fc\u00e7\u00fckler ki, onlar\u0131 g\u00f6rebilmenin tek yolu mikroskopla bakmaktan ge\u00e7iyor&#8230; ya da daha kolay\u0131, bu kitab\u0131 okumaktan. Bu Kitab\u0131 Yalama, kitaplar\u0131n renkli d\u00fcnyas\u0131yla yeni tan\u0131\u015fan k\u00fc\u00e7\u00fckleri, g\u00f6zle g\u00f6r\u00fclmesi imk\u00e2ns\u0131z mikroplar\u0131n, d\u00f6rt bir yan\u0131m\u0131zdaki fantastik d\u00fcnyas\u0131na g\u00f6t\u00fcr\u00fcyor. \u00dcstelik Min ad\u0131ndaki mini minnac\u0131k bir mikrobun rehberli\u011finde&#8230; E\u011flendirirken bilgilendiren i\u00e7eri\u011fiyle farkl\u0131la\u015fan bu komik kitap, etraftaki her \u015feyin \u00fczerinde bulunan mikroplar\u0131 \u00c7OK YAKINDAN tan\u0131ma olana\u011f\u0131 veriyor. <\/p>\n","protected":false},"excerpt":{"rendered":"<p>Mikroplara \u00c7OK YAKINDAN bakmaya ne dersiniz? Idan Ben-Barak ve Julian Frost imzal\u0131 Bu Kitab\u0131 Yalama, sa\u011fl\u0131\u011f\u0131m\u0131z\u0131 olumsuz etkileyen mikroplar\u0131n nerelerde ve nas\u0131l bar\u0131nd\u0131klar\u0131n\u0131 \u00e7ocuklara \u00e7arp\u0131c\u0131 bir<span class=\"excerpt-hellip\"> [\u2026]<\/span><\/p>\n","protected":false},"featured_media":0,"template":"","meta":{"_monsterinsights_skip_tracking":false,"_monsterinsights_sitenote_active":false,"_monsterinsights_sitenote_note":"","_monsterinsights_sitenote_category":0},"product_brand":[],"product_cat":[12913,12274],"product_tag":[],"class_list":{"0":"post-712599","1":"product","2":"type-product","3":"status-publish","5":"product_cat-3-6-yas-kitaplari","6":"product_cat-cocuk-ve-genclik-kitaplari","7":"pa_cilt-ciltli","8":"pa_tur-kitap","9":"pa_yayinevi-ucanbalik-yayincilik","10":"pa_yazar-idan-ben-barak","12":"first","13":"instock","14":"sale","15":"shipping-taxable","16":"purchasable","17":"product-type-simple"},"_links":{"self":[{"href":"https:\/\/roveyayinevi.com.tr\/index.php\/wp-json\/wp\/v2\/product\/712599","targetHints":{"allow":["GET"]}}],"collection":[{"href":"https:\/\/roveyayinevi.com.tr\/index.php\/wp-json\/wp\/v2\/product"}],"about":[{"href":"https:\/\/roveyayinevi.com.tr\/index.php\/wp-json\/wp\/v2\/types\/product"}],"wp:attachment":[{"href":"https:\/\/roveyayinevi.com.tr\/index.php\/wp-json\/wp\/v2\/media?parent=712599"}],"wp:term":[{"taxonomy":"product_brand","embeddable":true,"href":"https:\/\/roveyayinevi.com.tr\/index.php\/wp-json\/wp\/v2\/product_brand?post=712599"},{"taxonomy":"product_cat","embeddable":true,"href":"https:\/\/roveyayinevi.com.tr\/index.php\/wp-json\/wp\/v2\/product_cat?post=712599"},{"taxonomy":"product_tag","embeddable":true,"href":"https:\/\/roveyayinevi.com.tr\/index.php\/wp-json\/wp\/v2\/product_tag?post=712599"}],"curies":[{"name":"wp","href":"https:\/\/api.w.org\/{rel}","templated":true}]}}