{"id":712595,"date":"2025-08-27T16:57:40","date_gmt":"2025-08-27T13:57:40","guid":{"rendered":"https:\/\/roveyayinevi.com.tr\/index.php\/urun\/kutup-ayisi\/"},"modified":"2026-04-16T02:21:03","modified_gmt":"2026-04-15T23:21:03","slug":"kutup-ayisi","status":"publish","type":"product","link":"https:\/\/roveyayinevi.com.tr\/index.php\/urun\/kutup-ayisi\/","title":{"rendered":"Kutup Ay\u0131s\u0131"},"content":{"rendered":"<p>G\u00f6z al\u0131c\u0131 resimlerle zenginle\u015ftirilmi\u015f bu kitap, hem kutup ay\u0131lar\u0131yla ilgili do\u011fru bilgilere dayan\u0131yor hem de kutup ay\u0131lar\u0131n\u0131n g\u00f6vdeleri, al\u0131\u015fkanl\u0131klar\u0131 ve ya\u015fam alanlar\u0131 \u00fczerine \u015fiirsel ve d\u00fc\u015fsel bir hik\u00e2ye sunuyor. JenniDesmond, ya\u015fad\u0131klar\u0131 ortam ve duygular\u0131yla betimledi\u011fi hayvanlara  ve onlar\u0131n \u00e7evresindeki do\u011faya etkileyici resimleriyle hayat veriyor. Kutup ay\u0131lar\u0131yla ilgili bu hik\u00e2ye, verdi\u011fi \u015fa\u015f\u0131rt\u0131c\u0131 bilgilerle okuyucunun ilgisini \u00e7ekerken, bir yandan da merak\u0131n\u0131 k\u00f6r\u00fckl\u00fcyor. <\/p>\n","protected":false},"excerpt":{"rendered":"<p>G\u00f6z al\u0131c\u0131 resimlerle zenginle\u015ftirilmi\u015f bu kitap, hem kutup ay\u0131lar\u0131yla ilgili do\u011fru bilgilere dayan\u0131yor hem de kutup ay\u0131lar\u0131n\u0131n g\u00f6vdeleri, al\u0131\u015fkanl\u0131klar\u0131 ve ya\u015fam alanlar\u0131 \u00fczerine \u015fiirsel ve d\u00fc\u015fsel<span class=\"excerpt-hellip\"> [\u2026]<\/span><\/p>\n","protected":false},"featured_media":0,"template":"","meta":{"_monsterinsights_skip_tracking":false,"_monsterinsights_sitenote_active":false,"_monsterinsights_sitenote_note":"","_monsterinsights_sitenote_category":0},"product_brand":[],"product_cat":[13829,12274],"product_tag":[],"class_list":{"0":"post-712595","1":"product","2":"type-product","3":"status-publish","5":"product_cat-bilimsel-kitaplar","6":"product_cat-cocuk-ve-genclik-kitaplari","7":"pa_cilt-ciltsiz","8":"pa_tur-kitap","9":"pa_yayinevi-odtu-gelistirme-vakfi-yayincilik","10":"pa_yazar-jenni-desmond","12":"first","13":"instock","14":"sale","15":"shipping-taxable","16":"purchasable","17":"product-type-simple"},"_links":{"self":[{"href":"https:\/\/roveyayinevi.com.tr\/index.php\/wp-json\/wp\/v2\/product\/712595","targetHints":{"allow":["GET"]}}],"collection":[{"href":"https:\/\/roveyayinevi.com.tr\/index.php\/wp-json\/wp\/v2\/product"}],"about":[{"href":"https:\/\/roveyayinevi.com.tr\/index.php\/wp-json\/wp\/v2\/types\/product"}],"wp:attachment":[{"href":"https:\/\/roveyayinevi.com.tr\/index.php\/wp-json\/wp\/v2\/media?parent=712595"}],"wp:term":[{"taxonomy":"product_brand","embeddable":true,"href":"https:\/\/roveyayinevi.com.tr\/index.php\/wp-json\/wp\/v2\/product_brand?post=712595"},{"taxonomy":"product_cat","embeddable":true,"href":"https:\/\/roveyayinevi.com.tr\/index.php\/wp-json\/wp\/v2\/product_cat?post=712595"},{"taxonomy":"product_tag","embeddable":true,"href":"https:\/\/roveyayinevi.com.tr\/index.php\/wp-json\/wp\/v2\/product_tag?post=712595"}],"curies":[{"name":"wp","href":"https:\/\/api.w.org\/{rel}","templated":true}]}}