{"id":712594,"date":"2025-08-27T16:57:40","date_gmt":"2025-08-27T13:57:40","guid":{"rendered":"https:\/\/roveyayinevi.com.tr\/index.php\/urun\/mavi-balina\/"},"modified":"2026-04-16T02:21:03","modified_gmt":"2026-04-15T23:21:03","slug":"mavi-balina","status":"publish","type":"product","link":"https:\/\/roveyayinevi.com.tr\/index.php\/urun\/mavi-balina\/","title":{"rendered":"Mavi Balina"},"content":{"rendered":"<p>G\u00f6rkemli ve g\u00f6z al\u0131c\u0131 resimlerle zenginle\u015ftirilmi\u015f Mavi Balina adl\u0131 bu s\u00fcr\u00fckleyici kitap, \u00e7ocuklar\u0131 balinalar\u0131n muazzam d\u00fcnyas\u0131na ve ilgin\u00e7 ya\u015fam\u0131na do\u011fru e\u011flenceli bir yolculu\u011fa \u00e7\u0131kar\u0131yor. Kitapta mavi balinay\u0131 kamyonlar, arabalar, s\u00fct \u015fi\u015feleri, u\u00e7aklar, su ayg\u0131rlar\u0131 ve hatta a\u011fa\u00e7 g\u00f6vdeleriyle kar\u015f\u0131la\u015ft\u0131rarak \u00f6\u011freniyoruz! Mavi Balina, \u00e7ocuklar\u0131n kitaptan daha \u00e7ok keyif almalar\u0131 i\u00e7in, e\u011flenceli g\u00f6rsel ipu\u00e7lar\u0131 ve tam karar\u0131nda verilen ayr\u0131nt\u0131lar gibi iki \u00f6nemli unsuru bir arada sunuyor. <\/p>\n","protected":false},"excerpt":{"rendered":"<p>G\u00f6rkemli ve g\u00f6z al\u0131c\u0131 resimlerle zenginle\u015ftirilmi\u015f Mavi Balina adl\u0131 bu s\u00fcr\u00fckleyici kitap, \u00e7ocuklar\u0131 balinalar\u0131n muazzam d\u00fcnyas\u0131na ve ilgin\u00e7 ya\u015fam\u0131na do\u011fru e\u011flenceli bir yolculu\u011fa \u00e7\u0131kar\u0131yor. Kitapta mavi<span class=\"excerpt-hellip\"> [\u2026]<\/span><\/p>\n","protected":false},"featured_media":0,"template":"","meta":{"_monsterinsights_skip_tracking":false,"_monsterinsights_sitenote_active":false,"_monsterinsights_sitenote_note":"","_monsterinsights_sitenote_category":0},"product_brand":[],"product_cat":[13829,12274],"product_tag":[],"class_list":{"0":"post-712594","1":"product","2":"type-product","3":"status-publish","5":"product_cat-bilimsel-kitaplar","6":"product_cat-cocuk-ve-genclik-kitaplari","7":"pa_cilt-ciltsiz","8":"pa_tur-kitap","9":"pa_yayinevi-odtu-gelistirme-vakfi-yayincilik","10":"pa_yazar-jenni-desmond","12":"first","13":"instock","14":"sale","15":"shipping-taxable","16":"purchasable","17":"product-type-simple"},"_links":{"self":[{"href":"https:\/\/roveyayinevi.com.tr\/index.php\/wp-json\/wp\/v2\/product\/712594","targetHints":{"allow":["GET"]}}],"collection":[{"href":"https:\/\/roveyayinevi.com.tr\/index.php\/wp-json\/wp\/v2\/product"}],"about":[{"href":"https:\/\/roveyayinevi.com.tr\/index.php\/wp-json\/wp\/v2\/types\/product"}],"wp:attachment":[{"href":"https:\/\/roveyayinevi.com.tr\/index.php\/wp-json\/wp\/v2\/media?parent=712594"}],"wp:term":[{"taxonomy":"product_brand","embeddable":true,"href":"https:\/\/roveyayinevi.com.tr\/index.php\/wp-json\/wp\/v2\/product_brand?post=712594"},{"taxonomy":"product_cat","embeddable":true,"href":"https:\/\/roveyayinevi.com.tr\/index.php\/wp-json\/wp\/v2\/product_cat?post=712594"},{"taxonomy":"product_tag","embeddable":true,"href":"https:\/\/roveyayinevi.com.tr\/index.php\/wp-json\/wp\/v2\/product_tag?post=712594"}],"curies":[{"name":"wp","href":"https:\/\/api.w.org\/{rel}","templated":true}]}}