{"id":712593,"date":"2025-08-27T16:57:39","date_gmt":"2025-08-27T13:57:39","guid":{"rendered":"https:\/\/roveyayinevi.com.tr\/index.php\/urun\/disiplinlerarasi-elestirel-dusunme-rehberi\/"},"modified":"2026-04-16T02:21:03","modified_gmt":"2026-04-15T23:21:03","slug":"disiplinlerarasi-elestirel-dusunme-rehberi","status":"publish","type":"product","link":"https:\/\/roveyayinevi.com.tr\/index.php\/urun\/disiplinlerarasi-elestirel-dusunme-rehberi\/","title":{"rendered":"Disiplinleraras\u0131 Ele\u015ftirel D\u00fc\u015f\u00fcnme Rehberi"},"content":{"rendered":"<p>\u015eu an okumakta oldu\u011funuz bu kitab\u0131, ele\u015ftirel d\u00fc\u015f\u00fcnmeyle ilgili bu gereksinimleri giderece\u011fini d\u00fc\u015f\u00fcnerek \u00e7evirdim. \u00c7\u00fcnk\u00fc bu kitap genel olarak herhangi bir e\u011fitim d\u00fczeyinde okutulan bir\u00e7ok disiplin (sosyal ve do\u011fa bilimleri, i\u015f, sanat, hem\u015firelik vb.) i\u00e7indeki konular\u0131 ele\u015ftirel d\u00fc\u015f\u00fcnme yoluyla nas\u0131l \u00f6\u011fretebiliriz sorusuna \u00e7e\u015fitli etkinlikler yoluyla yan\u0131t vermektedir. Kitapta ele\u015ftirel d\u00fc\u015f\u00fcnme alan\u0131nda \u00e7ok \u00f6nemli bir yere sahip olan Richard Paul\u2019un \u201cele\u015ftirel d\u00fc\u015f\u00fcnmeyi geli\u015ftirme modeli\u201d temel al\u0131nm\u0131\u015f olup \u00f6\u011fretmenlerin ya da \u00f6\u011freticilerin derslerde \u00f6\u011frencileri bilginin pasif al\u0131c\u0131s\u0131 olmaktan kurtar\u0131p ele\u015ftirel d\u00fc\u015f\u00fcnme aktiviteleri ile (sorular, kavram haritalar\u0131, ele\u015ftirel okuma-yazma, vaka \u00e7al\u0131\u015fmalar\u0131, makaleler, birincil kaynaklar vb.) onlar\u0131 aktif hale getirerek y\u00fcksek entelekt\u00fcel standartlara ula\u015ft\u0131rmalar\u0131 ama\u00e7lanm\u0131\u015ft\u0131r. \ufffcTan\u0131t\u0131m Metni<\/p>\n","protected":false},"excerpt":{"rendered":"<p>\u015eu an okumakta oldu\u011funuz bu kitab\u0131, ele\u015ftirel d\u00fc\u015f\u00fcnmeyle ilgili bu gereksinimleri giderece\u011fini d\u00fc\u015f\u00fcnerek \u00e7evirdim. \u00c7\u00fcnk\u00fc bu kitap genel olarak herhangi bir e\u011fitim d\u00fczeyinde okutulan bir\u00e7ok disiplin<span class=\"excerpt-hellip\"> [\u2026]<\/span><\/p>\n","protected":false},"featured_media":0,"template":"","meta":{"_monsterinsights_skip_tracking":false,"_monsterinsights_sitenote_active":false,"_monsterinsights_sitenote_note":"","_monsterinsights_sitenote_category":0},"product_brand":[],"product_cat":[12312,12304],"product_tag":[],"class_list":{"0":"post-712593","1":"product","2":"type-product","3":"status-publish","5":"product_cat-diger","6":"product_cat-tarih","7":"pa_cilt-ciltsiz","8":"pa_tur-kitap","9":"pa_yayinevi-ani-yayincilik","10":"pa_yazar-gerald-m-nosich","12":"first","13":"instock","14":"sale","15":"shipping-taxable","16":"purchasable","17":"product-type-simple"},"_links":{"self":[{"href":"https:\/\/roveyayinevi.com.tr\/index.php\/wp-json\/wp\/v2\/product\/712593","targetHints":{"allow":["GET"]}}],"collection":[{"href":"https:\/\/roveyayinevi.com.tr\/index.php\/wp-json\/wp\/v2\/product"}],"about":[{"href":"https:\/\/roveyayinevi.com.tr\/index.php\/wp-json\/wp\/v2\/types\/product"}],"wp:attachment":[{"href":"https:\/\/roveyayinevi.com.tr\/index.php\/wp-json\/wp\/v2\/media?parent=712593"}],"wp:term":[{"taxonomy":"product_brand","embeddable":true,"href":"https:\/\/roveyayinevi.com.tr\/index.php\/wp-json\/wp\/v2\/product_brand?post=712593"},{"taxonomy":"product_cat","embeddable":true,"href":"https:\/\/roveyayinevi.com.tr\/index.php\/wp-json\/wp\/v2\/product_cat?post=712593"},{"taxonomy":"product_tag","embeddable":true,"href":"https:\/\/roveyayinevi.com.tr\/index.php\/wp-json\/wp\/v2\/product_tag?post=712593"}],"curies":[{"name":"wp","href":"https:\/\/api.w.org\/{rel}","templated":true}]}}