{"id":712592,"date":"2025-08-27T16:57:39","date_gmt":"2025-08-27T13:57:39","guid":{"rendered":"https:\/\/roveyayinevi.com.tr\/index.php\/urun\/zalimler-ve-mazlumlar-kuresellesmenin-insani-olmayan-dogasi\/"},"modified":"2026-04-16T02:21:03","modified_gmt":"2026-04-15T23:21:03","slug":"zalimler-ve-mazlumlar-kuresellesmenin-insani-olmayan-dogasi","status":"publish","type":"product","link":"https:\/\/roveyayinevi.com.tr\/index.php\/urun\/zalimler-ve-mazlumlar-kuresellesmenin-insani-olmayan-dogasi\/","title":{"rendered":"Zalimler Ve Mazlumlar K\u00fcreselle\u015fmenin \u0130nsani Olmayan Do\u011fas\u0131"},"content":{"rendered":"<p>Bu eserde, k\u00fcreselle\u015fmenin d\u00fcnya \u00f6l\u00e7e\u011finde s\u00f6m\u00fcr\u00fcye, e\u015fitsizli\u011fe, sefalete, a\u00e7l\u0131\u011fa, adaletsizli\u011fe ve y\u00fcz milyondan fazla insan\u0131n \u00f6l\u00fcm\u00fcne sebep oldu\u011fu, insanl\u0131\u011fa b\u00fcy\u00fck felaketler getirdi\u011fi, yani insani olmayan bir d\u00fcnya d\u00fczeni in\u015fa etti\u011fi ger\u00e7e\u011fi ayr\u0131nt\u0131l\u0131 bir bi\u00e7imde tahlil edilmi\u015ftir. Bu kitapta, k\u00fcreselle\u015fmenin toplumlar\u0131, k\u00fclt\u00fcrleri ver bireyleri mahvetti\u011fi, \u015fizofren bireyler \u00fcretti\u011fi, Bat\u0131l\u0131 zalim toplumlar\u0131n \u00e7\u0131kar\u0131na i\u015flev g\u00f6rd\u00fc\u011f\u00fc ve Bat\u0131-d\u0131\u015f\u0131 mazlum toplumlar\u0131 tarih sahnesinden silmeye \u00e7al\u0131\u015fan bir s\u00fcre\u00e7 oldu\u011fu iddia edilmi\u015ftir. Bu metinde, k\u00fcreselle\u015fmenin tahrip etti\u011fi Bat\u0131-d\u0131\u015f\u0131 mazlum toplumlar\u0131, insani de\u011ferleri merkeze koyan, her t\u00fcrl\u00fc e\u015fitsizli\u011fi gideren, \u00f6zg\u00fcrl\u00fc\u011f\u00fc, tam ba\u011f\u0131ms\u0131zl\u0131\u011f\u0131, ulus-devleti ve yerlili\u011fi esas alan anlay\u0131\u015flar\u0131n kurtarabilece\u011fi \u00f6ne s\u00fcr\u00fclm\u00fc\u015f, bu \u00e7er\u00e7evede k\u00fcreselle\u015fmeyi sorgulayan teorik tart\u0131\u015fmalara yer verilmi\u015ftir. K\u00fcreselle\u015fmeyi b\u00fct\u00fcn y\u00f6nleriyle tart\u0131\u015fmak isteyenlere&#8230; K\u00fcreselle\u015fme olarak Amerika haydutlu\u011funu ve Avrupa emperyalizminin yeni formu olan Avrupa Birli\u011fi&#8217;ni yeniden sorgulamay\u0131 d\u00fc\u015f\u00fcnenlere&#8230; Amerika ve Avrupa Birli\u011fi kar\u015f\u0131tlar\u0131na&#8230; D\u00fcnyan\u0131n ve T\u00fcrkiye&#8217;nin problemlerine \u00e7\u00f6z\u00fcm arayanlara&#8230; <\/p>\n","protected":false},"excerpt":{"rendered":"<p>Bu eserde, k\u00fcreselle\u015fmenin d\u00fcnya \u00f6l\u00e7e\u011finde s\u00f6m\u00fcr\u00fcye, e\u015fitsizli\u011fe, sefalete, a\u00e7l\u0131\u011fa, adaletsizli\u011fe ve y\u00fcz milyondan fazla insan\u0131n \u00f6l\u00fcm\u00fcne sebep oldu\u011fu, insanl\u0131\u011fa b\u00fcy\u00fck felaketler getirdi\u011fi, yani insani olmayan bir<span class=\"excerpt-hellip\"> [\u2026]<\/span><\/p>\n","protected":false},"featured_media":0,"template":"","meta":{"_monsterinsights_skip_tracking":false,"_monsterinsights_sitenote_active":false,"_monsterinsights_sitenote_note":"","_monsterinsights_sitenote_category":0},"product_brand":[],"product_cat":[12338,12337],"product_tag":[],"class_list":{"0":"post-712592","1":"product","2":"type-product","3":"status-publish","5":"product_cat-dunya-siyaseti-ve-politikasi","6":"product_cat-politika-siyaset","7":"pa_cilt-ciltsiz","8":"pa_tur-kitap","9":"pa_yayinevi-ani-yayincilik","10":"pa_yazar-sezgin-kizilcelik","12":"first","13":"instock","14":"sale","15":"shipping-taxable","16":"purchasable","17":"product-type-simple"},"_links":{"self":[{"href":"https:\/\/roveyayinevi.com.tr\/index.php\/wp-json\/wp\/v2\/product\/712592","targetHints":{"allow":["GET"]}}],"collection":[{"href":"https:\/\/roveyayinevi.com.tr\/index.php\/wp-json\/wp\/v2\/product"}],"about":[{"href":"https:\/\/roveyayinevi.com.tr\/index.php\/wp-json\/wp\/v2\/types\/product"}],"wp:attachment":[{"href":"https:\/\/roveyayinevi.com.tr\/index.php\/wp-json\/wp\/v2\/media?parent=712592"}],"wp:term":[{"taxonomy":"product_brand","embeddable":true,"href":"https:\/\/roveyayinevi.com.tr\/index.php\/wp-json\/wp\/v2\/product_brand?post=712592"},{"taxonomy":"product_cat","embeddable":true,"href":"https:\/\/roveyayinevi.com.tr\/index.php\/wp-json\/wp\/v2\/product_cat?post=712592"},{"taxonomy":"product_tag","embeddable":true,"href":"https:\/\/roveyayinevi.com.tr\/index.php\/wp-json\/wp\/v2\/product_tag?post=712592"}],"curies":[{"name":"wp","href":"https:\/\/api.w.org\/{rel}","templated":true}]}}