{"id":712587,"date":"2025-08-27T16:57:36","date_gmt":"2025-08-27T13:57:36","guid":{"rendered":"https:\/\/roveyayinevi.com.tr\/index.php\/urun\/disney-anna-ve-elsa-buzdan-saraya-donus\/"},"modified":"2026-04-07T02:28:26","modified_gmt":"2026-04-06T23:28:26","slug":"disney-anna-ve-elsa-buzdan-saraya-donus","status":"publish","type":"product","link":"https:\/\/roveyayinevi.com.tr\/index.php\/urun\/disney-anna-ve-elsa-buzdan-saraya-donus\/","title":{"rendered":"Disney &#8211; Anna ve Elsa Buzdan Saraya D\u00f6n\u00fc\u015f"},"content":{"rendered":"<p>Herkesin boyunu a\u015fan bir sorun! Annave Elsa\u2019n\u0131n \u00e7ok \u00f6nemli konuklar\u0131 var. Elsa\u2019n\u0131n g\u00fczeller g\u00fczeli buzdan saray\u0131yla onlar\u0131 etkilemek istiyorlar. Ama oraya gittiklerinde b\u00fcy\u00fck bir s\u00fcrprizle kar\u015f\u0131la\u015f\u0131yorlar: Minik kardan adamlar buzdan saray\u0131 ele ge\u00e7irmi\u015f! <\/p>\n","protected":false},"excerpt":{"rendered":"<p>Herkesin boyunu a\u015fan bir sorun! Annave Elsa\u2019n\u0131n \u00e7ok \u00f6nemli konuklar\u0131 var. Elsa\u2019n\u0131n g\u00fczeller g\u00fczeli buzdan saray\u0131yla onlar\u0131 etkilemek istiyorlar. Ama oraya gittiklerinde b\u00fcy\u00fck bir s\u00fcrprizle kar\u015f\u0131la\u015f\u0131yorlar:<span class=\"excerpt-hellip\"> [\u2026]<\/span><\/p>\n","protected":false},"featured_media":0,"template":"","meta":{"_monsterinsights_skip_tracking":false,"_monsterinsights_sitenote_active":false,"_monsterinsights_sitenote_note":"","_monsterinsights_sitenote_category":0},"product_brand":[],"product_cat":[12275,12274],"product_tag":[],"class_list":{"0":"post-712587","1":"product","2":"type-product","3":"status-publish","5":"product_cat-6-12-yas-kitaplari","6":"product_cat-cocuk-ve-genclik-kitaplari","7":"pa_cilt-ciltsiz","8":"pa_tur-kitap","9":"pa_yayinevi-dogan-cocuk","10":"pa_yazar-kollektif","12":"first","13":"instock","14":"sale","15":"shipping-taxable","16":"purchasable","17":"product-type-simple"},"_links":{"self":[{"href":"https:\/\/roveyayinevi.com.tr\/index.php\/wp-json\/wp\/v2\/product\/712587","targetHints":{"allow":["GET"]}}],"collection":[{"href":"https:\/\/roveyayinevi.com.tr\/index.php\/wp-json\/wp\/v2\/product"}],"about":[{"href":"https:\/\/roveyayinevi.com.tr\/index.php\/wp-json\/wp\/v2\/types\/product"}],"wp:attachment":[{"href":"https:\/\/roveyayinevi.com.tr\/index.php\/wp-json\/wp\/v2\/media?parent=712587"}],"wp:term":[{"taxonomy":"product_brand","embeddable":true,"href":"https:\/\/roveyayinevi.com.tr\/index.php\/wp-json\/wp\/v2\/product_brand?post=712587"},{"taxonomy":"product_cat","embeddable":true,"href":"https:\/\/roveyayinevi.com.tr\/index.php\/wp-json\/wp\/v2\/product_cat?post=712587"},{"taxonomy":"product_tag","embeddable":true,"href":"https:\/\/roveyayinevi.com.tr\/index.php\/wp-json\/wp\/v2\/product_tag?post=712587"}],"curies":[{"name":"wp","href":"https:\/\/api.w.org\/{rel}","templated":true}]}}