{"id":712586,"date":"2025-08-27T16:57:35","date_gmt":"2025-08-27T13:57:35","guid":{"rendered":"https:\/\/roveyayinevi.com.tr\/index.php\/urun\/degersiz-bir-hayat\/"},"modified":"2026-04-08T02:27:28","modified_gmt":"2026-04-07T23:27:28","slug":"degersiz-bir-hayat","status":"publish","type":"product","link":"https:\/\/roveyayinevi.com.tr\/index.php\/urun\/degersiz-bir-hayat\/","title":{"rendered":"De\u011fersiz Bir Hayat"},"content":{"rendered":"<p>\u00dcniversiteden tan\u0131\u015fan d\u00f6rt erkek arkada\u015f: Nazik, yak\u0131\u015f\u0131kl\u0131 ve oyunculukta kariyer yapmak isteyen Willem. Sanat d\u00fcnyas\u0131na h\u0131zl\u0131 bir giri\u015f yapmak isteyen, zeki ama bazen kalpsiz davranabilen JB. Hayallerini ger\u00e7ekle\u015ftirememi\u015f, aileden zengin mimar, Malcolm. Bu arkada\u015f grubunun merkezinde duran, tam bir kapal\u0131 kutu olan avukat Jude.Y\u0131llar i\u00e7inde d\u00f6rtl\u00fcn\u00fcn dostluklar\u0131 ba\u011f\u0131ml\u0131l\u0131k, \u015f\u00f6hret ve kibirle d\u00f6n\u00fc\u015f\u00fcr ve derinle\u015fir. \u00dc\u00e7 arkada\u015f\u0131n kar\u015f\u0131la\u015ft\u0131klar\u0131 en b\u00fcy\u00fck zorluk, hem bedensel hem de duygusal olarak a\u011f\u0131r yaral\u0131 arkada\u015flar\u0131 Jude\u2019un yan\u0131nda yer almak olacakt\u0131r. Jude\u2019un \u00fcstesinden gelemedi\u011fi \u00e7ocukluk travmalar\u0131 t\u00fcm ya\u015fam\u0131n\u0131 etkileyecek ve dostlar\u0131 onu hayatta tutmak i\u00e7in ellerinden geleni yapacaklard\u0131r. Dostluk, a\u015fk, kalp k\u0131r\u0131kl\u0131\u011f\u0131na dair dokunakl\u0131, m\u00fcthi\u015f bir hik\u00e2ye&#8230;   \u201cEnfes&#8230; Bu roman\u0131 bir \u015faheser olarak adland\u0131rmak hi\u00e7 de m\u00fcbala\u011fa olmaz. Hatta bu kelime hafif bile kal\u0131r.\u201d San Francisco Chronicle \u201cHarikulade&#8230; Travma ve arkada\u015fl\u0131k \u00f6ylesine zekice ve derin bir kavray\u0131\u015fla ele al\u0131n\u0131yor ki bu roman bundan sonra bu konuda yaz\u0131lm\u0131\u015f t\u00fcm romanlar i\u00e7in bir \u00f6l\u00e7\u00fct olacak.\u201d The Wall Street Journal \u201cDe\u011fersiz Bir Hayat ba\u015fka hi\u00e7bir romana benzemiyor. S\u0131n\u0131r\u0131 a\u015f\u0131yor, \u00e7izgiden d\u0131\u015far\u0131 ta\u015f\u0131yor, k\u0131saca unutulmaz.\u201d TheIndependent \u201c\u0130\u00e7inize i\u015fliyor. Yanagihara insan\u0131n davran\u0131\u015f\u0131n\u0131n en a\u015fa\u011f\u0131 ve en y\u00fcce u\u00e7 noktalar\u0131n\u0131 can ac\u0131t\u0131c\u0131 bir yo\u011funlukla sorgulayabilme yetene\u011fine sahip bir yazar.\u201d The Times LiterarySupplement <\/p>\n","protected":false},"excerpt":{"rendered":"<p>\u00dcniversiteden tan\u0131\u015fan d\u00f6rt erkek arkada\u015f: Nazik, yak\u0131\u015f\u0131kl\u0131 ve oyunculukta kariyer yapmak isteyen Willem. Sanat d\u00fcnyas\u0131na h\u0131zl\u0131 bir giri\u015f yapmak isteyen, zeki ama bazen kalpsiz davranabilen JB.<span class=\"excerpt-hellip\"> [\u2026]<\/span><\/p>\n","protected":false},"featured_media":0,"template":"","meta":{"_monsterinsights_skip_tracking":false,"_monsterinsights_sitenote_active":false,"_monsterinsights_sitenote_note":"","_monsterinsights_sitenote_category":0},"product_brand":[],"product_cat":[12291,12711],"product_tag":[],"class_list":{"0":"post-712586","1":"product","2":"type-product","3":"status-publish","5":"product_cat-edebiyat","6":"product_cat-roman-oyku","7":"pa_cilt-ciltsiz","8":"pa_tur-kitap","9":"pa_yayinevi-dogan-kitap","10":"pa_yazar-hanya-yanagihara","12":"first","13":"instock","14":"sale","15":"shipping-taxable","16":"purchasable","17":"product-type-simple"},"_links":{"self":[{"href":"https:\/\/roveyayinevi.com.tr\/index.php\/wp-json\/wp\/v2\/product\/712586","targetHints":{"allow":["GET"]}}],"collection":[{"href":"https:\/\/roveyayinevi.com.tr\/index.php\/wp-json\/wp\/v2\/product"}],"about":[{"href":"https:\/\/roveyayinevi.com.tr\/index.php\/wp-json\/wp\/v2\/types\/product"}],"wp:attachment":[{"href":"https:\/\/roveyayinevi.com.tr\/index.php\/wp-json\/wp\/v2\/media?parent=712586"}],"wp:term":[{"taxonomy":"product_brand","embeddable":true,"href":"https:\/\/roveyayinevi.com.tr\/index.php\/wp-json\/wp\/v2\/product_brand?post=712586"},{"taxonomy":"product_cat","embeddable":true,"href":"https:\/\/roveyayinevi.com.tr\/index.php\/wp-json\/wp\/v2\/product_cat?post=712586"},{"taxonomy":"product_tag","embeddable":true,"href":"https:\/\/roveyayinevi.com.tr\/index.php\/wp-json\/wp\/v2\/product_tag?post=712586"}],"curies":[{"name":"wp","href":"https:\/\/api.w.org\/{rel}","templated":true}]}}