{"id":712585,"date":"2025-08-27T16:57:35","date_gmt":"2025-08-27T13:57:35","guid":{"rendered":"https:\/\/roveyayinevi.com.tr\/index.php\/urun\/kardesini-dogurmak-turkiyede-ensest-gercegi\/"},"modified":"2026-04-16T02:21:03","modified_gmt":"2026-04-15T23:21:03","slug":"kardesini-dogurmak-turkiyede-ensest-gercegi","status":"publish","type":"product","link":"https:\/\/roveyayinevi.com.tr\/index.php\/urun\/kardesini-dogurmak-turkiyede-ensest-gercegi\/","title":{"rendered":"Karde\u015fini Do\u011furmak T\u00fcrkiye&#8217;de Ensest Ger\u00e7e\u011fi"},"content":{"rendered":"<p>Karde\u015fini Do\u011furmak elini ta\u015f\u0131n alt\u0131na koymaktan \u00e7ekinmeyen bir kalemin \u00fcr\u00fcn\u00fc\u2026\u201cDirekt b\u00fcy\u00fcd\u00fcm, b\u00fcy\u00fctt\u00fcler\u201d\u201cB\u00fc\u015fra Sanay insanl\u0131\u011f\u0131n  en karanl\u0131k noktas\u0131na, en ba\u011f\u0131\u015flanmaz su\u00e7una b\u00fcy\u00fck bir cesaretle e\u011filiyor ve ne kadar ac\u0131 olursa olsun ger\u00e7e\u011fin g\u00f6z\u00fcn\u00fcn i\u00e7ine bakmaya \u00e7a\u011f\u0131r\u0131yor bizi. Belki de ar\u0131nma, bu y\u00fczle\u015fmelerle gelecek. B\u00fc\u015fra gibi duyarl\u0131 insanlar\u0131n ac\u0131 \u00e7ekme pahas\u0131na yazd\u0131\u011f\u0131, b\u00f6yle \u00f6nemli kitaplarla\u2026 Okurken sars\u0131lacaks\u0131n\u0131z hem de \u00e7ok sars\u0131lacaks\u0131n\u0131z. San\u0131r\u0131m gerekli olan da bu\u2026\u201dZ\u00fclf\u00fc LivaneliT\u00fcrkiye\u2019nin en mahrem yerinde g\u00f6r\u00fclmeyen, g\u00f6rmezden gelinen bir yara: Ensest. CNNT\u00fcrk haber spikeri B\u00fc\u015fra Sanay, y\u0131llarca s\u00fcren titiz bir \u00e7al\u0131\u015fmayla ensest ma\u011fdurlar\u0131ndan ailelere, sosyologlardan ilahiyat\u00e7\u0131lara, hukuk\u00e7ulardan e\u011fitimcilere, psikologlardan adli t\u0131p\u00e7\u0131lara kadar her kesimden insanla konu\u015farak T\u00fcrkiye\u2019nin ensest tablosunu ortaya \u00e7\u0131kard\u0131. <\/p>\n","protected":false},"excerpt":{"rendered":"<p>Karde\u015fini Do\u011furmak elini ta\u015f\u0131n alt\u0131na koymaktan \u00e7ekinmeyen bir kalemin \u00fcr\u00fcn\u00fc\u2026\u201cDirekt b\u00fcy\u00fcd\u00fcm, b\u00fcy\u00fctt\u00fcler\u201d\u201cB\u00fc\u015fra Sanay insanl\u0131\u011f\u0131n en karanl\u0131k noktas\u0131na, en ba\u011f\u0131\u015flanmaz su\u00e7una b\u00fcy\u00fck bir cesaretle e\u011filiyor ve ne<span class=\"excerpt-hellip\"> [\u2026]<\/span><\/p>\n","protected":false},"featured_media":0,"template":"","meta":{"_monsterinsights_skip_tracking":false,"_monsterinsights_sitenote_active":false,"_monsterinsights_sitenote_note":"","_monsterinsights_sitenote_category":0},"product_brand":[],"product_cat":[12312,12304],"product_tag":[],"class_list":{"0":"post-712585","1":"product","2":"type-product","3":"status-publish","5":"product_cat-diger","6":"product_cat-tarih","7":"pa_cilt-ciltsiz","8":"pa_tur-kitap","9":"pa_yayinevi-dogan-kitap","10":"pa_yazar-busra-sanay","12":"first","13":"instock","14":"sale","15":"shipping-taxable","16":"purchasable","17":"product-type-simple"},"_links":{"self":[{"href":"https:\/\/roveyayinevi.com.tr\/index.php\/wp-json\/wp\/v2\/product\/712585","targetHints":{"allow":["GET"]}}],"collection":[{"href":"https:\/\/roveyayinevi.com.tr\/index.php\/wp-json\/wp\/v2\/product"}],"about":[{"href":"https:\/\/roveyayinevi.com.tr\/index.php\/wp-json\/wp\/v2\/types\/product"}],"wp:attachment":[{"href":"https:\/\/roveyayinevi.com.tr\/index.php\/wp-json\/wp\/v2\/media?parent=712585"}],"wp:term":[{"taxonomy":"product_brand","embeddable":true,"href":"https:\/\/roveyayinevi.com.tr\/index.php\/wp-json\/wp\/v2\/product_brand?post=712585"},{"taxonomy":"product_cat","embeddable":true,"href":"https:\/\/roveyayinevi.com.tr\/index.php\/wp-json\/wp\/v2\/product_cat?post=712585"},{"taxonomy":"product_tag","embeddable":true,"href":"https:\/\/roveyayinevi.com.tr\/index.php\/wp-json\/wp\/v2\/product_tag?post=712585"}],"curies":[{"name":"wp","href":"https:\/\/api.w.org\/{rel}","templated":true}]}}