{"id":712581,"date":"2025-08-27T16:57:33","date_gmt":"2025-08-27T13:57:33","guid":{"rendered":"https:\/\/roveyayinevi.com.tr\/index.php\/urun\/sosyal-hizmet-etigi-ve-degerleri\/"},"modified":"2026-04-16T02:21:03","modified_gmt":"2026-04-15T23:21:03","slug":"sosyal-hizmet-etigi-ve-degerleri","status":"publish","type":"product","link":"https:\/\/roveyayinevi.com.tr\/index.php\/urun\/sosyal-hizmet-etigi-ve-degerleri\/","title":{"rendered":"Sosyal Hizmet Eti\u011fi ve De\u011ferleri"},"content":{"rendered":"<p>Sosyal hizmette ve di\u011fer mesleklerde de\u011ferler ve etikle ili\u015fkili \u00e7ok \u00e7e\u015fitli sorunlar, saha \u00e7al\u0131\u015fmalar\u0131n\u0131n yap\u0131lmas\u0131yla g\u00f6r\u00fcn\u00fcr hale gelmi\u015ftir. Uygulamal\u0131 etik ve meslek eti\u011fi, b\u00fcy\u00fck \u00f6l\u00e7\u00fcde t\u0131p ve sa\u011fl\u0131k bak\u0131m\u0131ndan artan etik sorunlar\u0131n bir sonucu olarak 1970&#8217;lerde \u015fekillenmeye ba\u015flam\u0131\u015ft\u0131r. O tarihten itibaren akademisyenler ve uygulay\u0131c\u0131lar, de\u011ferler ve eti\u011fin meslekleriyle ili\u015fkisini ara\u015ft\u0131rd\u0131lar, mesleklerindeki etik sorunlar\u0131 tart\u0131\u015ft\u0131lar, mesleki uygulamada ortaya \u00e7\u0131kan etik ikilemler, etik kavramlar ve kuramlar\u0131n ili\u015fkisini inceleyerek bu alanlarda e\u011fitim ve mesleki e\u011fitim olanaklar\u0131n\u0131 geli\u015ftirdiler.Sosyal hizmet de\u011ferleri ve eti\u011fi \u00fczerine literat\u00fcr\u00fcn b\u00fcy\u00fck b\u00f6l\u00fcm\u00fc 1970&#8217;lerin ortas\u0131ndan sonra yaz\u0131lm\u0131\u015ft\u0131r. 1970&#8217;lerden itibaren de\u011fer ve etik \u00fczerine mesleki konferanslarda \u00e7ok say\u0131da bildiri sunulmu\u015f, sosyal hizmet kurumlar\u0131nda e\u011fitimler d\u00fczenlenmi\u015f, lisans ve y\u00fcksek lisans programlar\u0131na dersler eklenmi\u015ftir. B\u00f6ylece, g\u00fcn\u00fcm\u00fcz\u00fcn sosyal hizmet uzmanlar\u0131, etik ve de\u011ferlerle ilgili olarak, ge\u00e7mi\u015fteki meslekta\u015flar\u0131ndan \u00e7ok daha fazla bilgiye eri\u015febilmektedirler. Zaman h\u0131zla de\u011fi\u015fmektedir. Mesleki literat\u00fcr de bu h\u0131za yeti\u015fmelidir. \u00c7a\u011fda\u015f sosyal hizmet uzmanlar\u0131 mesleki de\u011ferler ve etikle ilgili geli\u015fen bilgi b\u00fct\u00fcn\u00fcnden ve uygulay\u0131c\u0131lar\u0131n kar\u015f\u0131la\u015ft\u0131klar\u0131 etik sorun ve g\u00fc\u00e7l\u00fcklerden haberdar olmal\u0131d\u0131rlar.Sosyal Hizmet Eti\u011fi ve De\u011ferleri kitab\u0131 bu ama\u00e7la yaz\u0131lm\u0131\u015ft\u0131r. Bu kitap sosyal hizmet uzmanlar\u0131na mesleki etik ve de\u011ferlerle ili\u015fkili sosyal hizmet de\u011ferlerinin do\u011fas\u0131, etik ikilemler, karar alma ve etik risk y\u00f6netimi gibi en kritik ve ya\u015famsal konulara ili\u015fkin k\u0131sa ama geni\u015f kapsaml\u0131 bir bak\u0131\u015f a\u00e7\u0131s\u0131 sa\u011flamak amac\u0131yla tasarlanm\u0131\u015ft\u0131r. <\/p>\n","protected":false},"excerpt":{"rendered":"<p>Sosyal hizmette ve di\u011fer mesleklerde de\u011ferler ve etikle ili\u015fkili \u00e7ok \u00e7e\u015fitli sorunlar, saha \u00e7al\u0131\u015fmalar\u0131n\u0131n yap\u0131lmas\u0131yla g\u00f6r\u00fcn\u00fcr hale gelmi\u015ftir. Uygulamal\u0131 etik ve meslek eti\u011fi, b\u00fcy\u00fck \u00f6l\u00e7\u00fcde t\u0131p<span class=\"excerpt-hellip\"> [\u2026]<\/span><\/p>\n","protected":false},"featured_media":0,"template":"","meta":{"_monsterinsights_skip_tracking":false,"_monsterinsights_sitenote_active":false,"_monsterinsights_sitenote_note":"","_monsterinsights_sitenote_category":0},"product_brand":[],"product_cat":[12312,12304],"product_tag":[],"class_list":{"0":"post-712581","1":"product","2":"type-product","3":"status-publish","5":"product_cat-diger","6":"product_cat-tarih","7":"pa_cilt-ciltsiz","8":"pa_tur-kitap","9":"pa_yayinevi-nika-yayinevi","10":"pa_yazar-frederic-g-reamer","12":"first","13":"instock","14":"sale","15":"shipping-taxable","16":"purchasable","17":"product-type-simple"},"_links":{"self":[{"href":"https:\/\/roveyayinevi.com.tr\/index.php\/wp-json\/wp\/v2\/product\/712581","targetHints":{"allow":["GET"]}}],"collection":[{"href":"https:\/\/roveyayinevi.com.tr\/index.php\/wp-json\/wp\/v2\/product"}],"about":[{"href":"https:\/\/roveyayinevi.com.tr\/index.php\/wp-json\/wp\/v2\/types\/product"}],"wp:attachment":[{"href":"https:\/\/roveyayinevi.com.tr\/index.php\/wp-json\/wp\/v2\/media?parent=712581"}],"wp:term":[{"taxonomy":"product_brand","embeddable":true,"href":"https:\/\/roveyayinevi.com.tr\/index.php\/wp-json\/wp\/v2\/product_brand?post=712581"},{"taxonomy":"product_cat","embeddable":true,"href":"https:\/\/roveyayinevi.com.tr\/index.php\/wp-json\/wp\/v2\/product_cat?post=712581"},{"taxonomy":"product_tag","embeddable":true,"href":"https:\/\/roveyayinevi.com.tr\/index.php\/wp-json\/wp\/v2\/product_tag?post=712581"}],"curies":[{"name":"wp","href":"https:\/\/api.w.org\/{rel}","templated":true}]}}