{"id":712580,"date":"2025-08-27T16:57:32","date_gmt":"2025-08-27T13:57:32","guid":{"rendered":"https:\/\/roveyayinevi.com.tr\/index.php\/urun\/kirik-kalpler-terzihanesi\/"},"modified":"2026-04-16T02:21:03","modified_gmt":"2026-04-15T23:21:03","slug":"kirik-kalpler-terzihanesi","status":"publish","type":"product","link":"https:\/\/roveyayinevi.com.tr\/index.php\/urun\/kirik-kalpler-terzihanesi\/","title":{"rendered":"K\u0131r\u0131k Kalpler Terzihanesi"},"content":{"rendered":"<p>K\u0131r\u0131k Kalpler Terzihanesi, Gizli Kalm\u0131\u015f Bir \u0130stanbul Masal\u0131, \u0130nsans\u0131z Kona\u011f\u0131n \u0130konu, Pervaneler, A\u015fk Ya\u015fama \u00c7ok U\u00e7uk, Horasan Elyazmas\u0131 ve Ta\u015f Devri ile \u00f6yk\u00fcc\u00fcl\u00fc\u011f\u00fcm\u00fcz\u00fcn yenilik\u00e7i \u00e7izgisindeki yerini alan Ali Teoman&#8217;\u0131n yedinci \u00f6yk\u00fc kitab\u0131. Gizemli, Romanesk ve Grotesk \u00f6yk\u00fclerin bir araya geldi\u011fi kitab\u0131n Romanesk \u00d6yk\u00fcler b\u00f6l\u00fcm\u00fc yazar\u0131n son roman\u0131 Gecenin Atlar\u0131 ile kesi\u015fiyor. Anla\u015f\u0131l\u0131yor ki anlat\u0131 evreninin boyutlar\u0131n\u0131 \u00f6yk\u00fc-roman ayr\u0131m\u0131 g\u00f6zetmeden sergilerken kendine \u00f6zg\u00fc \u00f6yk\u00fcleme bi\u00e7imlerinin izini s\u00fcrmeyi b\u0131rakmayan bir yazar var kar\u015f\u0131m\u0131zda. Ali Teoman, ard\u0131nda b\u0131rakt\u0131\u011f\u0131 metinlerle de \u00f6yk\u00fcc\u00fcl\u00fc\u011f\u00fcm\u00fcze yepyeni &#8220;yap\u0131&#8221;lar kazand\u0131rmay\u0131 s\u00fcrd\u00fcr\u00fcyor. \ufffc<\/p>\n","protected":false},"excerpt":{"rendered":"<p>K\u0131r\u0131k Kalpler Terzihanesi, Gizli Kalm\u0131\u015f Bir \u0130stanbul Masal\u0131, \u0130nsans\u0131z Kona\u011f\u0131n \u0130konu, Pervaneler, A\u015fk Ya\u015fama \u00c7ok U\u00e7uk, Horasan Elyazmas\u0131 ve Ta\u015f Devri ile \u00f6yk\u00fcc\u00fcl\u00fc\u011f\u00fcm\u00fcz\u00fcn yenilik\u00e7i \u00e7izgisindeki yerini<span class=\"excerpt-hellip\"> [\u2026]<\/span><\/p>\n","protected":false},"featured_media":0,"template":"","meta":{"_monsterinsights_skip_tracking":false,"_monsterinsights_sitenote_active":false,"_monsterinsights_sitenote_note":"","_monsterinsights_sitenote_category":0},"product_brand":[],"product_cat":[12291,12711],"product_tag":[],"class_list":{"0":"post-712580","1":"product","2":"type-product","3":"status-publish","5":"product_cat-edebiyat","6":"product_cat-roman-oyku","7":"pa_cilt-ciltsiz","8":"pa_tur-kitap","9":"pa_yayinevi-yapi-kredi-yayinlari","10":"pa_yazar-ali-teoman","12":"first","13":"instock","14":"sale","15":"shipping-taxable","16":"purchasable","17":"product-type-simple"},"_links":{"self":[{"href":"https:\/\/roveyayinevi.com.tr\/index.php\/wp-json\/wp\/v2\/product\/712580","targetHints":{"allow":["GET"]}}],"collection":[{"href":"https:\/\/roveyayinevi.com.tr\/index.php\/wp-json\/wp\/v2\/product"}],"about":[{"href":"https:\/\/roveyayinevi.com.tr\/index.php\/wp-json\/wp\/v2\/types\/product"}],"wp:attachment":[{"href":"https:\/\/roveyayinevi.com.tr\/index.php\/wp-json\/wp\/v2\/media?parent=712580"}],"wp:term":[{"taxonomy":"product_brand","embeddable":true,"href":"https:\/\/roveyayinevi.com.tr\/index.php\/wp-json\/wp\/v2\/product_brand?post=712580"},{"taxonomy":"product_cat","embeddable":true,"href":"https:\/\/roveyayinevi.com.tr\/index.php\/wp-json\/wp\/v2\/product_cat?post=712580"},{"taxonomy":"product_tag","embeddable":true,"href":"https:\/\/roveyayinevi.com.tr\/index.php\/wp-json\/wp\/v2\/product_tag?post=712580"}],"curies":[{"name":"wp","href":"https:\/\/api.w.org\/{rel}","templated":true}]}}