{"id":712577,"date":"2025-08-27T16:57:30","date_gmt":"2025-08-27T13:57:30","guid":{"rendered":"https:\/\/roveyayinevi.com.tr\/index.php\/urun\/moskovada-bir-beyefendi\/"},"modified":"2026-04-16T02:21:03","modified_gmt":"2026-04-15T23:21:03","slug":"moskovada-bir-beyefendi","status":"publish","type":"product","link":"https:\/\/roveyayinevi.com.tr\/index.php\/urun\/moskovada-bir-beyefendi\/","title":{"rendered":"Moskova&#8217;da Bir Beyefendi"},"content":{"rendered":"<p>1922 y\u0131l\u0131nda Kont Aleksandr \u0130lyi\u00e7 Rostov Bol\u015fevik mahkemesi taraf\u0131ndan yarg\u0131lanarak su\u00e7lu bulunur ve Moskova\u2019daki l\u00fcks bir otelde \u00f6m\u00fcr boyu g\u00f6z hapsinde tutulmas\u0131na karar verilir.Hayat\u0131 boyunca hi\u00e7 \u00e7al\u0131\u015fmam\u0131\u015f, sadece edebiyat ve sanatla ilgilenmi\u015f bir aristokrat olan Rostov \u015fimdi bir otel odas\u0131nda ya\u015famak ve Sovyetler Birli\u011fi\u2019nin en \u00e7alkant\u0131l\u0131 y\u0131llar\u0131n\u0131 pencereden izlemek zorundad\u0131r.Ancak hi\u00e7 ummad\u0131\u011f\u0131 bir \u015fekilde bu darac\u0131k oda ona \u00e7ok daha zengin bir d\u00fcnyan\u0131n ve \u00e7ok daha doyurucu ili\u015fkilerin kap\u0131s\u0131n\u0131 a\u00e7acakt\u0131r.New York Times\u2019\u0131n \u00e7ok satanlar listesinden uzun s\u00fcre inmeyen Moskova\u2019da bir Beyefendi mizahi dili, sa\u011flam karakterleriyle yaz\u0131n d\u00fcnyas\u0131na yepyeni bir soluk getirecek. <\/p>\n","protected":false},"excerpt":{"rendered":"<p>1922 y\u0131l\u0131nda Kont Aleksandr \u0130lyi\u00e7 Rostov Bol\u015fevik mahkemesi taraf\u0131ndan yarg\u0131lanarak su\u00e7lu bulunur ve Moskova\u2019daki l\u00fcks bir otelde \u00f6m\u00fcr boyu g\u00f6z hapsinde tutulmas\u0131na karar verilir.Hayat\u0131 boyunca hi\u00e7<span class=\"excerpt-hellip\"> [\u2026]<\/span><\/p>\n","protected":false},"featured_media":0,"template":"","meta":{"_monsterinsights_skip_tracking":false,"_monsterinsights_sitenote_active":false,"_monsterinsights_sitenote_note":"","_monsterinsights_sitenote_category":0},"product_brand":[],"product_cat":[12291,12711],"product_tag":[],"class_list":{"0":"post-712577","1":"product","2":"type-product","3":"status-publish","5":"product_cat-edebiyat","6":"product_cat-roman-oyku","7":"pa_cilt-ciltsiz","8":"pa_tur-kitap","9":"pa_yayinevi-hep-kitap","10":"pa_yazar-amor-towles","12":"first","13":"instock","14":"sale","15":"shipping-taxable","16":"purchasable","17":"product-type-simple"},"_links":{"self":[{"href":"https:\/\/roveyayinevi.com.tr\/index.php\/wp-json\/wp\/v2\/product\/712577","targetHints":{"allow":["GET"]}}],"collection":[{"href":"https:\/\/roveyayinevi.com.tr\/index.php\/wp-json\/wp\/v2\/product"}],"about":[{"href":"https:\/\/roveyayinevi.com.tr\/index.php\/wp-json\/wp\/v2\/types\/product"}],"wp:attachment":[{"href":"https:\/\/roveyayinevi.com.tr\/index.php\/wp-json\/wp\/v2\/media?parent=712577"}],"wp:term":[{"taxonomy":"product_brand","embeddable":true,"href":"https:\/\/roveyayinevi.com.tr\/index.php\/wp-json\/wp\/v2\/product_brand?post=712577"},{"taxonomy":"product_cat","embeddable":true,"href":"https:\/\/roveyayinevi.com.tr\/index.php\/wp-json\/wp\/v2\/product_cat?post=712577"},{"taxonomy":"product_tag","embeddable":true,"href":"https:\/\/roveyayinevi.com.tr\/index.php\/wp-json\/wp\/v2\/product_tag?post=712577"}],"curies":[{"name":"wp","href":"https:\/\/api.w.org\/{rel}","templated":true}]}}