{"id":712575,"date":"2025-08-27T16:57:29","date_gmt":"2025-08-27T13:57:29","guid":{"rendered":"https:\/\/roveyayinevi.com.tr\/index.php\/urun\/piyano-icin-12-halk-turkusu\/"},"modified":"2026-04-16T02:21:03","modified_gmt":"2026-04-15T23:21:03","slug":"piyano-icin-12-halk-turkusu","status":"publish","type":"product","link":"https:\/\/roveyayinevi.com.tr\/index.php\/urun\/piyano-icin-12-halk-turkusu\/","title":{"rendered":"Piyano \u0130\u00e7in 12 Halk T\u00fcrk\u00fcs\u00fc"},"content":{"rendered":"<p>Bu kitapta K\u0131r\u0131m\u2019l\u0131 besteci Cemil Karikov taraf\u0131ndan d\u00fczenlenerek piyano repertuvar\u0131na kazand\u0131r\u0131lan Tren Gelir, \u00dcsk\u00fcdar\u2019a Gider \u0130ken, Bug\u00fcn Bize Pir Geldi, Bir Ate\u015f Ver, \u015eemsiye, Trabzon, Ata Bar\u0131, Al Mendili, B\u00fclb\u00fcl\u00fcm Alt\u0131n Kafeste, Y\u00f6r\u00fck Ali, \u00dc\u00e7 Ayak ve Bom Bili Bom isimli 12 modal t\u00fcrk\u00fc yer almaktad\u0131r. Kitaptaki eserler daha \u00f6nce \u0130stanbul Avni Akyol G\u00fczel Sanatlar Lisesi\u2019nde seslendirilmi\u015f ve hem \u00f6\u011frenciler hem de \u00f6\u011fretmenler taraf\u0131ndan b\u00fcy\u00fck be\u011feniyle kar\u015f\u0131lanm\u0131\u015ft\u0131r. Kullan\u0131c\u0131lar\u0131n eser se\u00e7imini kolayla\u015ft\u0131rmas\u0131 ve fikir vermesi bak\u0131m\u0131ndan b\u00fct\u00fcn par\u00e7alar\u0131n indirilebilir MP3 dosyalar\u0131 yay\u0131nevi web sitesine eklenmi\u015ftir. D\u00fcnya piyano repertuvar\u0131na Anadolu co\u011frafyas\u0131ndan \u00e7\u0131karak katk\u0131 sa\u011flayacak olan bu de\u011ferli t\u00fcrk\u00fclerin b\u00fct\u00fcn piyanistler taraf\u0131ndan sevilerek seslendirilmesi dile\u011fiyle. *   *   * Bizim kom\u015fumuz olan T\u00fcrkiye\u2019nin m\u00fczik k\u00fclt\u00fcr\u00fc \u00e7o\u011fu hususta bizim i\u00e7in bir bilmece olarak kalmaya devam etmektedir. Yetenekli besteci Cemil Karikov\u2019un haz\u0131rlad\u0131\u011f\u0131 \u201c12 T\u00fcrk Halk T\u00fcrk\u00fcs\u00fc\u201d piyano eseri derlemesi sayesinde bu parlak ve \u00f6zg\u00fcn k\u00fclt\u00fcr bize daha yak\u0131n ve daha eri\u015filebilir olmu\u015ftur. \u00d6zg\u00fcn ritimler, ilgin\u00e7 ve harmonik makamlar, piyano eserlerinin imgesel anlat\u0131m\u0131, ger\u00e7ek Do\u011fu motiflerine boyanm\u0131\u015f bu \u00fclkenin do\u011fas\u0131n\u0131 daha \u00e7ok anlamam\u0131za imkan sa\u011flamaktad\u0131r. \u015e\u00fcphesiz ki \u00f6l\u00e7ek olarak fazla b\u00fcy\u00fck olmayan anla\u015f\u0131labilir bu besteler, m\u00fczik okullar\u0131, piyano \u00f6\u011frencileri ve \u00f6\u011fretmenleri ile m\u00fczikseverlerin repertuvar\u0131n\u0131 zenginle\u015ftirmekte, onlara T\u00fcrkiye\u2019nin zengin m\u00fczik miras\u0131na dokunma imkan\u0131sa\u011flamaktad\u0131r. Ye. N. Polinnikova,SergeyRahmaninov 1 No.luM\u00fczik Okulu M\u00fcd\u00fcr\u00fc Simferopol \/ K\u0131r\u0131m <\/p>\n","protected":false},"excerpt":{"rendered":"<p>Bu kitapta K\u0131r\u0131m\u2019l\u0131 besteci Cemil Karikov taraf\u0131ndan d\u00fczenlenerek piyano repertuvar\u0131na kazand\u0131r\u0131lan Tren Gelir, \u00dcsk\u00fcdar\u2019a Gider \u0130ken, Bug\u00fcn Bize Pir Geldi, Bir Ate\u015f Ver, \u015eemsiye, Trabzon, Ata<span class=\"excerpt-hellip\"> [\u2026]<\/span><\/p>\n","protected":false},"featured_media":0,"template":"","meta":{"_monsterinsights_skip_tracking":false,"_monsterinsights_sitenote_active":false,"_monsterinsights_sitenote_note":"","_monsterinsights_sitenote_category":0},"product_brand":[],"product_cat":[14556,14557],"product_tag":[],"class_list":{"0":"post-712575","1":"product","2":"type-product","3":"status-publish","5":"product_cat-muzik","6":"product_cat-nota-kitaplari","7":"pa_cilt-ciltsiz","8":"pa_tur-kitap","9":"pa_yayinevi-muzik-egitimi-yayinlari","10":"pa_yazar-cemil-karikov","12":"first","13":"instock","14":"sale","15":"shipping-taxable","16":"purchasable","17":"product-type-simple"},"_links":{"self":[{"href":"https:\/\/roveyayinevi.com.tr\/index.php\/wp-json\/wp\/v2\/product\/712575","targetHints":{"allow":["GET"]}}],"collection":[{"href":"https:\/\/roveyayinevi.com.tr\/index.php\/wp-json\/wp\/v2\/product"}],"about":[{"href":"https:\/\/roveyayinevi.com.tr\/index.php\/wp-json\/wp\/v2\/types\/product"}],"wp:attachment":[{"href":"https:\/\/roveyayinevi.com.tr\/index.php\/wp-json\/wp\/v2\/media?parent=712575"}],"wp:term":[{"taxonomy":"product_brand","embeddable":true,"href":"https:\/\/roveyayinevi.com.tr\/index.php\/wp-json\/wp\/v2\/product_brand?post=712575"},{"taxonomy":"product_cat","embeddable":true,"href":"https:\/\/roveyayinevi.com.tr\/index.php\/wp-json\/wp\/v2\/product_cat?post=712575"},{"taxonomy":"product_tag","embeddable":true,"href":"https:\/\/roveyayinevi.com.tr\/index.php\/wp-json\/wp\/v2\/product_tag?post=712575"}],"curies":[{"name":"wp","href":"https:\/\/api.w.org\/{rel}","templated":true}]}}