{"id":712571,"date":"2025-08-27T16:57:27","date_gmt":"2025-08-27T13:57:27","guid":{"rendered":"https:\/\/roveyayinevi.com.tr\/index.php\/urun\/kurtulus-savasinin-mali-kaynaklari\/"},"modified":"2026-04-16T02:21:02","modified_gmt":"2026-04-15T23:21:02","slug":"kurtulus-savasinin-mali-kaynaklari","status":"publish","type":"product","link":"https:\/\/roveyayinevi.com.tr\/index.php\/urun\/kurtulus-savasinin-mali-kaynaklari\/","title":{"rendered":"Kurtulu\u015f Sava\u015f\u0131n\u0131n Mali Kaynaklar\u0131"},"content":{"rendered":"<p>T\u00fcrk Kurtulu\u015f Sava\u015f\u0131, 20. y\u00fczy\u0131l\u0131n ba\u015far\u0131ya ula\u015fan ilk ba\u011f\u0131ms\u0131zl\u0131k sava\u015f\u0131d\u0131r. Bu y\u00f6n\u00fcyle tarih\u00e7iler i\u00e7in geni\u015f bir inceleme konusu olmu\u015f, bir\u00e7ok \u00fclkenin ba\u011f\u0131ms\u0131zl\u0131k m\u00fccadelesi T\u00fcrk Kurtulu\u015f Sava\u015f\u0131 \u00f6rne\u011finden g\u00fc\u00e7 kazan\u0131larak ba\u015flat\u0131lm\u0131\u015ft\u0131r. \u00d6rne\u011fin zamanla evrensel bir g\u00f6r\u00fcn\u00fcm kazanmas\u0131 nedeniyle, Kurtulu\u015f Sava\u015f\u0131m\u0131z \u00fczerinde incelemeler yapan yabanc\u0131 yazar say\u0131s\u0131, T\u00fcrk yazarlar\u0131ndan \u00e7ok fazlad\u0131r. T\u00fcrk Kurtulu\u015f Sava\u015f\u0131n\u0131 konu edinen incelemelerde, \u00fc\u00e7 y\u0131l\u0131 a\u015fan bir s\u00fcre s\u00fcrd\u00fcr\u00fclen sava\u015f\u0131n hangi maddi ve mali kaynaklarla kazan\u0131ld\u0131\u011f\u0131na gerekti\u011fi kadar e\u011filinmedi\u011fi dikkatimi \u00e7ekiyordu. T\u00fcrk\u00e7e kaynaklarda bu konuda bir bo\u015fluk oldu\u011fu a\u00e7\u0131kt\u0131. Yabanc\u0131 yazarlar da daha \u00e7ok T\u00fcrk\u00e7e kaynaklara dayand\u0131klar\u0131ndan, bo\u015fluk genelle\u015fiyordu. Yak\u0131n tarihimizdeki en \u00f6nemli olay\u0131n mali y\u00f6n\u00fcn\u00fcn bir T\u00fcrk maliyecisi taraf\u0131ndan incelenmesi gerekti\u011fine inanarak ara\u015ft\u0131rmalara ba\u015flad\u0131m. Bu konuya ili\u015fkin bo\u015flu\u011fu doldurmu\u015f oldu\u011fum iddias\u0131nda de\u011filim. Yaln\u0131zca ilk ad\u0131m\u0131 atabilmi\u015f olman\u0131n sevincini duyuyorum. Bundan sonra bu konuyu inceleyeceklere bir par\u00e7a \u0131\u015f\u0131k tutabilmi\u015f olursam, kendimi mutlu saymaya hak kazanabilece\u011fim. Alptekin M\u00fcderriso\u011flu <\/p>\n","protected":false},"excerpt":{"rendered":"<p>T\u00fcrk Kurtulu\u015f Sava\u015f\u0131, 20. y\u00fczy\u0131l\u0131n ba\u015far\u0131ya ula\u015fan ilk ba\u011f\u0131ms\u0131zl\u0131k sava\u015f\u0131d\u0131r. Bu y\u00f6n\u00fcyle tarih\u00e7iler i\u00e7in geni\u015f bir inceleme konusu olmu\u015f, bir\u00e7ok \u00fclkenin ba\u011f\u0131ms\u0131zl\u0131k m\u00fccadelesi T\u00fcrk Kurtulu\u015f Sava\u015f\u0131<span class=\"excerpt-hellip\"> [\u2026]<\/span><\/p>\n","protected":false},"featured_media":0,"template":"","meta":{"_monsterinsights_skip_tracking":false,"_monsterinsights_sitenote_active":false,"_monsterinsights_sitenote_note":"","_monsterinsights_sitenote_category":0},"product_brand":[],"product_cat":[12370,12304],"product_tag":[],"class_list":{"0":"post-712571","1":"product","2":"type-product","3":"status-publish","5":"product_cat-arastirma-inceleme","6":"product_cat-tarih","7":"pa_cilt-ciltsiz","8":"pa_tur-kitap","9":"pa_yayinevi-bilgi-yayinevi","10":"pa_yazar-alptekin-muderrisoglu","12":"first","13":"instock","14":"sale","15":"shipping-taxable","16":"purchasable","17":"product-type-simple"},"_links":{"self":[{"href":"https:\/\/roveyayinevi.com.tr\/index.php\/wp-json\/wp\/v2\/product\/712571","targetHints":{"allow":["GET"]}}],"collection":[{"href":"https:\/\/roveyayinevi.com.tr\/index.php\/wp-json\/wp\/v2\/product"}],"about":[{"href":"https:\/\/roveyayinevi.com.tr\/index.php\/wp-json\/wp\/v2\/types\/product"}],"wp:attachment":[{"href":"https:\/\/roveyayinevi.com.tr\/index.php\/wp-json\/wp\/v2\/media?parent=712571"}],"wp:term":[{"taxonomy":"product_brand","embeddable":true,"href":"https:\/\/roveyayinevi.com.tr\/index.php\/wp-json\/wp\/v2\/product_brand?post=712571"},{"taxonomy":"product_cat","embeddable":true,"href":"https:\/\/roveyayinevi.com.tr\/index.php\/wp-json\/wp\/v2\/product_cat?post=712571"},{"taxonomy":"product_tag","embeddable":true,"href":"https:\/\/roveyayinevi.com.tr\/index.php\/wp-json\/wp\/v2\/product_tag?post=712571"}],"curies":[{"name":"wp","href":"https:\/\/api.w.org\/{rel}","templated":true}]}}