{"id":712570,"date":"2025-08-27T16:57:27","date_gmt":"2025-08-27T13:57:27","guid":{"rendered":"https:\/\/roveyayinevi.com.tr\/index.php\/urun\/iktidar-kiskacinda-din\/"},"modified":"2026-04-16T02:21:02","modified_gmt":"2026-04-15T23:21:02","slug":"iktidar-kiskacinda-din","status":"publish","type":"product","link":"https:\/\/roveyayinevi.com.tr\/index.php\/urun\/iktidar-kiskacinda-din\/","title":{"rendered":"\u0130ktidar K\u0131skac\u0131nda Din"},"content":{"rendered":"<p>Dinler tarihi incelendi\u011finde ortaya \u00e7\u0131kacak ger\u00e7eklerin ba\u015f\u0131nda, din ad\u0131na hareket etti\u011fini \u00f6ne s\u00fcrenlerin yapt\u0131klar\u0131 k\u0131y\u0131mlar, din g\u00fcc\u00fcn\u00fc kendi iktidar\u0131 i\u00e7in kullanan h\u00fck\u00fcmdarlar, yerel \u00f6nderler, \u015farlatanlar gelir. Bunun co\u011frafyas\u0131 yoktur. \u2026D\u00fcnyan\u0131n b\u00fct\u00fcn co\u011frafyalar\u0131nda \u00f6ncelikli olarak ahlak\u0131, iyi insan olmay\u0131, Yaradan\u2019a \u015f\u00fckran borcunu \u00f6demeyi temel edinen din, iktidar\u0131n\u0131 ona dayanarak s\u00fcrd\u00fcrmeye kalkanlar\u0131n elinde bamba\u015fka bir g\u00fcce d\u00f6n\u00fc\u015fm\u00fc\u015ft\u00fcr. \u2026B\u00fct\u00fcn ya\u015fad\u0131klar\u0131m\u0131z Mustafa Kemal Atat\u00fcrk\u2019\u00fcn b\u00fcy\u00fckl\u00fc\u011f\u00fcn\u00fc bir kez daha g\u00f6zler \u00f6n\u00fcne seriyor. Atat\u00fcrk, iktidarda kalmak i\u00e7in halktan ba\u015fka hi\u00e7bir g\u00fcce dayanmad\u0131. Dini, iktidar\u0131 i\u00e7in kullanmad\u0131\u011f\u0131 gibi, buna heveslenenlere de izin vermeyerek \u0130slam dinine en \u00f6nemli hizmetlerden birini yapt\u0131. T\u00fcrkiye 21. y\u00fczy\u0131l\u0131n ba\u015f\u0131nda y\u00fczy\u0131llard\u0131r s\u00fcren din-iktidar sarmal\u0131n\u0131n sonu\u00e7lar\u0131n\u0131 ya\u015f\u0131yor. Mustafa Balbay, bu g\u00fcncel ger\u00e7e\u011fi tarihsel bir derinlik i\u00e7inde okura sunuyor. <\/p>\n","protected":false},"excerpt":{"rendered":"<p>Dinler tarihi incelendi\u011finde ortaya \u00e7\u0131kacak ger\u00e7eklerin ba\u015f\u0131nda, din ad\u0131na hareket etti\u011fini \u00f6ne s\u00fcrenlerin yapt\u0131klar\u0131 k\u0131y\u0131mlar, din g\u00fcc\u00fcn\u00fc kendi iktidar\u0131 i\u00e7in kullanan h\u00fck\u00fcmdarlar, yerel \u00f6nderler, \u015farlatanlar gelir.<span class=\"excerpt-hellip\"> [\u2026]<\/span><\/p>\n","protected":false},"featured_media":0,"template":"","meta":{"_monsterinsights_skip_tracking":false,"_monsterinsights_sitenote_active":false,"_monsterinsights_sitenote_note":"","_monsterinsights_sitenote_category":0},"product_brand":[],"product_cat":[13590,12337],"product_tag":[],"class_list":{"0":"post-712570","1":"product","2":"type-product","3":"status-publish","5":"product_cat-arastirma-inceleme-politika-siyaset","6":"product_cat-politika-siyaset","7":"pa_cilt-ciltsiz","8":"pa_tur-kitap","9":"pa_yayinevi-bilgi-yayinevi","10":"pa_yazar-mustafa-balbay","12":"first","13":"instock","14":"sale","15":"shipping-taxable","16":"purchasable","17":"product-type-simple"},"_links":{"self":[{"href":"https:\/\/roveyayinevi.com.tr\/index.php\/wp-json\/wp\/v2\/product\/712570","targetHints":{"allow":["GET"]}}],"collection":[{"href":"https:\/\/roveyayinevi.com.tr\/index.php\/wp-json\/wp\/v2\/product"}],"about":[{"href":"https:\/\/roveyayinevi.com.tr\/index.php\/wp-json\/wp\/v2\/types\/product"}],"wp:attachment":[{"href":"https:\/\/roveyayinevi.com.tr\/index.php\/wp-json\/wp\/v2\/media?parent=712570"}],"wp:term":[{"taxonomy":"product_brand","embeddable":true,"href":"https:\/\/roveyayinevi.com.tr\/index.php\/wp-json\/wp\/v2\/product_brand?post=712570"},{"taxonomy":"product_cat","embeddable":true,"href":"https:\/\/roveyayinevi.com.tr\/index.php\/wp-json\/wp\/v2\/product_cat?post=712570"},{"taxonomy":"product_tag","embeddable":true,"href":"https:\/\/roveyayinevi.com.tr\/index.php\/wp-json\/wp\/v2\/product_tag?post=712570"}],"curies":[{"name":"wp","href":"https:\/\/api.w.org\/{rel}","templated":true}]}}