{"id":712569,"date":"2025-08-27T16:57:26","date_gmt":"2025-08-27T13:57:26","guid":{"rendered":"https:\/\/roveyayinevi.com.tr\/index.php\/urun\/orffestra-bir-varmis-bir-yokmus\/"},"modified":"2026-04-16T02:21:02","modified_gmt":"2026-04-15T23:21:02","slug":"orffestra-bir-varmis-bir-yokmus","status":"publish","type":"product","link":"https:\/\/roveyayinevi.com.tr\/index.php\/urun\/orffestra-bir-varmis-bir-yokmus\/","title":{"rendered":"Orffestra &#8211; Bir Varm\u0131\u015f Bir Yokmu\u015f"},"content":{"rendered":"<p>Bug\u00fcne kadar bir \u00e7ok e\u011fitim s\u00fcreci ve derslerde bulunduk. \u00c7ocuklara bir \u015fekilde yakla\u015fabiliyorduk. \u015eark\u0131, oyun, dans ve farkl\u0131 m\u00fczik aletlerini kullan\u0131yorduk. Peki derslerin daha verimli ge\u00e7mesi i\u00e7in ne yapmal\u0131yd\u0131k? \u00c7ocuklar\u0131 s\u00fcrecin i\u00e7ine dahil edip bilgilerin daha kal\u0131c\u0131 olmas\u0131 nas\u0131l m\u00fcmk\u00fcn olabilirdi? \u0130\u015fte b\u00fct\u00fcn bu sorular bizi g\u00fczel bir ba\u015flang\u0131\u00e7 noktas\u0131 olan hikayelere y\u00f6neltti. Hikayelerin \u00e7ocuklar\u0131n zihnindeki kap\u0131lar\u0131 a\u00e7an anahtarlar oldu\u011funu ders s\u00fcre\u00e7lerimizde ke\u015ffettik. Zihin ve beden aras\u0131ndaki ba\u011flant\u0131lar\u0131 oyun, \u015fark\u0131 s\u00f6yleme, m\u00fczik aleti \u00e7alma, rol oynama ve karaktere girme gibi dramatik \u00f6\u011felerle destekledik. Kitapta kulland\u0131\u011f\u0131m\u0131z hikayeler bizim i\u00e7in esin kayna\u011f\u0131 oldu\u011fu i\u00e7in birebir uygulanmad\u0131. Sadece giri\u015f ve \u00e7\u0131k\u0131\u015f noktalar\u0131n\u0131 olu\u015fturdu. Bu \u015fekilde \u00e7ocuklara do\u011fa\u00e7lama alan\u0131 sa\u011fland\u0131 ve i\u00e7selle\u015ftirme daha kolay bir hale geldi. Her \u00f6\u011fretmen ve anne baba \u00e7ocuklar\u0131na hikaye okumas\u0131, bunun g\u00fcndelik hayat\u0131n bir par\u00e7as\u0131 olmas\u0131 alandaki ihtiyac\u0131 da ortaya \u00e7\u0131kard\u0131. Hem \u00e7ocuk oyunlar\u0131 hem drama ve m\u00fczik derslerinde kolayl\u0131kla kullanabilece\u011finiz \u015fark\u0131 ve oyunlar\u0131m\u0131z\u0131 ikinci kitab\u0131m\u0131zda bir araya getirdik ve nas\u0131l m\u00fczikal s\u00fcre\u00e7lere d\u00f6n\u00fc\u015febilece\u011fini anlatt\u0131k. Kitaplarda bulunan metinlerde ses yok. O ses bizim i\u00e7imizde bir yerlerde. Bizler de bulmaya ke\u015ffetmeye ve elementere d\u00f6nmeye dolay\u0131s\u0131yla de\u011fi\u015fim ve d\u00f6n\u00fc\u015f\u00fcme \u00e7al\u0131\u015ft\u0131k. \u00c7\u00fcnk\u00fc; \u00c7ocuklar; &#8220;m\u0131\u015f\u201d gibi karaktere girmeyi seviyor. <\/p>\n","protected":false},"excerpt":{"rendered":"<p>Bug\u00fcne kadar bir \u00e7ok e\u011fitim s\u00fcreci ve derslerde bulunduk. \u00c7ocuklara bir \u015fekilde yakla\u015fabiliyorduk. \u015eark\u0131, oyun, dans ve farkl\u0131 m\u00fczik aletlerini kullan\u0131yorduk. Peki derslerin daha verimli ge\u00e7mesi<span class=\"excerpt-hellip\"> [\u2026]<\/span><\/p>\n","protected":false},"featured_media":0,"template":"","meta":{"_monsterinsights_skip_tracking":false,"_monsterinsights_sitenote_active":false,"_monsterinsights_sitenote_note":"","_monsterinsights_sitenote_category":0},"product_brand":[],"product_cat":[14556,20810],"product_tag":[],"class_list":{"0":"post-712569","1":"product","2":"type-product","3":"status-publish","5":"product_cat-muzik","6":"product_cat-ogrenim-kitaplari","7":"pa_cilt-ciltsiz","8":"pa_tur-kitap","9":"pa_yayinevi-egiten-kitap","10":"pa_yazar-z-melis-milli-senem-ozyogurtcu","12":"first","13":"instock","14":"sale","15":"shipping-taxable","16":"purchasable","17":"product-type-simple"},"_links":{"self":[{"href":"https:\/\/roveyayinevi.com.tr\/index.php\/wp-json\/wp\/v2\/product\/712569","targetHints":{"allow":["GET"]}}],"collection":[{"href":"https:\/\/roveyayinevi.com.tr\/index.php\/wp-json\/wp\/v2\/product"}],"about":[{"href":"https:\/\/roveyayinevi.com.tr\/index.php\/wp-json\/wp\/v2\/types\/product"}],"wp:attachment":[{"href":"https:\/\/roveyayinevi.com.tr\/index.php\/wp-json\/wp\/v2\/media?parent=712569"}],"wp:term":[{"taxonomy":"product_brand","embeddable":true,"href":"https:\/\/roveyayinevi.com.tr\/index.php\/wp-json\/wp\/v2\/product_brand?post=712569"},{"taxonomy":"product_cat","embeddable":true,"href":"https:\/\/roveyayinevi.com.tr\/index.php\/wp-json\/wp\/v2\/product_cat?post=712569"},{"taxonomy":"product_tag","embeddable":true,"href":"https:\/\/roveyayinevi.com.tr\/index.php\/wp-json\/wp\/v2\/product_tag?post=712569"}],"curies":[{"name":"wp","href":"https:\/\/api.w.org\/{rel}","templated":true}]}}