{"id":712568,"date":"2025-08-27T16:57:26","date_gmt":"2025-08-27T13:57:26","guid":{"rendered":"https:\/\/roveyayinevi.com.tr\/index.php\/urun\/siyasetcinin-gunlugunden-anilar-ve-anlatilar\/"},"modified":"2026-04-16T02:21:02","modified_gmt":"2026-04-15T23:21:02","slug":"siyasetcinin-gunlugunden-anilar-ve-anlatilar","status":"publish","type":"product","link":"https:\/\/roveyayinevi.com.tr\/index.php\/urun\/siyasetcinin-gunlugunden-anilar-ve-anlatilar\/","title":{"rendered":"Siyaset\u00e7inin G\u00fcnl\u00fc\u011f\u00fcnden An\u0131lar ve Anlat\u0131lar"},"content":{"rendered":"<p>Siyaset ve e\u011fitim d\u00fcnyas\u0131n\u0131n de\u011ferli isimlerinden Mustafa Gazalc\u0131 ile yak\u0131n tarihe bir yolculuk\u2026 \u00d6\u011frencilerinin, \u00f6\u011fretmen arkada\u015flar\u0131n\u0131n deste\u011fiyle siyaset sahnesine \u00e7\u0131k\u0131p halk\u0131 i\u00e7in can\u0131n\u0131 di\u015fine takan bir siyaset\u00e7i\u2026 Se\u00e7im meydanlar\u0131ndan TBMM k\u00fcrs\u00fcs\u00fcne, hapishane g\u00fcnlerinden SHP ve CHP\u2019nin \u00fcst y\u00f6netimine m\u00fccadele alan\u0131 s\u00fcrekli de\u011fi\u015fiyor; de\u011fi\u015fmeyen tek \u015fey, halk\u00e7\u0131 bir d\u00fczen, laik, bilimsel e\u011fitim aray\u0131\u015f\u0131\u2026 B\u00fclent Ecevit, S\u00fcleyman Demirel, Erdal \u0130n\u00f6n\u00fc, Deniz Baykal, Murat Karayal\u00e7\u0131n, Hikmet \u00c7etin, Altan \u00d6ymen, Kemal K\u0131l\u0131\u00e7daro\u011flu ile ilgili hi\u00e7 yay\u0131mlanmam\u0131\u015f an\u0131lar&#8230; Fetullah G\u00fclen tehlikesiyle ilgili T\u00fcrkiye\u2019yi ilk uyaran siyasilerden birinin ya\u015fad\u0131klar\u0131\u2026 Tehditlerin, bask\u0131lar\u0131n, siyasetin ac\u0131-tatl\u0131 g\u00fcnlerinin ortas\u0131nda dimdik bir ya\u015fam\u2026 Mustafa Gazalc\u0131\u2019n\u0131n an\u0131lar\u0131n\u0131 okurken, yaln\u0131zca simge bir ismin ya\u015fam\u0131n\u0131 de\u011fil, T\u00fcrkiye\u2019nin zorlu kav\u015faklardan ge\u00e7ti\u011fi y\u0131llar\u0131 soluklayacaks\u0131n\u0131z\u2026 Tamam\u0131 belgelere ve g\u00fcnce notlar\u0131na dayal\u0131;  bir e\u011fitimcinin, bir siyaset\u00e7inin ve bir \u00fclkenin \u00e7arp\u0131c\u0131 40 y\u0131l\u0131&#8230; <\/p>\n","protected":false},"excerpt":{"rendered":"<p>Siyaset ve e\u011fitim d\u00fcnyas\u0131n\u0131n de\u011ferli isimlerinden Mustafa Gazalc\u0131 ile yak\u0131n tarihe bir yolculuk\u2026 \u00d6\u011frencilerinin, \u00f6\u011fretmen arkada\u015flar\u0131n\u0131n deste\u011fiyle siyaset sahnesine \u00e7\u0131k\u0131p halk\u0131 i\u00e7in can\u0131n\u0131 di\u015fine takan bir<span class=\"excerpt-hellip\"> [\u2026]<\/span><\/p>\n","protected":false},"featured_media":0,"template":"","meta":{"_monsterinsights_skip_tracking":false,"_monsterinsights_sitenote_active":false,"_monsterinsights_sitenote_note":"","_monsterinsights_sitenote_category":0},"product_brand":[],"product_cat":[18545,12291],"product_tag":[],"class_list":{"0":"post-712568","1":"product","2":"type-product","3":"status-publish","5":"product_cat-anlati","6":"product_cat-edebiyat","7":"pa_cilt-ciltsiz","8":"pa_tur-kitap","9":"pa_yayinevi-bilgi-yayinevi","10":"pa_yazar-mustafa-gazalci","12":"first","13":"instock","14":"sale","15":"shipping-taxable","16":"purchasable","17":"product-type-simple"},"_links":{"self":[{"href":"https:\/\/roveyayinevi.com.tr\/index.php\/wp-json\/wp\/v2\/product\/712568","targetHints":{"allow":["GET"]}}],"collection":[{"href":"https:\/\/roveyayinevi.com.tr\/index.php\/wp-json\/wp\/v2\/product"}],"about":[{"href":"https:\/\/roveyayinevi.com.tr\/index.php\/wp-json\/wp\/v2\/types\/product"}],"wp:attachment":[{"href":"https:\/\/roveyayinevi.com.tr\/index.php\/wp-json\/wp\/v2\/media?parent=712568"}],"wp:term":[{"taxonomy":"product_brand","embeddable":true,"href":"https:\/\/roveyayinevi.com.tr\/index.php\/wp-json\/wp\/v2\/product_brand?post=712568"},{"taxonomy":"product_cat","embeddable":true,"href":"https:\/\/roveyayinevi.com.tr\/index.php\/wp-json\/wp\/v2\/product_cat?post=712568"},{"taxonomy":"product_tag","embeddable":true,"href":"https:\/\/roveyayinevi.com.tr\/index.php\/wp-json\/wp\/v2\/product_tag?post=712568"}],"curies":[{"name":"wp","href":"https:\/\/api.w.org\/{rel}","templated":true}]}}