{"id":712567,"date":"2025-08-27T16:57:25","date_gmt":"2025-08-27T13:57:25","guid":{"rendered":"https:\/\/roveyayinevi.com.tr\/index.php\/urun\/tibbi-biyoloji-ve-genetik\/"},"modified":"2026-04-16T02:21:02","modified_gmt":"2026-04-15T23:21:02","slug":"tibbi-biyoloji-ve-genetik","status":"publish","type":"product","link":"https:\/\/roveyayinevi.com.tr\/index.php\/urun\/tibbi-biyoloji-ve-genetik\/","title":{"rendered":"T\u0131bbi Biyoloji ve Genetik"},"content":{"rendered":"<p>1. B\u00f6l\u00fcm : Molek\u00fcler Evrim 2. B\u00f6l\u00fcm : Biyomolek\u00fcller 3. B\u00f6l\u00fcm : H\u00fccre Biyolojisi 4. B\u00f6l\u00fcm : Kalitim Ve Genom 5. B\u00f6l\u00fcm : Molek\u00fcler Genetik 6. B\u00f6l\u00fcm : Geli\u015fimsel Genetik Ve H\u00fccre Farklila\u015fmasi 7. B\u00f6l\u00fcm : Genetik Hastaliklarin Molek\u00fcler Temeli 8. B\u00f6l\u00fcm : Genomik, Proteomik Ve Biyoinformatik Sistemler Biyolojisi 9. B\u00f6l\u00fcm : Molek\u00fcler Genetik Analiz Ve Biyoteknoloji 10. B\u00f6l\u00fcm : \u00d6\u011frenme Ve Belle\u011fin Molek\u00fcler Biyolojisi 11. B\u00f6l\u00fcm : Ek Konular &#8211; Derlemeler <\/p>\n","protected":false},"excerpt":{"rendered":"<p>1. B\u00f6l\u00fcm : Molek\u00fcler Evrim 2. B\u00f6l\u00fcm : Biyomolek\u00fcller 3. B\u00f6l\u00fcm : H\u00fccre Biyolojisi 4. B\u00f6l\u00fcm : Kalitim Ve Genom 5. B\u00f6l\u00fcm : Molek\u00fcler Genetik 6.<span class=\"excerpt-hellip\"> [\u2026]<\/span><\/p>\n","protected":false},"featured_media":0,"template":"","meta":{"_monsterinsights_skip_tracking":false,"_monsterinsights_sitenote_active":false,"_monsterinsights_sitenote_note":"","_monsterinsights_sitenote_category":0},"product_brand":[],"product_cat":[13005,38128],"product_tag":[],"class_list":{"0":"post-712567","1":"product","2":"type-product","3":"status-publish","5":"product_cat-bilim-muhendislik","6":"product_cat-tip-bilimleri","7":"pa_cilt-ciltsiz","8":"pa_tur-kitap","9":"pa_yayinevi-gazi-kitabevi","10":"pa_yazar-abdullah-ekmekci","12":"first","13":"instock","14":"sale","15":"shipping-taxable","16":"purchasable","17":"product-type-simple"},"_links":{"self":[{"href":"https:\/\/roveyayinevi.com.tr\/index.php\/wp-json\/wp\/v2\/product\/712567","targetHints":{"allow":["GET"]}}],"collection":[{"href":"https:\/\/roveyayinevi.com.tr\/index.php\/wp-json\/wp\/v2\/product"}],"about":[{"href":"https:\/\/roveyayinevi.com.tr\/index.php\/wp-json\/wp\/v2\/types\/product"}],"wp:attachment":[{"href":"https:\/\/roveyayinevi.com.tr\/index.php\/wp-json\/wp\/v2\/media?parent=712567"}],"wp:term":[{"taxonomy":"product_brand","embeddable":true,"href":"https:\/\/roveyayinevi.com.tr\/index.php\/wp-json\/wp\/v2\/product_brand?post=712567"},{"taxonomy":"product_cat","embeddable":true,"href":"https:\/\/roveyayinevi.com.tr\/index.php\/wp-json\/wp\/v2\/product_cat?post=712567"},{"taxonomy":"product_tag","embeddable":true,"href":"https:\/\/roveyayinevi.com.tr\/index.php\/wp-json\/wp\/v2\/product_tag?post=712567"}],"curies":[{"name":"wp","href":"https:\/\/api.w.org\/{rel}","templated":true}]}}