{"id":712564,"date":"2025-08-27T16:57:24","date_gmt":"2025-08-27T13:57:24","guid":{"rendered":"https:\/\/roveyayinevi.com.tr\/index.php\/urun\/icinde\/"},"modified":"2026-04-08T02:27:27","modified_gmt":"2026-04-07T23:27:27","slug":"icinde","status":"publish","type":"product","link":"https:\/\/roveyayinevi.com.tr\/index.php\/urun\/icinde\/","title":{"rendered":"\u0130\u00e7inde"},"content":{"rendered":"<p>Alemlerin Rabbi olan Allah dilemedik\u00e7e siz dileyemezsiniz.                                                     Tekvir Suresi 29.Ayet Allah biz kullar\u0131n\u0131 yarat\u0131rken, baz\u0131lar\u0131 hen\u00fcz ke\u015ffedilmeyi bekleyen nice k\u0131ymetli mucizelerle bezemi\u015f&#8230; \u0130\u00e7indeki O nefes bunlardan sadece biri&#8230; Ge\u00e7mi\u015fin s\u0131k\u0131nt\u0131s\u0131ndan, gelece\u011fin endi\u015fesinden uzak, keyifle an\u0131n tad\u0131n\u0131 \u00e7\u0131karabilmen m\u00fcmk\u00fcn&#8230;   Kendi kendine uygulayabilece\u011fin kolay bir teknikle nefesin a\u00e7\u0131ld\u0131\u011f\u0131nda; \u00f6z\u00fcn\u00fc sevgiyle kucaklayacak, art\u0131k hem kendine hem sevdiklerine \u015fifa verebileceksin&#8230; \u015eansl\u0131, bereketli, huzurlu, sa\u011fl\u0131k, ba\u015far\u0131 ve sevgi dolu bir ya\u015fam\u0131n anahtar\u0131 sende&#8230; \u0130\u00e7inde&#8230; \u00c7ok \u015f\u00fck\u00fcr&#8230; Unutma.. ! Derdin varsa \u00e7aren O\u2019nda\u2026 <\/p>\n","protected":false},"excerpt":{"rendered":"<p>Alemlerin Rabbi olan Allah dilemedik\u00e7e siz dileyemezsiniz. Tekvir Suresi 29.Ayet Allah biz kullar\u0131n\u0131 yarat\u0131rken, baz\u0131lar\u0131 hen\u00fcz ke\u015ffedilmeyi bekleyen nice k\u0131ymetli mucizelerle bezemi\u015f&#8230; \u0130\u00e7indeki O nefes bunlardan<span class=\"excerpt-hellip\"> [\u2026]<\/span><\/p>\n","protected":false},"featured_media":0,"template":"","meta":{"_monsterinsights_skip_tracking":false,"_monsterinsights_sitenote_active":false,"_monsterinsights_sitenote_note":"","_monsterinsights_sitenote_category":0},"product_brand":[],"product_cat":[12364,12376],"product_tag":[],"class_list":{"0":"post-712564","1":"product","2":"type-product","3":"status-publish","5":"product_cat-genel-konular","6":"product_cat-kisisel-gelisim","7":"pa_cilt-ciltsiz","8":"pa_tur-kitap","9":"pa_yayinevi-pozitif-yayinlari","10":"pa_yazar-selin-topcuoglu-kasirga","12":"first","13":"instock","14":"sale","15":"shipping-taxable","16":"purchasable","17":"product-type-simple"},"_links":{"self":[{"href":"https:\/\/roveyayinevi.com.tr\/index.php\/wp-json\/wp\/v2\/product\/712564","targetHints":{"allow":["GET"]}}],"collection":[{"href":"https:\/\/roveyayinevi.com.tr\/index.php\/wp-json\/wp\/v2\/product"}],"about":[{"href":"https:\/\/roveyayinevi.com.tr\/index.php\/wp-json\/wp\/v2\/types\/product"}],"wp:attachment":[{"href":"https:\/\/roveyayinevi.com.tr\/index.php\/wp-json\/wp\/v2\/media?parent=712564"}],"wp:term":[{"taxonomy":"product_brand","embeddable":true,"href":"https:\/\/roveyayinevi.com.tr\/index.php\/wp-json\/wp\/v2\/product_brand?post=712564"},{"taxonomy":"product_cat","embeddable":true,"href":"https:\/\/roveyayinevi.com.tr\/index.php\/wp-json\/wp\/v2\/product_cat?post=712564"},{"taxonomy":"product_tag","embeddable":true,"href":"https:\/\/roveyayinevi.com.tr\/index.php\/wp-json\/wp\/v2\/product_tag?post=712564"}],"curies":[{"name":"wp","href":"https:\/\/api.w.org\/{rel}","templated":true}]}}