{"id":712563,"date":"2025-08-27T16:57:23","date_gmt":"2025-08-27T13:57:23","guid":{"rendered":"https:\/\/roveyayinevi.com.tr\/index.php\/urun\/beyaz-zambaklar-ulkesinde-10\/"},"modified":"2026-04-16T02:21:02","modified_gmt":"2026-04-15T23:21:02","slug":"beyaz-zambaklar-ulkesinde-10","status":"publish","type":"product","link":"https:\/\/roveyayinevi.com.tr\/index.php\/urun\/beyaz-zambaklar-ulkesinde-10\/","title":{"rendered":"Beyaz Zambaklar \u00dclkesinde"},"content":{"rendered":"<p>Beyaz Zambaklar \u00dclkesinde bir \u00fclkenin uygarl\u0131k seviyesine nas\u0131l ula\u015ft\u0131\u011f\u0131n\u0131n en g\u00fczel kan\u0131t\u0131.\u201cSevgili arkada\u015flar i\u015finizin \u00e7ok a\u011f\u0131r oldu\u011funu biliyorum. Unutulmu\u015f k\u00f6ylerde zor \u015fartlarda \u00e7al\u0131\u015ft\u0131\u011f\u0131n\u0131z\u0131, \u00e7al\u0131\u015fmalar\u0131n\u0131z\u0131n kimse taraf\u0131ndan takdir edilmedi\u011fini ve maddi durumunuzun iyi olmad\u0131\u011f\u0131n\u0131 da biliyorum. Ama unutmay\u0131n ki halk\u0131 uyand\u0131rmak i\u00e7in giri\u015fti\u011fimiz i\u015fin hen\u00fcz ba\u015f\u0131nday\u0131z. Biz yeni \u00fclkenin \u00f6nc\u00fcleriyiz. Cehaletle m\u00fccadele ederken bu a\u011f\u0131r y\u00fck\u00fc de s\u0131rt\u0131m\u0131zda ta\u015f\u0131mak zorunday\u0131z. \u015eimdi kimsenin bizi takdir etmeyece\u011fini biliyorum. Biz fedak\u00e2rl\u0131klar yapaca\u011f\u0131z ve belki de i\u00e7imizden kurbanlar verece\u011fiz. Bu ne yaz\u0131k ki ka\u00e7\u0131n\u0131lmazd\u0131r. Sizi fedak\u00e2rl\u0131k yapmaya \u00e7a\u011f\u0131r\u0131yorum; herkesi de\u011fil elbette, kendini feda etmeye haz\u0131r olanlar\u0131.\u201d A\u00e7\u0131k konu\u015fay\u0131m. Her meslekte oldu\u011fu gibi \u00f6\u011fretmenler aras\u0131nda da bu mesle\u011fi hakk\u0131yla yapamayan \u00e7ok ki\u015fi var. \u00d6\u011fretmenli\u011fi k\u00fc\u00e7\u00fcmseyen bu insanlara dost\u00e7a bir \u00f6nerim var: \u00d6\u011fretmenli\u011fi b\u0131rak\u0131n ve gidip ba\u015fka i\u015flerde \u00e7al\u0131\u015f\u0131n. B\u00f6ylesine \u00f6nemli bir makam\u0131 bo\u015f yere i\u015fgal etmeyin\u2026 \u00dclkemizin bilim adamlar\u0131 ricam\u0131 k\u0131rmay\u0131p size ders vermeyi kabul ettiler. Onlardan \u00f6\u011frendiklerinizi okullar\u0131n\u0131za d\u00f6nd\u00fc\u011f\u00fcn\u00fczde siz de \u00f6\u011frencilerinize aktar\u0131n.\u201d <\/p>\n","protected":false},"excerpt":{"rendered":"<p>Beyaz Zambaklar \u00dclkesinde bir \u00fclkenin uygarl\u0131k seviyesine nas\u0131l ula\u015ft\u0131\u011f\u0131n\u0131n en g\u00fczel kan\u0131t\u0131.\u201cSevgili arkada\u015flar i\u015finizin \u00e7ok a\u011f\u0131r oldu\u011funu biliyorum. Unutulmu\u015f k\u00f6ylerde zor \u015fartlarda \u00e7al\u0131\u015ft\u0131\u011f\u0131n\u0131z\u0131, \u00e7al\u0131\u015fmalar\u0131n\u0131z\u0131n kimse taraf\u0131ndan<span class=\"excerpt-hellip\"> [\u2026]<\/span><\/p>\n","protected":false},"featured_media":0,"template":"","meta":{"_monsterinsights_skip_tracking":false,"_monsterinsights_sitenote_active":false,"_monsterinsights_sitenote_note":"","_monsterinsights_sitenote_category":0},"product_brand":[],"product_cat":[12291],"product_tag":[],"class_list":{"0":"post-712563","1":"product","2":"type-product","3":"status-publish","5":"product_cat-edebiyat","6":"pa_cilt-ciltsiz","7":"pa_tur-kitap","8":"pa_yayinevi-cinar-yayinlari","9":"pa_yazar-grigoriy-petrov","11":"first","12":"instock","13":"sale","14":"shipping-taxable","15":"purchasable","16":"product-type-simple"},"_links":{"self":[{"href":"https:\/\/roveyayinevi.com.tr\/index.php\/wp-json\/wp\/v2\/product\/712563","targetHints":{"allow":["GET"]}}],"collection":[{"href":"https:\/\/roveyayinevi.com.tr\/index.php\/wp-json\/wp\/v2\/product"}],"about":[{"href":"https:\/\/roveyayinevi.com.tr\/index.php\/wp-json\/wp\/v2\/types\/product"}],"wp:attachment":[{"href":"https:\/\/roveyayinevi.com.tr\/index.php\/wp-json\/wp\/v2\/media?parent=712563"}],"wp:term":[{"taxonomy":"product_brand","embeddable":true,"href":"https:\/\/roveyayinevi.com.tr\/index.php\/wp-json\/wp\/v2\/product_brand?post=712563"},{"taxonomy":"product_cat","embeddable":true,"href":"https:\/\/roveyayinevi.com.tr\/index.php\/wp-json\/wp\/v2\/product_cat?post=712563"},{"taxonomy":"product_tag","embeddable":true,"href":"https:\/\/roveyayinevi.com.tr\/index.php\/wp-json\/wp\/v2\/product_tag?post=712563"}],"curies":[{"name":"wp","href":"https:\/\/api.w.org\/{rel}","templated":true}]}}