{"id":712562,"date":"2025-08-27T16:57:23","date_gmt":"2025-08-27T13:57:23","guid":{"rendered":"https:\/\/roveyayinevi.com.tr\/index.php\/urun\/penguenlere-giysi\/"},"modified":"2026-04-16T02:21:02","modified_gmt":"2026-04-15T23:21:02","slug":"penguenlere-giysi","status":"publish","type":"product","link":"https:\/\/roveyayinevi.com.tr\/index.php\/urun\/penguenlere-giysi\/","title":{"rendered":"Penguenlere Giysi"},"content":{"rendered":"<p>G\u00fcne\u015f g\u00f6z k\u0131rp\u0131yor. Dalgalar dans ediyor. Penguenler y\u00fckselen dalgalar\u0131n \u00fczerinden atl\u0131yor. Mat ve b\u00fcy\u00fckannesi hayranl\u0131k i\u00e7inde bu harika g\u00f6steriyi seyrediyor. Uzaklarda bir tanker aniden kayal\u0131klara \u00e7arp\u0131yor. Masmavi dalgalr\u0131n \u00fczerine koyu bir leke yay\u0131l\u0131yor. Okyanus yava\u015f yava\u015f kirlenip karar\u0131yor. Penguenlerin b\u00fct\u00fcn t\u00fcylerine petrol bula\u015f\u0131yor. So\u011fuktan tir tir titriyorlar. Korkudan tir tir titriyorlar. Mat penguenler i\u00e7in bir \u015fey yapmal\u0131. Fakat ne yapabilir? \u00d6rg\u00fc \u00f6rebilir! Ya\u015fanm\u0131\u015f ger\u00e7ek bir olaydan esinlenen bu harika \u00f6yk\u00fc, k\u00fc\u00e7\u00fck bir \u00e7ocu\u011fun penguenleri kurtartmak i\u00e7in verdi\u011fi m\u00fccadeleyi anlat\u0131yor. Kimi zaman k\u00fc\u00e7\u00fck bir fikir bizimle birlikte ya\u015fayan canl\u0131lar\u0131n hayatlar\u0131n\u0131 kurtarabilir. Ve elbette ya\u015fad\u0131\u011f\u0131m\u0131z d\u00fcnyay\u0131 g\u00fczelle\u015ftirir. <\/p>\n","protected":false},"excerpt":{"rendered":"<p>G\u00fcne\u015f g\u00f6z k\u0131rp\u0131yor. Dalgalar dans ediyor. Penguenler y\u00fckselen dalgalar\u0131n \u00fczerinden atl\u0131yor. Mat ve b\u00fcy\u00fckannesi hayranl\u0131k i\u00e7inde bu harika g\u00f6steriyi seyrediyor. Uzaklarda bir tanker aniden kayal\u0131klara \u00e7arp\u0131yor.<span class=\"excerpt-hellip\"> [\u2026]<\/span><\/p>\n","protected":false},"featured_media":0,"template":"","meta":{"_monsterinsights_skip_tracking":false,"_monsterinsights_sitenote_active":false,"_monsterinsights_sitenote_note":"","_monsterinsights_sitenote_category":0},"product_brand":[],"product_cat":[12913,12274],"product_tag":[],"class_list":{"0":"post-712562","1":"product","2":"type-product","3":"status-publish","5":"product_cat-3-6-yas-kitaplari","6":"product_cat-cocuk-ve-genclik-kitaplari","7":"pa_cilt-ciltsiz","8":"pa_tur-kitap","9":"pa_yayinevi-1001-cicek-kitaplar","10":"pa_yazar-andree-poulin","12":"first","13":"instock","14":"sale","15":"shipping-taxable","16":"purchasable","17":"product-type-simple"},"_links":{"self":[{"href":"https:\/\/roveyayinevi.com.tr\/index.php\/wp-json\/wp\/v2\/product\/712562","targetHints":{"allow":["GET"]}}],"collection":[{"href":"https:\/\/roveyayinevi.com.tr\/index.php\/wp-json\/wp\/v2\/product"}],"about":[{"href":"https:\/\/roveyayinevi.com.tr\/index.php\/wp-json\/wp\/v2\/types\/product"}],"wp:attachment":[{"href":"https:\/\/roveyayinevi.com.tr\/index.php\/wp-json\/wp\/v2\/media?parent=712562"}],"wp:term":[{"taxonomy":"product_brand","embeddable":true,"href":"https:\/\/roveyayinevi.com.tr\/index.php\/wp-json\/wp\/v2\/product_brand?post=712562"},{"taxonomy":"product_cat","embeddable":true,"href":"https:\/\/roveyayinevi.com.tr\/index.php\/wp-json\/wp\/v2\/product_cat?post=712562"},{"taxonomy":"product_tag","embeddable":true,"href":"https:\/\/roveyayinevi.com.tr\/index.php\/wp-json\/wp\/v2\/product_tag?post=712562"}],"curies":[{"name":"wp","href":"https:\/\/api.w.org\/{rel}","templated":true}]}}