{"id":712560,"date":"2025-08-27T16:57:22","date_gmt":"2025-08-27T13:57:22","guid":{"rendered":"https:\/\/roveyayinevi.com.tr\/index.php\/urun\/freudyen-iktisat\/"},"modified":"2026-04-16T02:21:02","modified_gmt":"2026-04-15T23:21:02","slug":"freudyen-iktisat","status":"publish","type":"product","link":"https:\/\/roveyayinevi.com.tr\/index.php\/urun\/freudyen-iktisat\/","title":{"rendered":"Freudyen \u0130ktisat"},"content":{"rendered":"<p>Liberalizm devlet kanal\u0131 ile insan davran\u0131\u015flar\u0131n\u0131 y\u00f6nlendiren y\u00f6ntemlerin i\u00e7ine yerle\u015ftirilmi\u015f rasyonelliktir. Rasyonalizm \u00f6\u011fretisi bireysel tercihleri \u00f6ng\u00f6r\u00fclebilir k\u0131ld\u0131\u011f\u0131ndan s\u00f6m\u00fcr\u00fc i\u00e7in vazge\u00e7ilmez bir ara\u00e7t\u0131r. Kapitalist d\u00fczende \u00f6ng\u00f6rmek \u201cg\u00fcvenli\u011fi sa\u011flamak\u201d yani sistemi korumak ile e\u015f de\u011ferdir. Bu nedenle piyasa ekonomisinin temelinde g\u00fcvenlik dispositifi yatar. Neoliberaller i\u00e7in g\u00fc\u00e7, kontrol alt\u0131na al\u0131nabilecek \u201cbilince sahip\u201d bir organizmadan ibarettir. Kapitalist bir sistemde egemenin temel hedefi n\u00fcfusu olu\u015fturan bireylerin beyinleri ve bedenleri \u00fczerinden mutlak bir hakimiyet kurmakt\u0131r.  Tahakk\u00fcm \u00fczerine \u015fekillenen neoliberal sistemin kaotik yap\u0131s\u0131 bireyi k\u00f6ks\u00fczle\u015ftirir. Ajanlar, kapitalist piyasa toplumunun \u00fcyesi olmak zorunlulu\u011fu hisseder. Kendinden b\u00fcy\u00fck bir \u00f6rg\u00fct\u00fcn vazge\u00e7ilmez bir bile\u015feni haline gelerek aidiyet hissini peki\u015ftirmek isteyen birey, sistemin yap\u0131s\u0131n\u0131n dura\u011fan m\u0131 yoksa karars\u0131z m\u0131 oldu\u011funu idrak edemez. Bu kavray\u0131\u015f eksikli\u011fi, bireyi giderek artan bir kayg\u0131ya s\u00fcr\u00fckleyerek ruhsal \u00e7\u00f6k\u00fcnt\u00fcye neden olur. Bu \u00e7\u00f6k\u00fcnt\u00fc, kimi bireylerde paranoyak ve \u015fizofrenik e\u011filimler ile kendini belli ederken kimi bireylerde nevroz olarak tezah\u00fcr eder. Ruhsal sapmalar\u0131n; kimde, ne zaman ve nas\u0131l belirece\u011finin as\u0131l belirleyicisi psi\u015fedir. Bu karma\u015f\u0131k i\u015fleyi\u015fi i\u00e7selle\u015ftirmek amac\u0131yla birey davran\u0131\u015flar\u0131n\u0131 irdeleyen ara\u015ft\u0131rmac\u0131lar\u0131n karar alma s\u00fcrecini \u015fekillendiren i\u00e7sel ve d\u0131\u015fsal etkenlere e\u015f anl\u0131 odaklanmas\u0131 elzemdir. <\/p>\n","protected":false},"excerpt":{"rendered":"<p>Liberalizm devlet kanal\u0131 ile insan davran\u0131\u015flar\u0131n\u0131 y\u00f6nlendiren y\u00f6ntemlerin i\u00e7ine yerle\u015ftirilmi\u015f rasyonelliktir. Rasyonalizm \u00f6\u011fretisi bireysel tercihleri \u00f6ng\u00f6r\u00fclebilir k\u0131ld\u0131\u011f\u0131ndan s\u00f6m\u00fcr\u00fc i\u00e7in vazge\u00e7ilmez bir ara\u00e7t\u0131r. Kapitalist d\u00fczende \u00f6ng\u00f6rmek \u201cg\u00fcvenli\u011fi<span class=\"excerpt-hellip\"> [\u2026]<\/span><\/p>\n","protected":false},"featured_media":0,"template":"","meta":{"_monsterinsights_skip_tracking":false,"_monsterinsights_sitenote_active":false,"_monsterinsights_sitenote_note":"","_monsterinsights_sitenote_category":0},"product_brand":[],"product_cat":[12312,12304],"product_tag":[],"class_list":{"0":"post-712560","1":"product","2":"type-product","3":"status-publish","5":"product_cat-diger","6":"product_cat-tarih","7":"pa_cilt-ciltsiz","8":"pa_tur-kitap","9":"pa_yayinevi-efil-yayinevi","10":"pa_yazar-erdem-secilmis","12":"first","13":"instock","14":"sale","15":"shipping-taxable","16":"purchasable","17":"product-type-simple"},"_links":{"self":[{"href":"https:\/\/roveyayinevi.com.tr\/index.php\/wp-json\/wp\/v2\/product\/712560","targetHints":{"allow":["GET"]}}],"collection":[{"href":"https:\/\/roveyayinevi.com.tr\/index.php\/wp-json\/wp\/v2\/product"}],"about":[{"href":"https:\/\/roveyayinevi.com.tr\/index.php\/wp-json\/wp\/v2\/types\/product"}],"wp:attachment":[{"href":"https:\/\/roveyayinevi.com.tr\/index.php\/wp-json\/wp\/v2\/media?parent=712560"}],"wp:term":[{"taxonomy":"product_brand","embeddable":true,"href":"https:\/\/roveyayinevi.com.tr\/index.php\/wp-json\/wp\/v2\/product_brand?post=712560"},{"taxonomy":"product_cat","embeddable":true,"href":"https:\/\/roveyayinevi.com.tr\/index.php\/wp-json\/wp\/v2\/product_cat?post=712560"},{"taxonomy":"product_tag","embeddable":true,"href":"https:\/\/roveyayinevi.com.tr\/index.php\/wp-json\/wp\/v2\/product_tag?post=712560"}],"curies":[{"name":"wp","href":"https:\/\/api.w.org\/{rel}","templated":true}]}}