{"id":712556,"date":"2025-08-27T16:57:20","date_gmt":"2025-08-27T13:57:20","guid":{"rendered":"https:\/\/roveyayinevi.com.tr\/index.php\/urun\/panco-ve-monti-kasabanin-yeni-yildizlari\/"},"modified":"2026-04-16T02:21:02","modified_gmt":"2026-04-15T23:21:02","slug":"panco-ve-monti-kasabanin-yeni-yildizlari","status":"publish","type":"product","link":"https:\/\/roveyayinevi.com.tr\/index.php\/urun\/panco-ve-monti-kasabanin-yeni-yildizlari\/","title":{"rendered":"Pan\u00e7o ve Monti &#8211; Kasaban\u0131n Yeni Y\u0131ld\u0131zlar\u0131"},"content":{"rendered":"<p>Pan\u00e7o: Harika bir sihirbaz!Monti: Pan\u00e7o\u2019nun biricik dostu, dondurma yeme ustas\u0131!Pan\u00e7o ve Monti\u2019nin birka\u00e7 kutu, bir \u00e7\u00f6p tenekesi ve eski bir bavuldan ba\u015fka bir \u015feyleri yoktu. Ama yine de \u00e7ok mutlulard\u0131.Birlikte \u00e7ok iyi vakit ge\u00e7irirlerdi.Bir gu\u0308n kasabalar\u0131na kocaman bir karnaval geldi. Bu karnaval kasaban\u0131n yeni y\u0131ld\u0131zlar\u0131n\u0131 ar\u0131yordu. \u0130ki kafadar karnavalda \u015fanslar\u0131n\u0131 denemeye karar verdiler ve&#8230;Dostluk u\u0308zerine \u00e7ok tatl\u0131 bir hik\u00e2ye minik okurlar\u0131m\u0131z\u0131 bekliyor&#8230; <\/p>\n","protected":false},"excerpt":{"rendered":"<p>Pan\u00e7o: Harika bir sihirbaz!Monti: Pan\u00e7o\u2019nun biricik dostu, dondurma yeme ustas\u0131!Pan\u00e7o ve Monti\u2019nin birka\u00e7 kutu, bir \u00e7\u00f6p tenekesi ve eski bir bavuldan ba\u015fka bir \u015feyleri yoktu. Ama<span class=\"excerpt-hellip\"> [\u2026]<\/span><\/p>\n","protected":false},"featured_media":0,"template":"","meta":{"_monsterinsights_skip_tracking":false,"_monsterinsights_sitenote_active":false,"_monsterinsights_sitenote_note":"","_monsterinsights_sitenote_category":0},"product_brand":[],"product_cat":[12913,12274],"product_tag":[],"class_list":{"0":"post-712556","1":"product","2":"type-product","3":"status-publish","5":"product_cat-3-6-yas-kitaplari","6":"product_cat-cocuk-ve-genclik-kitaplari","7":"pa_cilt-ciltsiz","8":"pa_tur-kitap","9":"pa_yayinevi-pearson-cocuk-kitaplari","10":"pa_yazar-kollektif","12":"first","13":"instock","14":"sale","15":"shipping-taxable","16":"purchasable","17":"product-type-simple"},"_links":{"self":[{"href":"https:\/\/roveyayinevi.com.tr\/index.php\/wp-json\/wp\/v2\/product\/712556","targetHints":{"allow":["GET"]}}],"collection":[{"href":"https:\/\/roveyayinevi.com.tr\/index.php\/wp-json\/wp\/v2\/product"}],"about":[{"href":"https:\/\/roveyayinevi.com.tr\/index.php\/wp-json\/wp\/v2\/types\/product"}],"wp:attachment":[{"href":"https:\/\/roveyayinevi.com.tr\/index.php\/wp-json\/wp\/v2\/media?parent=712556"}],"wp:term":[{"taxonomy":"product_brand","embeddable":true,"href":"https:\/\/roveyayinevi.com.tr\/index.php\/wp-json\/wp\/v2\/product_brand?post=712556"},{"taxonomy":"product_cat","embeddable":true,"href":"https:\/\/roveyayinevi.com.tr\/index.php\/wp-json\/wp\/v2\/product_cat?post=712556"},{"taxonomy":"product_tag","embeddable":true,"href":"https:\/\/roveyayinevi.com.tr\/index.php\/wp-json\/wp\/v2\/product_tag?post=712556"}],"curies":[{"name":"wp","href":"https:\/\/api.w.org\/{rel}","templated":true}]}}