{"id":712555,"date":"2025-08-27T16:57:19","date_gmt":"2025-08-27T13:57:19","guid":{"rendered":"https:\/\/roveyayinevi.com.tr\/index.php\/urun\/bizim-sahne\/"},"modified":"2026-04-03T02:26:55","modified_gmt":"2026-04-02T23:26:55","slug":"bizim-sahne","status":"publish","type":"product","link":"https:\/\/roveyayinevi.com.tr\/index.php\/urun\/bizim-sahne\/","title":{"rendered":"Bizim Sahne"},"content":{"rendered":"<p>Tiyatro, sanatlar\u0131n i\u00e7inde en sosyal olan\u0131d\u0131r. Bir arada bir \u015feyler yaratmay\u0131, g\u00f6rev payla\u015f\u0131m\u0131n\u0131 \u00f6\u011fretir. Bunun yan\u0131nda kimi zaman g\u00fcld\u00fcr\u00fcp kimi zaman d\u00fc\u015f\u00fcnd\u00fcrerek hayata ayna tutar. Bizim Sahne\u2019de d\u00fcnyaca \u00fcnl\u00fc yazarlardan Grimm Karde\u015fler\u2019in Sihirli Arma\u011fanlar, Charles Perrault\u2019\u0131n K\u00fclkedisi, Anton \u00c7ehov\u2019un Mart\u0131 oyunlar\u0131n\u0131n yan\u0131 s\u0131ra T\u00fcrk yazarlardan \u00d6mer Seyfettin\u2019in Muayene ve Pamuk \u0130pli\u011fi adl\u0131 oyunlar\u0131na da yer verilmi\u015ftir. Bu oyunlar, tiyatroya g\u00f6n\u00fcl veren \u00e7ocuklar ve gen\u00e7ler i\u00e7in haz\u0131rlanm\u0131\u015ft\u0131r. Kitab\u0131n, \u00e7ocuklar\u0131n ve gen\u00e7lerin sosyal geli\u015fimine katk\u0131 sa\u011flayaca\u011f\u0131n\u0131 ve hayata bak\u0131\u015f a\u00e7\u0131lar\u0131nda bir farkl\u0131l\u0131k yarataca\u011f\u0131na inan\u0131yoruz. <\/p>\n","protected":false},"excerpt":{"rendered":"<p>Tiyatro, sanatlar\u0131n i\u00e7inde en sosyal olan\u0131d\u0131r. Bir arada bir \u015feyler yaratmay\u0131, g\u00f6rev payla\u015f\u0131m\u0131n\u0131 \u00f6\u011fretir. Bunun yan\u0131nda kimi zaman g\u00fcld\u00fcr\u00fcp kimi zaman d\u00fc\u015f\u00fcnd\u00fcrerek hayata ayna tutar. Bizim<span class=\"excerpt-hellip\"> [\u2026]<\/span><\/p>\n","protected":false},"featured_media":0,"template":"","meta":{"_monsterinsights_skip_tracking":false,"_monsterinsights_sitenote_active":false,"_monsterinsights_sitenote_note":"","_monsterinsights_sitenote_category":0},"product_brand":[],"product_cat":[12275,12274],"product_tag":[],"class_list":{"0":"post-712555","1":"product","2":"type-product","3":"status-publish","5":"product_cat-6-12-yas-kitaplari","6":"product_cat-cocuk-ve-genclik-kitaplari","7":"pa_cilt-ciltsiz","8":"pa_tur-kitap","9":"pa_yayinevi-altin-kitaplar-cocuk-kitaplari","10":"pa_yazar-ozlem-aytek","12":"first","13":"instock","14":"sale","15":"shipping-taxable","16":"purchasable","17":"product-type-simple"},"_links":{"self":[{"href":"https:\/\/roveyayinevi.com.tr\/index.php\/wp-json\/wp\/v2\/product\/712555","targetHints":{"allow":["GET"]}}],"collection":[{"href":"https:\/\/roveyayinevi.com.tr\/index.php\/wp-json\/wp\/v2\/product"}],"about":[{"href":"https:\/\/roveyayinevi.com.tr\/index.php\/wp-json\/wp\/v2\/types\/product"}],"wp:attachment":[{"href":"https:\/\/roveyayinevi.com.tr\/index.php\/wp-json\/wp\/v2\/media?parent=712555"}],"wp:term":[{"taxonomy":"product_brand","embeddable":true,"href":"https:\/\/roveyayinevi.com.tr\/index.php\/wp-json\/wp\/v2\/product_brand?post=712555"},{"taxonomy":"product_cat","embeddable":true,"href":"https:\/\/roveyayinevi.com.tr\/index.php\/wp-json\/wp\/v2\/product_cat?post=712555"},{"taxonomy":"product_tag","embeddable":true,"href":"https:\/\/roveyayinevi.com.tr\/index.php\/wp-json\/wp\/v2\/product_tag?post=712555"}],"curies":[{"name":"wp","href":"https:\/\/api.w.org\/{rel}","templated":true}]}}