{"id":712554,"date":"2025-08-27T16:57:18","date_gmt":"2025-08-27T13:57:18","guid":{"rendered":"https:\/\/roveyayinevi.com.tr\/index.php\/urun\/bilegimdeki-omega\/"},"modified":"2026-04-16T02:21:02","modified_gmt":"2026-04-15T23:21:02","slug":"bilegimdeki-omega","status":"publish","type":"product","link":"https:\/\/roveyayinevi.com.tr\/index.php\/urun\/bilegimdeki-omega\/","title":{"rendered":"Bile\u011fimdeki Omega"},"content":{"rendered":"<p>Bile\u011findeki do\u011fum lekesiyle kavgal\u0131 olan Yonca, yeni ta\u015f\u0131nd\u0131klar\u0131 \u015eAK\u015eUKA Apartman\u0131\u2019nda ilgin\u00e7 insanlar tan\u0131maya ba\u015flar. Duyuru panosuna ast\u0131\u011f\u0131 yaz\u0131lar\u0131 \u201cC\u00fcmlelere dikkatinizi \u00e7ekerim, rica mica etmiyor; resmen emrediyorum!\u201d diye bitiren \u00e7\u0131lg\u0131n y\u00f6netici emekli albay \u015eevki Palaspand\u0131ras, posta kutusuna at\u0131lan imzas\u0131z notlar\u0131n sahibini aramaktad\u0131r. Yoncalar\u0131n kap\u0131 kom\u015fusu Perver Han\u0131m ise \u00f6r\u00fcmceklere d\u00fc\u015fk\u00fcn, Alzheimer hastas\u0131 ya\u015fl\u0131 bir kad\u0131nd\u0131r. Yonca\u2019n\u0131n yeni ya\u015fam\u0131nda g\u00fcnbeg\u00fcn yer etmeye ba\u015flayan Perver Han\u0131m\u2019\u0131n ge\u00e7mi\u015fi s\u0131rlarla doludur. Kafas\u0131na yedi\u011fi t\u00fcft\u00fcfler ise Yonca i\u00e7in ayr\u0131 bir gizemdir. \u201cHik\u00e2yemizde rap raplar\u0131n yeri yok.\u201d ya da \u201cBir yarasayla payla\u015ft\u0131m ac\u0131lar\u0131m\u0131&#8230;\u201d gibi tek c\u00fcmlelik mesajlar i\u00e7eren t\u00fcft\u00fcfleri kimin att\u0131\u011f\u0131n\u0131 bulmaya \u00e7al\u0131\u015fan Yonca, kar\u015f\u0131 balkondan y\u00fckselen klarnet sesinin sahibinden \u015f\u00fcphelenmektedir. Yeni okulunda s\u0131n\u0131f\u0131n en s\u0131rad\u0131\u015f\u0131 tipleriyle arkada\u015f olmay\u0131 tercih eden Yonca, DOLPERANKAY grubunun bir \u00fcyesidir art\u0131k. Ama OMEGA ad\u0131n\u0131 verdi\u011fi ve bilekliklerle gizledi\u011fi do\u011fum lekesinden yeni arkada\u015flar\u0131n\u0131n haberi yoktur. Asuman Portakal yine mizah y\u00fckl\u00fc bir romanla selaml\u0131yor gen\u00e7 okurlar\u0131n\u0131. <\/p>\n","protected":false},"excerpt":{"rendered":"<p>Bile\u011findeki do\u011fum lekesiyle kavgal\u0131 olan Yonca, yeni ta\u015f\u0131nd\u0131klar\u0131 \u015eAK\u015eUKA Apartman\u0131\u2019nda ilgin\u00e7 insanlar tan\u0131maya ba\u015flar. Duyuru panosuna ast\u0131\u011f\u0131 yaz\u0131lar\u0131 \u201cC\u00fcmlelere dikkatinizi \u00e7ekerim, rica mica etmiyor; resmen emrediyorum!\u201d<span class=\"excerpt-hellip\"> [\u2026]<\/span><\/p>\n","protected":false},"featured_media":0,"template":"","meta":{"_monsterinsights_skip_tracking":false,"_monsterinsights_sitenote_active":false,"_monsterinsights_sitenote_note":"","_monsterinsights_sitenote_category":0},"product_brand":[],"product_cat":[12291,15117],"product_tag":[],"class_list":{"0":"post-712554","1":"product","2":"type-product","3":"status-publish","5":"product_cat-edebiyat","6":"product_cat-genclik-edebiyati","7":"pa_cilt-ciltsiz","8":"pa_tur-kitap","9":"pa_yayinevi-altin-kitaplar-cocuk-kitaplari","10":"pa_yazar-asuman-portakal","12":"first","13":"instock","14":"sale","15":"shipping-taxable","16":"purchasable","17":"product-type-simple"},"_links":{"self":[{"href":"https:\/\/roveyayinevi.com.tr\/index.php\/wp-json\/wp\/v2\/product\/712554","targetHints":{"allow":["GET"]}}],"collection":[{"href":"https:\/\/roveyayinevi.com.tr\/index.php\/wp-json\/wp\/v2\/product"}],"about":[{"href":"https:\/\/roveyayinevi.com.tr\/index.php\/wp-json\/wp\/v2\/types\/product"}],"wp:attachment":[{"href":"https:\/\/roveyayinevi.com.tr\/index.php\/wp-json\/wp\/v2\/media?parent=712554"}],"wp:term":[{"taxonomy":"product_brand","embeddable":true,"href":"https:\/\/roveyayinevi.com.tr\/index.php\/wp-json\/wp\/v2\/product_brand?post=712554"},{"taxonomy":"product_cat","embeddable":true,"href":"https:\/\/roveyayinevi.com.tr\/index.php\/wp-json\/wp\/v2\/product_cat?post=712554"},{"taxonomy":"product_tag","embeddable":true,"href":"https:\/\/roveyayinevi.com.tr\/index.php\/wp-json\/wp\/v2\/product_tag?post=712554"}],"curies":[{"name":"wp","href":"https:\/\/api.w.org\/{rel}","templated":true}]}}