{"id":712553,"date":"2025-08-27T16:57:18","date_gmt":"2025-08-27T13:57:18","guid":{"rendered":"https:\/\/roveyayinevi.com.tr\/index.php\/urun\/anayasa-teorisine-ve-hukukuna-giris\/"},"modified":"2026-04-16T02:21:02","modified_gmt":"2026-04-15T23:21:02","slug":"anayasa-teorisine-ve-hukukuna-giris","status":"publish","type":"product","link":"https:\/\/roveyayinevi.com.tr\/index.php\/urun\/anayasa-teorisine-ve-hukukuna-giris\/","title":{"rendered":"Anayasa Teorisine ve Hukukuna Giri\u015f"},"content":{"rendered":"<p>nayasa Teorisine ve Hukukuna Giri\u015f \u00fcniversitelerde anayasa hukuku derslerinde kullan\u0131lmak \u00fczere haz\u0131rlanm\u0131\u015ft\u0131r. Kitapta bu daldaki anonim bilgiler, \u00f6n lisans ve lisans \u00f6\u011frencilerine yeterli olacak ve disiplinin \u00f6z\u00fcn\u00fc kavramalar\u0131n\u0131 sa\u011flayacak \u015fekilde tasnif edilmeye ve bir araya getirilmeye \u00e7al\u0131\u015f\u0131lm\u0131\u015ft\u0131r.Kitapta, \u00fcniversitelerde Anayasa Hukuku derslerinde kullan\u0131lan kitaplar\u0131n baz\u0131lar\u0131nda tespit edilen iki sorundan uzak kalmaya \u00e7al\u0131\u015f\u0131lm\u0131\u015ft\u0131r. Bunlar\u0131n ilki, Anayasa Hukukunun bilhassa pozitivist e\u011filimli hukuk\u00e7ular taraf\u0131ndan s\u0131rf bir hukuk dal\u0131na indirgenmesidir. Biliyoruz ki Anayasa Hukuku p\u00fcr bir hukuk dal\u0131 de\u011fildir; siyaset teorisiyle i\u00e7 i\u00e7edir. Siyaset teorisinden yararlanmadan anayasa meselelerini tam manas\u0131yla kavramak imk\u00e2ns\u0131zd\u0131r. Bu y\u00fczden, kitapta siyaset teorisi birikiminden de yararlan\u0131lm\u0131\u015ft\u0131r. \u0130kincisi ise kitaplar\u0131n a\u015f\u0131r\u0131 teferruatl\u0131 olmas\u0131d\u0131r. \u00d6\u011frenciler ayr\u0131nt\u0131lar aras\u0131nda kaybolarak en zevkli derslerden biri olan Anayasa Hukukuna Giri\u015f dersinden nefret etmektedir. Yazar, bu kitapta disiplinin ana bilgilerini ve yakla\u015f\u0131mlar\u0131n\u0131 derleyip, ayr\u0131nt\u0131larla u\u011fra\u015f\u0131p u\u011fra\u015fmayaca\u011f\u0131n\u0131 \u00f6\u011frencilerin merak\u0131na b\u0131rakmay\u0131 tercih etmi\u015ftir. <\/p>\n","protected":false},"excerpt":{"rendered":"<p>nayasa Teorisine ve Hukukuna Giri\u015f \u00fcniversitelerde anayasa hukuku derslerinde kullan\u0131lmak \u00fczere haz\u0131rlanm\u0131\u015ft\u0131r. Kitapta bu daldaki anonim bilgiler, \u00f6n lisans ve lisans \u00f6\u011frencilerine yeterli olacak ve disiplinin<span class=\"excerpt-hellip\"> [\u2026]<\/span><\/p>\n","protected":false},"featured_media":0,"template":"","meta":{"_monsterinsights_skip_tracking":false,"_monsterinsights_sitenote_active":false,"_monsterinsights_sitenote_note":"","_monsterinsights_sitenote_category":0},"product_brand":[],"product_cat":[15351,15350],"product_tag":[],"class_list":{"0":"post-712553","1":"product","2":"type-product","3":"status-publish","5":"product_cat-ders-kitaplari","6":"product_cat-hukuk","7":"pa_cilt-ciltsiz","8":"pa_tur-kitap","9":"pa_yayinevi-adres-yayinlari","10":"pa_yazar-atilla-yayla","12":"first","13":"instock","14":"sale","15":"shipping-taxable","16":"purchasable","17":"product-type-simple"},"_links":{"self":[{"href":"https:\/\/roveyayinevi.com.tr\/index.php\/wp-json\/wp\/v2\/product\/712553","targetHints":{"allow":["GET"]}}],"collection":[{"href":"https:\/\/roveyayinevi.com.tr\/index.php\/wp-json\/wp\/v2\/product"}],"about":[{"href":"https:\/\/roveyayinevi.com.tr\/index.php\/wp-json\/wp\/v2\/types\/product"}],"wp:attachment":[{"href":"https:\/\/roveyayinevi.com.tr\/index.php\/wp-json\/wp\/v2\/media?parent=712553"}],"wp:term":[{"taxonomy":"product_brand","embeddable":true,"href":"https:\/\/roveyayinevi.com.tr\/index.php\/wp-json\/wp\/v2\/product_brand?post=712553"},{"taxonomy":"product_cat","embeddable":true,"href":"https:\/\/roveyayinevi.com.tr\/index.php\/wp-json\/wp\/v2\/product_cat?post=712553"},{"taxonomy":"product_tag","embeddable":true,"href":"https:\/\/roveyayinevi.com.tr\/index.php\/wp-json\/wp\/v2\/product_tag?post=712553"}],"curies":[{"name":"wp","href":"https:\/\/api.w.org\/{rel}","templated":true}]}}