{"id":712552,"date":"2025-08-27T16:57:18","date_gmt":"2025-08-27T13:57:18","guid":{"rendered":"https:\/\/roveyayinevi.com.tr\/index.php\/urun\/milliyet-duygusunun-sosyolojik-esaslari\/"},"modified":"2026-04-16T02:21:02","modified_gmt":"2026-04-15T23:21:02","slug":"milliyet-duygusunun-sosyolojik-esaslari","status":"publish","type":"product","link":"https:\/\/roveyayinevi.com.tr\/index.php\/urun\/milliyet-duygusunun-sosyolojik-esaslari\/","title":{"rendered":"Milliyet Duygusunun Sosyolojik Esaslar\u0131"},"content":{"rendered":"<p>Sadri Maksudi Arsal bu kitapta milliyet kavram\u0131n\u0131, hukuk tarihi ve sosyoloji alanlar\u0131nda kabul g\u00f6rm\u00fc\u015f bilimsel esaslar \u00e7er\u00e7evesinde, t\u00fcm\u00fcyle objektif bir g\u00f6r\u00fc\u015f a\u00e7\u0131s\u0131yla inceleyerek okuyucusuna sunuyor. \u0130nsanl\u0131\u011f\u0131n ve milletlerin hayat\u0131nda \u00e7ok b\u00fcy\u00fck rol\u00fc olan \u201cmilliyet\u201d anlay\u0131\u015f\u0131 \u00fczerinde o g\u00fcne kadar mevcut olan fikr\u00ee cereyanlar\u0131 kendi tarih ve sosyoloji birikiminden \u00f6rnekler vererek tart\u0131\u015f\u0131yor. Kitap, milliyet\u00e7ili\u011fin tarihte ve g\u00fcn\u00fcm\u00fczde milletlerin hayat\u0131nda oynad\u0131\u011f\u0131 rol\u00fcn \u00f6nemine ra\u011fmen, milliyet esas\u0131n\u0131 m\u00fcnhas\u0131ran sosyolojik bak\u0131mdan ele alan bir eserin ne T\u00fcrk\u00e7e ne de Bat\u0131 dillerinde mevcut oldu\u011fu 1955 y\u0131l\u0131nda yay\u0131mland\u0131\u011f\u0131nda \u00e7ok b\u00fcy\u00fck ses getirmi\u015ftir. H\u00e2l\u00e2 da, milliyet\u00e7ilik esas\u0131n\u0131 objektif bir g\u00f6r\u00fc\u015fle bu denli kapsaml\u0131 ve geni\u015f bir bibliyografyaya dayanarak ara\u015ft\u0131rm\u0131\u015f bir ba\u015fka eser bulunmamaktad\u0131r. K\u0131z\u0131 Adile Ayda\u2019n\u0131n, babas\u0131n\u0131 \u201c\u00f6mr\u00fc boyunca rehberlik etmi\u015f bir his ve idealin, ilm\u00ee temeller \u00fczerine oturtulmu\u015f abidesi\u201d tel\u00e2kki etti\u011fi bu kitap, defalarca bas\u0131lm\u0131\u015f ve bug\u00fcn bir kl\u00e2s\u0131k h\u00e2line gelmi\u015ftir. <\/p>\n","protected":false},"excerpt":{"rendered":"<p>Sadri Maksudi Arsal bu kitapta milliyet kavram\u0131n\u0131, hukuk tarihi ve sosyoloji alanlar\u0131nda kabul g\u00f6rm\u00fc\u015f bilimsel esaslar \u00e7er\u00e7evesinde, t\u00fcm\u00fcyle objektif bir g\u00f6r\u00fc\u015f a\u00e7\u0131s\u0131yla inceleyerek okuyucusuna sunuyor. \u0130nsanl\u0131\u011f\u0131n<span class=\"excerpt-hellip\"> [\u2026]<\/span><\/p>\n","protected":false},"featured_media":0,"template":"","meta":{"_monsterinsights_skip_tracking":false,"_monsterinsights_sitenote_active":false,"_monsterinsights_sitenote_note":"","_monsterinsights_sitenote_category":0},"product_brand":[],"product_cat":[12351,12324],"product_tag":[],"class_list":{"0":"post-712552","1":"product","2":"type-product","3":"status-publish","5":"product_cat-siyaset-sosyolojisi","6":"product_cat-sosyoloji","7":"pa_cilt-ciltsiz","8":"pa_tur-kitap","9":"pa_yayinevi-otuken-nesriyat","10":"pa_yazar-sadri-maksudi-arsal","12":"first","13":"instock","14":"sale","15":"shipping-taxable","16":"purchasable","17":"product-type-simple"},"_links":{"self":[{"href":"https:\/\/roveyayinevi.com.tr\/index.php\/wp-json\/wp\/v2\/product\/712552","targetHints":{"allow":["GET"]}}],"collection":[{"href":"https:\/\/roveyayinevi.com.tr\/index.php\/wp-json\/wp\/v2\/product"}],"about":[{"href":"https:\/\/roveyayinevi.com.tr\/index.php\/wp-json\/wp\/v2\/types\/product"}],"wp:attachment":[{"href":"https:\/\/roveyayinevi.com.tr\/index.php\/wp-json\/wp\/v2\/media?parent=712552"}],"wp:term":[{"taxonomy":"product_brand","embeddable":true,"href":"https:\/\/roveyayinevi.com.tr\/index.php\/wp-json\/wp\/v2\/product_brand?post=712552"},{"taxonomy":"product_cat","embeddable":true,"href":"https:\/\/roveyayinevi.com.tr\/index.php\/wp-json\/wp\/v2\/product_cat?post=712552"},{"taxonomy":"product_tag","embeddable":true,"href":"https:\/\/roveyayinevi.com.tr\/index.php\/wp-json\/wp\/v2\/product_tag?post=712552"}],"curies":[{"name":"wp","href":"https:\/\/api.w.org\/{rel}","templated":true}]}}