{"id":712551,"date":"2025-08-27T16:57:17","date_gmt":"2025-08-27T13:57:17","guid":{"rendered":"https:\/\/roveyayinevi.com.tr\/index.php\/urun\/peyami-safanin-insanlari\/"},"modified":"2026-02-28T02:30:39","modified_gmt":"2026-02-27T23:30:39","slug":"peyami-safanin-insanlari","status":"publish","type":"product","link":"https:\/\/roveyayinevi.com.tr\/index.php\/urun\/peyami-safanin-insanlari\/","title":{"rendered":"Peyami Safa&#8217;n\u0131n \u0130nsanlar\u0131"},"content":{"rendered":"<p>Peyami Safa\u2019n\u0131n \u0130nsanlar\u0131, T\u00fcrk edebiyat\u0131n\u0131n en b\u00fcy\u00fck romanc\u0131lar\u0131ndan Peyami Safa\u2019n\u0131n Server Bedi m\u00fcstear\u0131yla yazd\u0131klar\u0131 haricindeki 12 roman\u0131nda yer alan karakterleri edebiyat tarihinin temel metotlar\u0131 \u00e7er\u00e7evesinde ayr\u0131nt\u0131l\u0131 olarak incelemektedir. Kitapta, bu karakterlerin i\u015flendikleri eserlerde s\u00f6yledikleri, yapt\u0131klar\u0131, d\u00fc\u015f\u00fcnd\u00fckleri, kurgu i\u00e7indeki rolleri, fizik\u00ee g\u00f6r\u00fcn\u00fc\u015fleri, k\u00fclt\u00fcrel kodlar\u0131, duygusal durumlar\u0131, sosyal stat\u00fcleri, d\u00fcnya g\u00f6r\u00fc\u015fleri ve bu \u00f6zellikler ba\u011flam\u0131nda romanc\u0131 taraf\u0131ndan eserin amac\u0131na hizmet etmek \u00fczere kendilerinden ne \u015fekilde yararlan\u0131ld\u0131\u011f\u0131 ayr\u0131nt\u0131l\u0131 bir tasnife t\u00e2bi tutularak ele al\u0131nm\u0131\u015ft\u0131r. Roman kahramanlar\u0131 konusunda kendisinden \u00f6nce ba\u015fka yazarlar esas al\u0131narak yap\u0131lan \u00e7al\u0131\u015fmalardan, \u015fah\u0131s kadrosunun sunumunda yazar\u0131n niyeti ve fikrini de g\u00f6zeterek hem esere hem sanat\u00e7\u0131ya d\u00f6n\u00fck edebiyat kuramlar\u0131na i\u015flerlik kazand\u0131rmas\u0131yla ayr\u0131lan Kuran\u2019\u0131n bu \u00e7al\u0131\u015fmas\u0131, dikkatli okur nazar\u0131nda, yaratt\u0131\u011f\u0131 kurgusal d\u00fcnya i\u00e7inde Peyami Safa\u2019n\u0131n biyografisine de katk\u0131 sunabilecek ipu\u00e7lar\u0131n\u0131 bar\u0131nd\u0131rmas\u0131 a\u00e7\u0131s\u0131ndan \u00f6nemli bir ilm\u00ee mesainin \u00fcr\u00fcn\u00fcd\u00fcr. <\/p>\n","protected":false},"excerpt":{"rendered":"<p>Peyami Safa\u2019n\u0131n \u0130nsanlar\u0131, T\u00fcrk edebiyat\u0131n\u0131n en b\u00fcy\u00fck romanc\u0131lar\u0131ndan Peyami Safa\u2019n\u0131n Server Bedi m\u00fcstear\u0131yla yazd\u0131klar\u0131 haricindeki 12 roman\u0131nda yer alan karakterleri edebiyat tarihinin temel metotlar\u0131 \u00e7er\u00e7evesinde ayr\u0131nt\u0131l\u0131<span class=\"excerpt-hellip\"> [\u2026]<\/span><\/p>\n","protected":false},"featured_media":0,"template":"","meta":{"_monsterinsights_skip_tracking":false,"_monsterinsights_sitenote_active":false,"_monsterinsights_sitenote_note":"","_monsterinsights_sitenote_category":0},"product_brand":[],"product_cat":[12777,12291],"product_tag":[],"class_list":{"0":"post-712551","1":"product","2":"type-product","3":"status-publish","5":"product_cat-deneme","6":"product_cat-edebiyat","7":"pa_cilt-ciltsiz","8":"pa_tur-kitap","9":"pa_yayinevi-otuken-nesriyat","10":"pa_yazar-seyma-buyukkavas-kuran","12":"first","13":"instock","14":"sale","15":"shipping-taxable","16":"purchasable","17":"product-type-simple"},"_links":{"self":[{"href":"https:\/\/roveyayinevi.com.tr\/index.php\/wp-json\/wp\/v2\/product\/712551","targetHints":{"allow":["GET"]}}],"collection":[{"href":"https:\/\/roveyayinevi.com.tr\/index.php\/wp-json\/wp\/v2\/product"}],"about":[{"href":"https:\/\/roveyayinevi.com.tr\/index.php\/wp-json\/wp\/v2\/types\/product"}],"wp:attachment":[{"href":"https:\/\/roveyayinevi.com.tr\/index.php\/wp-json\/wp\/v2\/media?parent=712551"}],"wp:term":[{"taxonomy":"product_brand","embeddable":true,"href":"https:\/\/roveyayinevi.com.tr\/index.php\/wp-json\/wp\/v2\/product_brand?post=712551"},{"taxonomy":"product_cat","embeddable":true,"href":"https:\/\/roveyayinevi.com.tr\/index.php\/wp-json\/wp\/v2\/product_cat?post=712551"},{"taxonomy":"product_tag","embeddable":true,"href":"https:\/\/roveyayinevi.com.tr\/index.php\/wp-json\/wp\/v2\/product_tag?post=712551"}],"curies":[{"name":"wp","href":"https:\/\/api.w.org\/{rel}","templated":true}]}}