{"id":712549,"date":"2025-08-27T16:57:16","date_gmt":"2025-08-27T13:57:16","guid":{"rendered":"https:\/\/roveyayinevi.com.tr\/index.php\/urun\/tutkulu-cikarlarin-bilimi-gabriel-tardein-iktisat-antropolojisine-bir-giris\/"},"modified":"2026-04-16T02:21:02","modified_gmt":"2026-04-15T23:21:02","slug":"tutkulu-cikarlarin-bilimi-gabriel-tardein-iktisat-antropolojisine-bir-giris","status":"publish","type":"product","link":"https:\/\/roveyayinevi.com.tr\/index.php\/urun\/tutkulu-cikarlarin-bilimi-gabriel-tardein-iktisat-antropolojisine-bir-giris\/","title":{"rendered":"Tutkulu \u00c7\u0131karlar\u0131n Bilimi Gabriel Tarde&#8217;in \u0130ktisat Antropolojisine Bir Giri\u015f"},"content":{"rendered":"<p>Tarde, pek \u00fczerinde durulmam\u0131\u015f, lay\u0131k\u0131yla incelenmemi\u015f bir d\u00fc\u015f\u00fcn\u00fcrd\u00fcr ve tam da bu sebeple, y\u00fczy\u0131l\u0131 a\u015fk\u0131n bir zaman \u00f6nce yazd\u0131klar\u0131, g\u00fcn\u00fcm\u00fcz i\u00e7in ezber bozucudur. Bilinen d\u00fc\u015f\u00fcnme bi\u00e7imlerine kar\u015f\u0131 geldi\u011fi, olduk\u00e7a farkl\u0131 bir hat \u00fczerinden ilerledi\u011fi s\u00f6ylenebilir. O kadar farkl\u0131 bir hat ki; aylaklar aras\u0131ndaki konu\u015fmay\u0131 \u2018\u00fcretim fakt\u00f6r\u00fc\u2019 olarak g\u00f6r\u00fcr, ekmek fiyat\u0131ndaki dalgalanmalar ile siyasi fig\u00fcrlerin itibar\u0131ndaki de\u011fi\u015fimleri ayn\u0131 dikkatle takip eder, \u00fcretimin tipik \u00f6rne\u011fi olarak toplu i\u011fne fabrikas\u0131n\u0131 de\u011fil kitap end\u00fcstrisini kullan\u0131r vb. Bu d\u00fc\u015f\u00fcnce sistemi, ezbere, belirli kal\u0131plar \u00fczerinden d\u00fc\u015f\u00fcnmeye ve tart\u0131\u015fmaya al\u0131\u015fm\u0131\u015f biri i\u00e7in dikkate almaya bile de\u011fmeyecek, hatta \u2018sa\u00e7ma\u2019 bir d\u00fc\u015f\u00fcnce sistemidir elbette. Bu yavan ve kolaya ka\u00e7an yorumlardan sak\u0131nmak i\u00e7in \u00f6ncelikle ezberledi\u011fimiz, s\u0131k\u0131 s\u0131k\u0131ya ba\u011fl\u0131 oldu\u011fumuz d\u00fc\u015f\u00fcnme bi\u00e7im(ler)iyle aram\u0131za bir mesafe koymal\u0131y\u0131z. Tarde\u2019\u0131n \u201ciktisat antropolojisini anlamak i\u00e7in ilk olarak al\u0131\u015fkanl\u0131klar\u0131m\u0131z\u0131n b\u00fct\u00fcn\u00fcyle tersine \u00e7evrilmesini kabul etmeliyiz: Ekonomi i\u00e7indeki hi\u00e7bir \u015fey nesnel de\u011fildir, hepsi \u00f6zneldir \u2013daha do\u011frusu \u00f6zneler aras\u0131ndad\u0131r ve bu, kesin olarak \u00f6l\u00e7\u00fclebilir ve bilimsel hale getirilebilece\u011finin nedenidir. Tabii ki bir bilimden ne bekledi\u011fimizi ve \u00f6l\u00e7mek ile ne demek istedi\u011fimizi de\u011fi\u015ftirmek ko\u015fuluyla. Bu ko\u015fullar d\u00fc\u015f\u00fcnce al\u0131\u015fkanl\u0131klar\u0131m\u0131z\u0131 b\u00fcy\u00fck \u00f6l\u00e7\u00fcde de\u011fi\u015ftirecektir.\u201d Pek hacimli olmayan bu kitap, iktisat anlay\u0131\u015f\u0131n\u0131 bir\u00e7ok a\u00e7\u0131dan olduk\u00e7a farkl\u0131 \u015fekilde de\u011ferlendiren Tarde \u00fczerine olduk\u00e7a yo\u011fun bir tart\u0131\u015fmad\u0131r. Sars\u0131lmaya haz\u0131r, ele\u015ftirel de\u011ferlendirmeye a\u00e7\u0131k okurlar i\u00e7in de\u011ferli bir \u00e7al\u0131\u015fma. <\/p>\n","protected":false},"excerpt":{"rendered":"<p>Tarde, pek \u00fczerinde durulmam\u0131\u015f, lay\u0131k\u0131yla incelenmemi\u015f bir d\u00fc\u015f\u00fcn\u00fcrd\u00fcr ve tam da bu sebeple, y\u00fczy\u0131l\u0131 a\u015fk\u0131n bir zaman \u00f6nce yazd\u0131klar\u0131, g\u00fcn\u00fcm\u00fcz i\u00e7in ezber bozucudur. Bilinen d\u00fc\u015f\u00fcnme bi\u00e7imlerine<span class=\"excerpt-hellip\"> [\u2026]<\/span><\/p>\n","protected":false},"featured_media":0,"template":"","meta":{"_monsterinsights_skip_tracking":false,"_monsterinsights_sitenote_active":false,"_monsterinsights_sitenote_note":"","_monsterinsights_sitenote_category":0},"product_brand":[],"product_cat":[13043,14381],"product_tag":[],"class_list":{"0":"post-712549","1":"product","2":"type-product","3":"status-publish","5":"product_cat-ekonomi","6":"product_cat-isletme-muhasebe-maliye","7":"pa_cilt-ciltsiz","8":"pa_tur-kitap","9":"pa_yayinevi-heretik-yayincilik","10":"pa_yazar-bruno-latour-vincent-antonin","12":"first","13":"instock","14":"sale","15":"shipping-taxable","16":"purchasable","17":"product-type-simple"},"_links":{"self":[{"href":"https:\/\/roveyayinevi.com.tr\/index.php\/wp-json\/wp\/v2\/product\/712549","targetHints":{"allow":["GET"]}}],"collection":[{"href":"https:\/\/roveyayinevi.com.tr\/index.php\/wp-json\/wp\/v2\/product"}],"about":[{"href":"https:\/\/roveyayinevi.com.tr\/index.php\/wp-json\/wp\/v2\/types\/product"}],"wp:attachment":[{"href":"https:\/\/roveyayinevi.com.tr\/index.php\/wp-json\/wp\/v2\/media?parent=712549"}],"wp:term":[{"taxonomy":"product_brand","embeddable":true,"href":"https:\/\/roveyayinevi.com.tr\/index.php\/wp-json\/wp\/v2\/product_brand?post=712549"},{"taxonomy":"product_cat","embeddable":true,"href":"https:\/\/roveyayinevi.com.tr\/index.php\/wp-json\/wp\/v2\/product_cat?post=712549"},{"taxonomy":"product_tag","embeddable":true,"href":"https:\/\/roveyayinevi.com.tr\/index.php\/wp-json\/wp\/v2\/product_tag?post=712549"}],"curies":[{"name":"wp","href":"https:\/\/api.w.org\/{rel}","templated":true}]}}