{"id":712548,"date":"2025-08-27T16:57:15","date_gmt":"2025-08-27T13:57:15","guid":{"rendered":"https:\/\/roveyayinevi.com.tr\/index.php\/urun\/evlilikler-argostaki-kanopus-arsivleri-2\/"},"modified":"2026-04-16T02:21:02","modified_gmt":"2026-04-15T23:21:02","slug":"evlilikler-argostaki-kanopus-arsivleri-2","status":"publish","type":"product","link":"https:\/\/roveyayinevi.com.tr\/index.php\/urun\/evlilikler-argostaki-kanopus-arsivleri-2\/","title":{"rendered":"Evlilikler Argos&#8217;taki Kanopus Ar\u015fivleri 2"},"content":{"rendered":"<p>Evlilikler, 2007 Nobel Edebiyat \u00d6d\u00fcl\u00fc sahibi Doris Lessing&#8217;in, bilimkurgu, fantezi ve siyaseti harmanlayan politik bilimkurgu ba\u015fyap\u0131t\u0131 &#8220;Argos&#8217;taki Kanopus Ar\u015fivleri&#8221; dizisinin ikinci cildi. Lessing, ba\u011f\u0131ms\u0131z olarak da okunabilen bu kitab\u0131nda, anaerkil bir uygarl\u0131\u011f\u0131n krali\u00e7esiyle, ataerkil bir uygarl\u0131\u011f\u0131n kral\u0131n\u0131n evliliklerini merkezine ta\u015f\u0131yan bir \u00f6yk\u00fc anlat\u0131yor. Do\u011fu k\u00fclt\u00fcr\u00fcnden, \u00f6zellikle de Sufizmden yo\u011fun bi\u00e7imde etkilenen Evlilikler, farkl\u0131 y\u00f6netim bi\u00e7imleri, cinsiyet rolleri, kad\u0131n-erkek ili\u015fkileri gibi g\u00fcncelli\u011fini hi\u00e7 yitirmeyen sosyok\u00fclt\u00fcrel konular\u0131 sorguluyor.&#8221;Argos&#8217;taki Kanopus Ar\u015fivleri&#8221; dizisinin ikinci kitab\u0131 Evlilikler\u2019de anaerkil bir uygarl\u0131k olan 3. ku\u015fa\u011f\u0131n krali\u00e7esi Al-Ith ile ataerkil 4. ku\u015fa\u011f\u0131n yar\u0131 barbar kral\u0131 Ben Ata evleniyor. Bu evlilik, &#8220;Tedarik\u00e7iler&#8221; ad\u0131n\u0131 ta\u015f\u0131yan bir \u00fcst ak\u0131l taraf\u0131ndan zorla ger\u00e7ekle\u015ftiriliyor. Ancak, zaman i\u00e7inde, her iki ku\u015fak da bu evlilik sayesinde d\u00f6n\u00fc\u015f\u00fcme u\u011fruyor ve z\u0131tl\u0131klardan ilgin\u00e7 \u00e7at\u0131\u015fmalar ve s\u00fcrpriz \u00e7\u00f6z\u00fcmler do\u011fuyor. Di\u015fil ve eril kozmik g\u00fc\u00e7lerin m\u00fccadelesinden kim galip \u00e7\u0131kacak? Kral m\u0131, krali\u00e7e mi, yoksa bu evlili\u011fi ta en ba\u015f\u0131ndan beri planlayan Tedarik\u00e7iler mi?Doris Lessing&#8217;in kendine \u00f6zg\u00fc \u00fcslubunu konu\u015fturdu\u011fu bu kozmik roman\u0131, T\u00fcrk, Pers ve Arap toplumlar\u0131n\u0131 yans\u0131tan isimlere ve motiflere yer vererek, do\u011fu ve bat\u0131 k\u00fclt\u00fcrlerini politik bir bilimkurgu hik\u00e2yesinde bulu\u015fturuyor. <\/p>\n","protected":false},"excerpt":{"rendered":"<p>Evlilikler, 2007 Nobel Edebiyat \u00d6d\u00fcl\u00fc sahibi Doris Lessing&#8217;in, bilimkurgu, fantezi ve siyaseti harmanlayan politik bilimkurgu ba\u015fyap\u0131t\u0131 &#8220;Argos&#8217;taki Kanopus Ar\u015fivleri&#8221; dizisinin ikinci cildi. Lessing, ba\u011f\u0131ms\u0131z olarak da<span class=\"excerpt-hellip\"> [\u2026]<\/span><\/p>\n","protected":false},"featured_media":0,"template":"","meta":{"_monsterinsights_skip_tracking":false,"_monsterinsights_sitenote_active":false,"_monsterinsights_sitenote_note":"","_monsterinsights_sitenote_category":0},"product_brand":[],"product_cat":[12291,12711],"product_tag":[],"class_list":{"0":"post-712548","1":"product","2":"type-product","3":"status-publish","5":"product_cat-edebiyat","6":"product_cat-roman-oyku","7":"pa_cilt-ciltsiz","8":"pa_tur-kitap","9":"pa_yayinevi-delidolu","10":"pa_yazar-doris-lessing","12":"first","13":"instock","14":"sale","15":"shipping-taxable","16":"purchasable","17":"product-type-simple"},"_links":{"self":[{"href":"https:\/\/roveyayinevi.com.tr\/index.php\/wp-json\/wp\/v2\/product\/712548","targetHints":{"allow":["GET"]}}],"collection":[{"href":"https:\/\/roveyayinevi.com.tr\/index.php\/wp-json\/wp\/v2\/product"}],"about":[{"href":"https:\/\/roveyayinevi.com.tr\/index.php\/wp-json\/wp\/v2\/types\/product"}],"wp:attachment":[{"href":"https:\/\/roveyayinevi.com.tr\/index.php\/wp-json\/wp\/v2\/media?parent=712548"}],"wp:term":[{"taxonomy":"product_brand","embeddable":true,"href":"https:\/\/roveyayinevi.com.tr\/index.php\/wp-json\/wp\/v2\/product_brand?post=712548"},{"taxonomy":"product_cat","embeddable":true,"href":"https:\/\/roveyayinevi.com.tr\/index.php\/wp-json\/wp\/v2\/product_cat?post=712548"},{"taxonomy":"product_tag","embeddable":true,"href":"https:\/\/roveyayinevi.com.tr\/index.php\/wp-json\/wp\/v2\/product_tag?post=712548"}],"curies":[{"name":"wp","href":"https:\/\/api.w.org\/{rel}","templated":true}]}}