{"id":712547,"date":"2025-08-27T16:57:15","date_gmt":"2025-08-27T13:57:15","guid":{"rendered":"https:\/\/roveyayinevi.com.tr\/index.php\/urun\/cizgilerle-klasikler-dizisi-fareli-koyun-kavalcisi\/"},"modified":"2025-12-30T10:12:13","modified_gmt":"2025-12-30T07:12:13","slug":"cizgilerle-klasikler-dizisi-fareli-koyun-kavalcisi","status":"publish","type":"product","link":"https:\/\/roveyayinevi.com.tr\/index.php\/urun\/cizgilerle-klasikler-dizisi-fareli-koyun-kavalcisi\/","title":{"rendered":"\u00c7izgilerle Klasikler Dizisi &#8211; Fareli K\u00f6y\u00fcn Kavalc\u0131s\u0131"},"content":{"rendered":"<p>Hamelin halk\u0131n\u0131n ba\u015f\u0131 farelerle belada. Acaba Fareli K\u00f6y\u00fcn Kavalc\u0131s\u0131 onlara yard\u0131m teklif etti\u011finde neler olacak? <\/p>\n","protected":false},"excerpt":{"rendered":"<p>Hamelin halk\u0131n\u0131n ba\u015f\u0131 farelerle belada. Acaba Fareli K\u00f6y\u00fcn Kavalc\u0131s\u0131 onlara yard\u0131m teklif etti\u011finde neler olacak?<\/p>\n","protected":false},"featured_media":0,"template":"","meta":{"_monsterinsights_skip_tracking":false,"_monsterinsights_sitenote_active":false,"_monsterinsights_sitenote_note":"","_monsterinsights_sitenote_category":0},"product_brand":[],"product_cat":[12291,13872],"product_tag":[],"class_list":{"0":"post-712547","1":"product","2":"type-product","3":"status-publish","5":"product_cat-edebiyat","6":"product_cat-klasikler","7":"pa_cilt-ciltsiz","8":"pa_tur-kitap","9":"pa_yayinevi-is-bankasi-kultur-yayinlari","10":"pa_yazar-robert-browning","12":"first","13":"instock","14":"sale","15":"shipping-taxable","16":"purchasable","17":"product-type-simple"},"_links":{"self":[{"href":"https:\/\/roveyayinevi.com.tr\/index.php\/wp-json\/wp\/v2\/product\/712547","targetHints":{"allow":["GET"]}}],"collection":[{"href":"https:\/\/roveyayinevi.com.tr\/index.php\/wp-json\/wp\/v2\/product"}],"about":[{"href":"https:\/\/roveyayinevi.com.tr\/index.php\/wp-json\/wp\/v2\/types\/product"}],"wp:attachment":[{"href":"https:\/\/roveyayinevi.com.tr\/index.php\/wp-json\/wp\/v2\/media?parent=712547"}],"wp:term":[{"taxonomy":"product_brand","embeddable":true,"href":"https:\/\/roveyayinevi.com.tr\/index.php\/wp-json\/wp\/v2\/product_brand?post=712547"},{"taxonomy":"product_cat","embeddable":true,"href":"https:\/\/roveyayinevi.com.tr\/index.php\/wp-json\/wp\/v2\/product_cat?post=712547"},{"taxonomy":"product_tag","embeddable":true,"href":"https:\/\/roveyayinevi.com.tr\/index.php\/wp-json\/wp\/v2\/product_tag?post=712547"}],"curies":[{"name":"wp","href":"https:\/\/api.w.org\/{rel}","templated":true}]}}