{"id":712546,"date":"2025-08-27T16:57:14","date_gmt":"2025-08-27T13:57:14","guid":{"rendered":"https:\/\/roveyayinevi.com.tr\/index.php\/urun\/cizgilerle-klasikler-dizisi-define-adasi\/"},"modified":"2026-01-26T02:34:36","modified_gmt":"2026-01-25T23:34:36","slug":"cizgilerle-klasikler-dizisi-define-adasi","status":"publish","type":"product","link":"https:\/\/roveyayinevi.com.tr\/index.php\/urun\/cizgilerle-klasikler-dizisi-define-adasi\/","title":{"rendered":"\u00c7izgilerle Klasikler Dizisi &#8211; Define Adas\u0131"},"content":{"rendered":"<p>Jim bir define haritas\u0131 ke\u015ffetti ve kendini birdenbire hayat\u0131n\u0131n maceras\u0131na do\u011fru yelken a\u00e7arken buldu. Fakat gemideki tayfalar\u0131n hepsi g\u00f6r\u00fcnd\u00fc\u011f\u00fc gibi d\u00fcr\u00fcst m\u00fcyd\u00fc?  Acaba Define Adas\u0131\u2019nda ba\u015fka nelerle kar\u015f\u0131la\u015facaklard\u0131? <\/p>\n","protected":false},"excerpt":{"rendered":"<p>Jim bir define haritas\u0131 ke\u015ffetti ve kendini birdenbire hayat\u0131n\u0131n maceras\u0131na do\u011fru yelken a\u00e7arken buldu. Fakat gemideki tayfalar\u0131n hepsi g\u00f6r\u00fcnd\u00fc\u011f\u00fc gibi d\u00fcr\u00fcst m\u00fcyd\u00fc? Acaba Define Adas\u0131\u2019nda ba\u015fka<span class=\"excerpt-hellip\"> [\u2026]<\/span><\/p>\n","protected":false},"featured_media":0,"template":"","meta":{"_monsterinsights_skip_tracking":false,"_monsterinsights_sitenote_active":false,"_monsterinsights_sitenote_note":"","_monsterinsights_sitenote_category":0},"product_brand":[],"product_cat":[12291,13872],"product_tag":[],"class_list":{"0":"post-712546","1":"product","2":"type-product","3":"status-publish","5":"product_cat-edebiyat","6":"product_cat-klasikler","7":"pa_cilt-ciltsiz","8":"pa_tur-kitap","9":"pa_yayinevi-is-bankasi-kultur-yayinlari","10":"pa_yazar-robert-louis-stevenson","12":"first","13":"instock","14":"sale","15":"shipping-taxable","16":"purchasable","17":"product-type-simple"},"_links":{"self":[{"href":"https:\/\/roveyayinevi.com.tr\/index.php\/wp-json\/wp\/v2\/product\/712546","targetHints":{"allow":["GET"]}}],"collection":[{"href":"https:\/\/roveyayinevi.com.tr\/index.php\/wp-json\/wp\/v2\/product"}],"about":[{"href":"https:\/\/roveyayinevi.com.tr\/index.php\/wp-json\/wp\/v2\/types\/product"}],"wp:attachment":[{"href":"https:\/\/roveyayinevi.com.tr\/index.php\/wp-json\/wp\/v2\/media?parent=712546"}],"wp:term":[{"taxonomy":"product_brand","embeddable":true,"href":"https:\/\/roveyayinevi.com.tr\/index.php\/wp-json\/wp\/v2\/product_brand?post=712546"},{"taxonomy":"product_cat","embeddable":true,"href":"https:\/\/roveyayinevi.com.tr\/index.php\/wp-json\/wp\/v2\/product_cat?post=712546"},{"taxonomy":"product_tag","embeddable":true,"href":"https:\/\/roveyayinevi.com.tr\/index.php\/wp-json\/wp\/v2\/product_tag?post=712546"}],"curies":[{"name":"wp","href":"https:\/\/api.w.org\/{rel}","templated":true}]}}