{"id":712545,"date":"2025-08-27T16:57:13","date_gmt":"2025-08-27T13:57:13","guid":{"rendered":"https:\/\/roveyayinevi.com.tr\/index.php\/urun\/cizgilerle-klasikler-dizisi-alice-harikalar-diyarinda\/"},"modified":"2025-11-20T04:35:24","modified_gmt":"2025-11-20T01:35:24","slug":"cizgilerle-klasikler-dizisi-alice-harikalar-diyarinda","status":"publish","type":"product","link":"https:\/\/roveyayinevi.com.tr\/index.php\/urun\/cizgilerle-klasikler-dizisi-alice-harikalar-diyarinda\/","title":{"rendered":"\u00c7izgilerle Klasikler Dizisi &#8211; Alice Harikalar Diyar\u0131nda"},"content":{"rendered":"<p>Bir a\u011fac\u0131n alt\u0131nda dinlenen Alice, tuhaf bir beyaz tav\u015fan g\u00f6rd\u00fc ve onu takip etmeye karar verdi. Kendini birdenbire, hi\u00e7bir \u015feyin mant\u0131kl\u0131 olmad\u0131\u011f\u0131, muhte\u015fem Harikalar Diyar\u0131\u2019nda buldu. Acaba Alice, ba\u015f\u0131n\u0131 koruyabilecek ve evine geri d\u00f6nebilecek mi? <\/p>\n","protected":false},"excerpt":{"rendered":"<p>Bir a\u011fac\u0131n alt\u0131nda dinlenen Alice, tuhaf bir beyaz tav\u015fan g\u00f6rd\u00fc ve onu takip etmeye karar verdi. Kendini birdenbire, hi\u00e7bir \u015feyin mant\u0131kl\u0131 olmad\u0131\u011f\u0131, muhte\u015fem Harikalar Diyar\u0131\u2019nda buldu.<span class=\"excerpt-hellip\"> [\u2026]<\/span><\/p>\n","protected":false},"featured_media":0,"template":"","meta":{"_monsterinsights_skip_tracking":false,"_monsterinsights_sitenote_active":false,"_monsterinsights_sitenote_note":"","_monsterinsights_sitenote_category":0},"product_brand":[],"product_cat":[12291,13872],"product_tag":[],"class_list":{"0":"post-712545","1":"product","2":"type-product","3":"status-publish","5":"product_cat-edebiyat","6":"product_cat-klasikler","7":"pa_cilt-ciltsiz","8":"pa_tur-kitap","9":"pa_yayinevi-is-bankasi-kultur-yayinlari","10":"pa_yazar-lewis-carroll","12":"first","13":"instock","14":"sale","15":"shipping-taxable","16":"purchasable","17":"product-type-simple"},"_links":{"self":[{"href":"https:\/\/roveyayinevi.com.tr\/index.php\/wp-json\/wp\/v2\/product\/712545","targetHints":{"allow":["GET"]}}],"collection":[{"href":"https:\/\/roveyayinevi.com.tr\/index.php\/wp-json\/wp\/v2\/product"}],"about":[{"href":"https:\/\/roveyayinevi.com.tr\/index.php\/wp-json\/wp\/v2\/types\/product"}],"wp:attachment":[{"href":"https:\/\/roveyayinevi.com.tr\/index.php\/wp-json\/wp\/v2\/media?parent=712545"}],"wp:term":[{"taxonomy":"product_brand","embeddable":true,"href":"https:\/\/roveyayinevi.com.tr\/index.php\/wp-json\/wp\/v2\/product_brand?post=712545"},{"taxonomy":"product_cat","embeddable":true,"href":"https:\/\/roveyayinevi.com.tr\/index.php\/wp-json\/wp\/v2\/product_cat?post=712545"},{"taxonomy":"product_tag","embeddable":true,"href":"https:\/\/roveyayinevi.com.tr\/index.php\/wp-json\/wp\/v2\/product_tag?post=712545"}],"curies":[{"name":"wp","href":"https:\/\/api.w.org\/{rel}","templated":true}]}}