{"id":712544,"date":"2025-08-27T16:57:13","date_gmt":"2025-08-27T13:57:13","guid":{"rendered":"https:\/\/roveyayinevi.com.tr\/index.php\/urun\/cizgilerle-klasikler-dizisi-gizli-bahce\/"},"modified":"2026-04-16T02:21:02","modified_gmt":"2026-04-15T23:21:02","slug":"cizgilerle-klasikler-dizisi-gizli-bahce","status":"publish","type":"product","link":"https:\/\/roveyayinevi.com.tr\/index.php\/urun\/cizgilerle-klasikler-dizisi-gizli-bahce\/","title":{"rendered":"\u00c7izgilerle Klasikler Dizisi &#8211; Gizli Bah\u00e7e"},"content":{"rendered":"<p>Mary, amcas\u0131n\u0131n yan\u0131na ta\u015f\u0131nd\u0131ktan sonra gizli, kilitli bir bah\u00e7e ke\u015ffetti. Acaba bah\u00e7eye girebilecek miydi? Ya\u015fad\u0131\u011f\u0131 malik\u00e2nenin ba\u015fka s\u0131rlar\u0131 da var m\u0131yd\u0131? <\/p>\n","protected":false},"excerpt":{"rendered":"<p>Mary, amcas\u0131n\u0131n yan\u0131na ta\u015f\u0131nd\u0131ktan sonra gizli, kilitli bir bah\u00e7e ke\u015ffetti. Acaba bah\u00e7eye girebilecek miydi? Ya\u015fad\u0131\u011f\u0131 malik\u00e2nenin ba\u015fka s\u0131rlar\u0131 da var m\u0131yd\u0131?<\/p>\n","protected":false},"featured_media":0,"template":"","meta":{"_monsterinsights_skip_tracking":false,"_monsterinsights_sitenote_active":false,"_monsterinsights_sitenote_note":"","_monsterinsights_sitenote_category":0},"product_brand":[],"product_cat":[12291,13872],"product_tag":[],"class_list":{"0":"post-712544","1":"product","2":"type-product","3":"status-publish","5":"product_cat-edebiyat","6":"product_cat-klasikler","7":"pa_cilt-ciltsiz","8":"pa_tur-kitap","9":"pa_yayinevi-is-bankasi-kultur-yayinlari","10":"pa_yazar-frances-hodgson-burnett","12":"first","13":"instock","14":"sale","15":"shipping-taxable","16":"purchasable","17":"product-type-simple"},"_links":{"self":[{"href":"https:\/\/roveyayinevi.com.tr\/index.php\/wp-json\/wp\/v2\/product\/712544","targetHints":{"allow":["GET"]}}],"collection":[{"href":"https:\/\/roveyayinevi.com.tr\/index.php\/wp-json\/wp\/v2\/product"}],"about":[{"href":"https:\/\/roveyayinevi.com.tr\/index.php\/wp-json\/wp\/v2\/types\/product"}],"wp:attachment":[{"href":"https:\/\/roveyayinevi.com.tr\/index.php\/wp-json\/wp\/v2\/media?parent=712544"}],"wp:term":[{"taxonomy":"product_brand","embeddable":true,"href":"https:\/\/roveyayinevi.com.tr\/index.php\/wp-json\/wp\/v2\/product_brand?post=712544"},{"taxonomy":"product_cat","embeddable":true,"href":"https:\/\/roveyayinevi.com.tr\/index.php\/wp-json\/wp\/v2\/product_cat?post=712544"},{"taxonomy":"product_tag","embeddable":true,"href":"https:\/\/roveyayinevi.com.tr\/index.php\/wp-json\/wp\/v2\/product_tag?post=712544"}],"curies":[{"name":"wp","href":"https:\/\/api.w.org\/{rel}","templated":true}]}}