{"id":712542,"date":"2025-08-27T16:57:11","date_gmt":"2025-08-27T13:57:11","guid":{"rendered":"https:\/\/roveyayinevi.com.tr\/index.php\/urun\/cizgilerle-klasikler-dizisi-oliver-twist\/"},"modified":"2025-11-20T04:35:23","modified_gmt":"2025-11-20T01:35:23","slug":"cizgilerle-klasikler-dizisi-oliver-twist","status":"publish","type":"product","link":"https:\/\/roveyayinevi.com.tr\/index.php\/urun\/cizgilerle-klasikler-dizisi-oliver-twist\/","title":{"rendered":"\u00c7izgilerle Klasikler Dizisi &#8211; Oliver Twist"},"content":{"rendered":"<p>Victoria D\u00f6nemi \u0130ngiltere\u2019si, Oliver gibi \u00f6ks\u00fczler i\u00e7in ho\u015f bir yer de\u011fildi. \u00c7al\u0131\u015fmaya zorland\u0131\u011f\u0131 cenazeciden ka\u00e7t\u0131ktan sonra Oliver, Londra\u2019da \u015fans\u0131n\u0131n a\u00e7\u0131laca\u011f\u0131n\u0131 umut eder. Ancak Kurnaz Dodger\u2019la tan\u0131\u015f\u0131r ve b\u00fcy\u00fck \u015fehirde ya\u015fam\u0131n ger\u00e7ekten \u00e7ok tehlikeli olabilece\u011fini \u00f6\u011frenir. Acaba Oliver kendisini i\u00e7inde buldu\u011fu bu karanl\u0131k d\u00fcnyadan ka\u00e7abilecek mi? \ufffcTan\u0131t\u0131m Metni<\/p>\n","protected":false},"excerpt":{"rendered":"<p>Victoria D\u00f6nemi \u0130ngiltere\u2019si, Oliver gibi \u00f6ks\u00fczler i\u00e7in ho\u015f bir yer de\u011fildi. \u00c7al\u0131\u015fmaya zorland\u0131\u011f\u0131 cenazeciden ka\u00e7t\u0131ktan sonra Oliver, Londra\u2019da \u015fans\u0131n\u0131n a\u00e7\u0131laca\u011f\u0131n\u0131 umut eder. Ancak Kurnaz Dodger\u2019la tan\u0131\u015f\u0131r<span class=\"excerpt-hellip\"> [\u2026]<\/span><\/p>\n","protected":false},"featured_media":0,"template":"","meta":{"_monsterinsights_skip_tracking":false,"_monsterinsights_sitenote_active":false,"_monsterinsights_sitenote_note":"","_monsterinsights_sitenote_category":0},"product_brand":[],"product_cat":[12291,13872],"product_tag":[],"class_list":{"0":"post-712542","1":"product","2":"type-product","3":"status-publish","5":"product_cat-edebiyat","6":"product_cat-klasikler","7":"pa_cilt-ciltsiz","8":"pa_tur-kitap","9":"pa_yayinevi-is-bankasi-kultur-yayinlari","10":"pa_yazar-charles-dickens","12":"first","13":"instock","14":"sale","15":"shipping-taxable","16":"purchasable","17":"product-type-simple"},"_links":{"self":[{"href":"https:\/\/roveyayinevi.com.tr\/index.php\/wp-json\/wp\/v2\/product\/712542","targetHints":{"allow":["GET"]}}],"collection":[{"href":"https:\/\/roveyayinevi.com.tr\/index.php\/wp-json\/wp\/v2\/product"}],"about":[{"href":"https:\/\/roveyayinevi.com.tr\/index.php\/wp-json\/wp\/v2\/types\/product"}],"wp:attachment":[{"href":"https:\/\/roveyayinevi.com.tr\/index.php\/wp-json\/wp\/v2\/media?parent=712542"}],"wp:term":[{"taxonomy":"product_brand","embeddable":true,"href":"https:\/\/roveyayinevi.com.tr\/index.php\/wp-json\/wp\/v2\/product_brand?post=712542"},{"taxonomy":"product_cat","embeddable":true,"href":"https:\/\/roveyayinevi.com.tr\/index.php\/wp-json\/wp\/v2\/product_cat?post=712542"},{"taxonomy":"product_tag","embeddable":true,"href":"https:\/\/roveyayinevi.com.tr\/index.php\/wp-json\/wp\/v2\/product_tag?post=712542"}],"curies":[{"name":"wp","href":"https:\/\/api.w.org\/{rel}","templated":true}]}}